{"id":36007,"date":"2026-02-27T00:32:34","date_gmt":"2026-02-27T00:32:34","guid":{"rendered":"https:\/\/nordicmart.andreevmaster.com\/product\/masterkidz-montessori-oppimistaulu-uusiutuva-ja-uusiutumaton-energia\/"},"modified":"2026-02-27T09:50:43","modified_gmt":"2026-02-27T09:50:43","slug":"masterkidz-montessori-oppimistaulu-uusiutuva-ja-uusiutumaton-energia","status":"publish","type":"product","link":"https:\/\/nordicmart.andreevmaster.com\/fi\/tuote\/masterkidz-montessori-oppimistaulu-uusiutuva-ja-uusiutumaton-energia\/","title":{"rendered":"MASTERKIDZ Montessori-oppimistaulu Uusiutuva ja uusiutumaton energia"},"content":{"rendered":"<p>Masterkidz-koulutuslevyt auttavat lapsia kehitt\u00e4m\u00e4\u00e4n monia taitoja samanaikaisesti. Jokainen levy opettaa lapsille erilaisia mielenkiintoisia aiheita, kuten miten toimia yhteiskunnassa, ja auttaa heit\u00e4 oppimaan ymp\u00e4r\u00f6iv\u00e4st\u00e4 maailmasta. Levyj\u00e4 voi olla useita, ja ne on helppo vaihtaa. Erityiset kehykset pit\u00e4v\u00e4t levyn t\u00e4ydellisesti sein\u00e4ll\u00e4.Ominaisuudet:<\/p>\n<p>* &#8211; Voit hankkia useita tauluja ja vaihtaa niit\u00e4 helposti, ja erityiset kehykset pit\u00e4v\u00e4t taulun t\u00e4ydellisesti sein\u00e4ll\u00e4.<br \/>\n* &#8211; Taulua voidaan k\u00e4ytt\u00e4\u00e4 my\u00f6s ilman kehyksi\u00e4, esimerkiksi p\u00f6yd\u00e4ll\u00e4 tai lattialla<br \/>\n* &#8211; Lasten tulisi oppia uusiutuvasta energiasta, joka voi parantaa heid\u00e4n el\u00e4m\u00e4\u00e4ns\u00e4 tulevaisuudessa.* &#8211; Taulu on jaettu kahteen osaan. * &#8211; Taulun vasemmalla puolella on onneton maapallo, jossa kulutetaan hiilt\u00e4, polttoaineita, radioaktiivista energiaa ja muita uusiutumattomia luonnonvaroja.* &#8211; Taulun oikealla puolella on onnellinen maapallo, jossa ihmiset k\u00e4ytt\u00e4v\u00e4t vain uusiutuvaa energiaa, kuten tuuli-, vesi- ja aurinkoenergiaa. * &#8211; Uusiutumaton energia &#8211; t\u00e4ll\u00e4 hetkell\u00e4 suurin osa maailman energiasta tulee fossiilisista polttoaineista, joita k\u00e4yt\u00e4mme p\u00e4\u00e4asiassa s\u00e4hk\u00f6n, l\u00e4mm\u00f6n ja liikenteen tuottamiseen. Fossiiliset polttoaineet ovat raaka-aineita kaasun, bensiinin, dieselin, kivihiilen ja \u00f6ljyn tuotannolle. Fossiilisten polttoaineiden louhinta ja kulutus aiheuttavat paljon energiaa ja saastetta<br \/>\n* &#8211; Uusiutuva energia &#8211; erilaisia uusiutuvia energial\u00e4hteit\u00e4 tutkitaan ilmastonmuutoksen vaikutusten ja kehityksen torjumiseksi. N\u00e4it\u00e4 ovat aurinkoenergia, tuulienergia, vesivoima, biomassa ja muut uudet l\u00e4hteet. N\u00e4m\u00e4 ovat energial\u00e4hteit\u00e4, joita voidaan k\u00e4ytt\u00e4\u00e4 kuluttamatta resursseja \u2013 riippumatta siit\u00e4, kuinka paljon energiaa muunnamme auringosta, sen k\u00e4ytt\u00f6 ei vaikuta sen muotoon<br \/>\n* &#8211; valoefektej\u00e4 k\u00e4ytet\u00e4\u00e4n osoittamaan, kuinka talon valo sytytet\u00e4\u00e4n<br \/>\n* &#8211; k\u00e4sik\u00e4ytt\u00f6inen vesivoimageneraattori auttaa lapsia visualisoimaan, kuinka virtaava vesi tuottaa energiaa<br \/>\n* &#8211; toiminta vaatii paristoja<\/p>\n<p>Lelu kehitt\u00e4\u00e4:<\/p>\n<p>* &#8211; motorisia taitoja<br \/>\n* &#8211; aistitaitoja<br \/>\n* &#8211; k\u00e4si-silm\u00e4-koordinaatiota<br \/>\n* &#8211; mielikuvitusta<br \/>\n* &#8211; keskittymiskyky\u00e4<br \/>\n* &#8211; uteliaisuutta<\/p>\n","protected":false},"excerpt":{"rendered":"<p>Masterkidz-koulutuslevyt auttavat lapsia kehitt\u00e4m\u00e4\u00e4n monia taitoja samanaikaisesti. Jokainen levy opettaa lapsille erilaisia mielenkiintoisia aiheita, kuten miten toimia yhteiskunnassa, ja auttaa heit\u00e4 oppimaan ymp\u00e4r\u00f6iv\u00e4st\u00e4 maailmasta. Levyj\u00e4 voi olla useita, ja ne on helppo vaihtaa. Erityiset kehykset pit\u00e4v\u00e4t levyn t\u00e4ydellisesti sein\u00e4ll\u00e4.Ominaisuudet: * &#8211; Voit hankkia useita tauluja ja vaihtaa niit\u00e4 helposti, ja erityiset kehykset pit\u00e4v\u00e4t taulun t\u00e4ydellisesti [&hellip;]<\/p>\n","protected":false},"featured_media":0,"comment_status":"open","ping_status":"closed","template":"","meta":[],"product_brand":[],"product_cat":[32],"product_tag":[],"class_list":{"0":"post-36007","1":"product","2":"type-product","3":"status-publish","5":"product_cat-uncategorized-fi","7":"first","8":"instock","9":"shipping-taxable","10":"purchasable","11":"product-type-simple"},"_links":{"self":[{"href":"https:\/\/nordicmart.andreevmaster.com\/fi\/wp-json\/wp\/v2\/product\/36007","targetHints":{"allow":["GET"]}}],"collection":[{"href":"https:\/\/nordicmart.andreevmaster.com\/fi\/wp-json\/wp\/v2\/product"}],"about":[{"href":"https:\/\/nordicmart.andreevmaster.com\/fi\/wp-json\/wp\/v2\/types\/product"}],"replies":[{"embeddable":true,"href":"https:\/\/nordicmart.andreevmaster.com\/fi\/wp-json\/wp\/v2\/comments?post=36007"}],"wp:attachment":[{"href":"https:\/\/nordicmart.andreevmaster.com\/fi\/wp-json\/wp\/v2\/media?parent=36007"}],"wp:term":[{"taxonomy":"product_brand","embeddable":true,"href":"https:\/\/nordicmart.andreevmaster.com\/fi\/wp-json\/wp\/v2\/product_brand?post=36007"},{"taxonomy":"product_cat","embeddable":true,"href":"https:\/\/nordicmart.andreevmaster.com\/fi\/wp-json\/wp\/v2\/product_cat?post=36007"},{"taxonomy":"product_tag","embeddable":true,"href":"https:\/\/nordicmart.andreevmaster.com\/fi\/wp-json\/wp\/v2\/product_tag?post=36007"}],"curies":[{"name":"wp","href":"https:\/\/api.w.org\/{rel}","templated":true}]}}