{"id":36005,"date":"2026-02-27T00:32:33","date_gmt":"2026-02-27T00:32:33","guid":{"rendered":"https:\/\/nordicmart.andreevmaster.com\/product\/masterkidz-seinapaneeli-luova-stem-tiedetaulu-ulkotaulu-asennuspaneeli-80-x-80-cm\/"},"modified":"2026-02-27T09:50:43","modified_gmt":"2026-02-27T09:50:43","slug":"masterkidz-seinapaneeli-luova-stem-tiedetaulu-ulkotaulu-asennuspaneeli-80-x-80-cm","status":"publish","type":"product","link":"https:\/\/nordicmart.andreevmaster.com\/fi\/tuote\/masterkidz-seinapaneeli-luova-stem-tiedetaulu-ulkotaulu-asennuspaneeli-80-x-80-cm\/","title":{"rendered":"MASTERKIDZ Sein\u00e4paneeli Luova STEM-tiedetaulu Ulkotaulu + Asennuspaneeli 80 x 80 (cm)"},"content":{"rendered":"<p>Masterkidz STEM -koulutuslevy muuttaa mink\u00e4 tahansa tilan kiehtovaksi tiede- ja luovuuden maailmaksi lapsille. T\u00e4m\u00e4 ainutlaatuinen, s\u00e4\u00e4nkest\u00e4v\u00e4 80 x 80 cm:n levy avaa ovet loputtomiin koulutusmahdollisuuksiin ja yhdist\u00e4\u00e4 hauskanpidon oppimiseen tavalla, joka ilahduttaa nuoria tutkimusmatkailijoita ja tarjoaa heille tunteja rakentavaa viihdett\u00e4. STEM-taulu on erinomainen oppimisty\u00f6kalu, jonka avulla lapset voivat tutustua tieteen ja taiteen maailmaan interaktiivisen leikin kautta monien yhteensopivien lis\u00e4varusteiden avulla, jotka vaihtelevat kauniiden kuvien luomiseen tarkoitetuista v\u00e4rikk\u00e4ist\u00e4 tappeista monimutkaisten mekanismien rakentamiseen tarkoitettuihin hammaspy\u00f6r\u00e4j\u00e4rjestelmiin.VERSIO KIINNITYSPANEELILLA T\u00e4ss\u00e4 vaihtoehdossa on kiinnityspaneeli, jonka avulla taulu on helppo kiinnitt\u00e4\u00e4 mihin tahansa pintaan. Lis\u00e4ksi paneeli mahdollistaa STEM-paneelien helpon ja nopean vaihdon, jolloin voit luoda lukemattomia taulukon kokoonpanoja.Ominaisuudet:<\/p>\n<p>* &#8211; Moduulij\u00e4rjestelm\u00e4, joka on yhteensopiva STEM-lis\u00e4varusteiden kanssa<br \/>\n* &#8211; Valmistettu turvallisista ja kest\u00e4vist\u00e4 materiaaleista<br \/>\n* &#8211; S\u00e4\u00e4nkest\u00e4v\u00e4<br \/>\n* &#8211; Erinomainen pohja mekaniikan, hydrauliikan ja taiteen kokeille<br \/>\n* &#8211; Helppo koota<\/p>\n<p>Yhteensopiva STEM-j\u00e4rjestelmien kanssa (myyd\u00e4\u00e4n erikseen):<\/p>\n<p>* &#8211; V\u00e4rilliset tapit ME12746 ME14450 ME21113 ME21137 ME21120 ME21144<br \/>\n* &#8211; V\u00e4rilliset kiteet ME13989<br \/>\n* &#8211; V\u00e4rilliset narut tapien yhdist\u00e4miseen ME14467<br \/>\n* &#8211; V\u00e4rilliset ruuvit ME20963 ME29911<br \/>\n* &#8211; Rakennuspalikat ME29027 ME29010 ME29089<br \/>\n* &#8211; Geometriset muodot ME14696 ME14702 ME14818 ME14825 ME31181<br \/>\n* &#8211; Hammaspy\u00f6r\u00e4t ja ketjut ME13460 ME24343 ME31204<br \/>\n* &#8211; Pallo- ja vesirata ME14788 ME14870 ME14665 ME15143 ME25043<br \/>\n* &#8211; Pumppusetti putkij\u00e4rjestelmien rakentamiseen ME13149<br \/>\n* &#8211; Kirjain- ja numerosarja ME30412 ME30429<br \/>\n* &#8211; S\u00e4ili\u00f6t ja tarvikkeet ME12845 ME16560 ME14672<\/p>\n<p>&#8211; V\u00e4rilliset tapit ME12746 ME14450 ME21113 ME21137 ME21120 ME21144<\/p>\n<p>&#8211; V\u00e4rilliset kristallit ME13989<\/p>\n<p>&#8211; V\u00e4rikk\u00e4\u00e4t narut tappien yhdist\u00e4miseen ME14467<\/p>\n<p>&#8211; V\u00e4rikk\u00e4\u00e4t ruuvit ME20963 ME29911<\/p>\n<p>&#8211; Rakennuspalikat ME29027 ME29010 ME29089<\/p>\n<p>&#8211; Geometriset muodot ME14696 ME14702 ME14818 ME14825 ME31181<\/p>\n<p>&#8211; Hammaspy\u00f6r\u00e4t ja ketjut ME13460 ME24343 ME31204<\/p>\n<p>&#8211; Pallo- ja vesirata ME14788 ME14870 ME14665 ME15143 ME25043<\/p>\n<p>&#8211; Pumppusetti putkij\u00e4rjestelmien rakentamiseen ME13149<\/p>\n<p>&#8211; Kirjain- ja numerosarja ME30412 ME30429<\/p>\n<p>&#8211; S\u00e4ili\u00f6t ja tarvikkeet ME12845 ME16560 ME14672<\/p>\n","protected":false},"excerpt":{"rendered":"<p>Masterkidz STEM -koulutuslevy muuttaa mink\u00e4 tahansa tilan kiehtovaksi tiede- ja luovuuden maailmaksi lapsille. T\u00e4m\u00e4 ainutlaatuinen, s\u00e4\u00e4nkest\u00e4v\u00e4 80 x 80 cm:n levy avaa ovet loputtomiin koulutusmahdollisuuksiin ja yhdist\u00e4\u00e4 hauskanpidon oppimiseen tavalla, joka ilahduttaa nuoria tutkimusmatkailijoita ja tarjoaa heille tunteja rakentavaa viihdett\u00e4. STEM-taulu on erinomainen oppimisty\u00f6kalu, jonka avulla lapset voivat tutustua tieteen ja taiteen maailmaan interaktiivisen leikin [&hellip;]<\/p>\n","protected":false},"featured_media":0,"comment_status":"open","ping_status":"closed","template":"","meta":[],"product_brand":[],"product_cat":[32],"product_tag":[],"class_list":{"0":"post-36005","1":"product","2":"type-product","3":"status-publish","5":"product_cat-uncategorized-fi","7":"first","8":"instock","9":"shipping-taxable","10":"purchasable","11":"product-type-simple"},"_links":{"self":[{"href":"https:\/\/nordicmart.andreevmaster.com\/fi\/wp-json\/wp\/v2\/product\/36005","targetHints":{"allow":["GET"]}}],"collection":[{"href":"https:\/\/nordicmart.andreevmaster.com\/fi\/wp-json\/wp\/v2\/product"}],"about":[{"href":"https:\/\/nordicmart.andreevmaster.com\/fi\/wp-json\/wp\/v2\/types\/product"}],"replies":[{"embeddable":true,"href":"https:\/\/nordicmart.andreevmaster.com\/fi\/wp-json\/wp\/v2\/comments?post=36005"}],"wp:attachment":[{"href":"https:\/\/nordicmart.andreevmaster.com\/fi\/wp-json\/wp\/v2\/media?parent=36005"}],"wp:term":[{"taxonomy":"product_brand","embeddable":true,"href":"https:\/\/nordicmart.andreevmaster.com\/fi\/wp-json\/wp\/v2\/product_brand?post=36005"},{"taxonomy":"product_cat","embeddable":true,"href":"https:\/\/nordicmart.andreevmaster.com\/fi\/wp-json\/wp\/v2\/product_cat?post=36005"},{"taxonomy":"product_tag","embeddable":true,"href":"https:\/\/nordicmart.andreevmaster.com\/fi\/wp-json\/wp\/v2\/product_tag?post=36005"}],"curies":[{"name":"wp","href":"https:\/\/api.w.org\/{rel}","templated":true}]}}