{"id":36004,"date":"2026-02-27T00:32:33","date_gmt":"2026-02-27T00:32:33","guid":{"rendered":"https:\/\/nordicmart.andreevmaster.com\/product\/masterkidz-seinapaneeli-luova-stem-tiedetaulu-ulkoseinataulu-2-kpl\/"},"modified":"2026-02-27T09:50:43","modified_gmt":"2026-02-27T09:50:43","slug":"masterkidz-seinapaneeli-luova-stem-tiedetaulu-ulkoseinataulu-2-kpl","status":"publish","type":"product","link":"https:\/\/nordicmart.andreevmaster.com\/fi\/tuote\/masterkidz-seinapaneeli-luova-stem-tiedetaulu-ulkoseinataulu-2-kpl\/","title":{"rendered":"MASTERKIDZ Sein\u00e4paneeli Luova STEM-tiedetaulu Ulkosein\u00e4taulu 2 kpl"},"content":{"rendered":"<p>Masterkidz Educational STEM -sein\u00e4taulu mahdollistaa luovan leikin ja oppimisen tieteen maailmasta. Leveiss\u00e4 paneeleissa, joiden koko on 120 x 80 cm (kukin laatta on 20 x 20 cm), on reiki\u00e4, joihin voi ty\u00f6nt\u00e4\u00e4 v\u00e4rikk\u00e4it\u00e4 tappeja kauniiden kuvioiden luomiseksi. Tauluun voi kiinnitt\u00e4\u00e4 my\u00f6s erilaisia oppimateriaalien apuv\u00e4lineit\u00e4, hammaspy\u00f6ri\u00e4, putkij\u00e4rjestelmi\u00e4 pumpulla ja muita mielenkiintoisia elementtej\u00e4.<br \/>\nSarja sis\u00e4lt\u00e4\u00e4 2 taulua.<br \/>\nTaulun lis\u00e4varusteet (myyd\u00e4\u00e4n erikseen):<br \/>\n* &#8211; V\u00e4rilliset tapit ME12746 ME14450 ME21113 ME21137 ME21120 ME21144<br \/>\n* &#8211; V\u00e4rikk\u00e4\u00e4t kiteet ME13989<br \/>\n* &#8211; V\u00e4rilliset narut tappien yhdist\u00e4miseen ME14467<br \/>\n* &#8211; V\u00e4rilliset ruuvit ME20963 ME29911<br \/>\n* &#8211; Geometriset muodot ME14696 ME14702 ME14818 ME14825 ME31181<br \/>\n* &#8211; Hammaspy\u00f6r\u00e4t ja ketjut ME13460 ME24343 ME31204<br \/>\n* &#8211; Pallo- ja vesirata ME14788 ME14665 ME15143 ME25043<br \/>\n* &#8211; Putkij\u00e4rjestelm\u00e4n rakennuspaketti pumpulla ME13149<br \/>\n* &#8211; Kirjain- ja numerosetti ME30412 ME3042<\/p>\n<p>Masterkidz-oppimispelin avulla lapsesi oppii mekanismien ja vesij\u00e4rjestelmien toiminnan, n\u00e4kee vesipumpun toiminnan ja oppii geometrisista kuvioista ja muodoista. Ruuvit, joihin voi ostaa erityisi\u00e4 ty\u00f6kaluja, ovat my\u00f6s suureksi avuksi. Niiden avulla lapsesi oppii k\u00e4ytt\u00e4m\u00e4\u00e4n ruuvimeisseli\u00e4, ruuvinv\u00e4\u00e4nnint\u00e4 ja jakoavaimia oikein, samalla kun leikkii turvallisesti.<\/p>\n<p>SARJA SIS\u00c4LT\u00c4\u00c4 ASENNUSPANEELIN!<\/p>\n<p>Asennuspaneeli on elementti, jonka avulla taulun osat on helppo asentaa ilman, ett\u00e4 niit\u00e4 tarvitsee kiinnitt\u00e4\u00e4 suoraan sein\u00e4\u00e4n. Paneeli voidaan s\u00e4\u00e4t\u00e4\u00e4 mihin tahansa pintaan. Parhaan istuvuuden ja helpon asennuksen takaamiseksi suosittelemme valitsemaan tauluja, joissa on takapaneeli.<\/p>\n","protected":false},"excerpt":{"rendered":"<p>Masterkidz Educational STEM -sein\u00e4taulu mahdollistaa luovan leikin ja oppimisen tieteen maailmasta. Leveiss\u00e4 paneeleissa, joiden koko on 120 x 80 cm (kukin laatta on 20 x 20 cm), on reiki\u00e4, joihin voi ty\u00f6nt\u00e4\u00e4 v\u00e4rikk\u00e4it\u00e4 tappeja kauniiden kuvioiden luomiseksi. Tauluun voi kiinnitt\u00e4\u00e4 my\u00f6s erilaisia oppimateriaalien apuv\u00e4lineit\u00e4, hammaspy\u00f6ri\u00e4, putkij\u00e4rjestelmi\u00e4 pumpulla ja muita mielenkiintoisia elementtej\u00e4. Sarja sis\u00e4lt\u00e4\u00e4 2 taulua. [&hellip;]<\/p>\n","protected":false},"featured_media":0,"comment_status":"open","ping_status":"closed","template":"","meta":[],"product_brand":[],"product_cat":[32],"product_tag":[],"class_list":{"0":"post-36004","1":"product","2":"type-product","3":"status-publish","5":"product_cat-uncategorized-fi","7":"first","8":"instock","9":"shipping-taxable","10":"purchasable","11":"product-type-simple"},"_links":{"self":[{"href":"https:\/\/nordicmart.andreevmaster.com\/fi\/wp-json\/wp\/v2\/product\/36004","targetHints":{"allow":["GET"]}}],"collection":[{"href":"https:\/\/nordicmart.andreevmaster.com\/fi\/wp-json\/wp\/v2\/product"}],"about":[{"href":"https:\/\/nordicmart.andreevmaster.com\/fi\/wp-json\/wp\/v2\/types\/product"}],"replies":[{"embeddable":true,"href":"https:\/\/nordicmart.andreevmaster.com\/fi\/wp-json\/wp\/v2\/comments?post=36004"}],"wp:attachment":[{"href":"https:\/\/nordicmart.andreevmaster.com\/fi\/wp-json\/wp\/v2\/media?parent=36004"}],"wp:term":[{"taxonomy":"product_brand","embeddable":true,"href":"https:\/\/nordicmart.andreevmaster.com\/fi\/wp-json\/wp\/v2\/product_brand?post=36004"},{"taxonomy":"product_cat","embeddable":true,"href":"https:\/\/nordicmart.andreevmaster.com\/fi\/wp-json\/wp\/v2\/product_cat?post=36004"},{"taxonomy":"product_tag","embeddable":true,"href":"https:\/\/nordicmart.andreevmaster.com\/fi\/wp-json\/wp\/v2\/product_tag?post=36004"}],"curies":[{"name":"wp","href":"https:\/\/api.w.org\/{rel}","templated":true}]}}