{"id":36002,"date":"2026-02-27T00:32:32","date_gmt":"2026-02-27T00:32:32","guid":{"rendered":"https:\/\/nordicmart.andreevmaster.com\/product\/masterkidz-koulutuslauta-kasien-motoriikka-montessori-nauhoitus\/"},"modified":"2026-02-27T09:50:42","modified_gmt":"2026-02-27T09:50:42","slug":"masterkidz-koulutuslauta-kasien-motoriikka-montessori-nauhoitus","status":"publish","type":"product","link":"https:\/\/nordicmart.andreevmaster.com\/fi\/tuote\/masterkidz-koulutuslauta-kasien-motoriikka-montessori-nauhoitus\/","title":{"rendered":"MASTERKIDZ Koulutuslauta &#8211; K\u00e4sien motoriikka Montessori-nauhoitus"},"content":{"rendered":"<p>Masterkidz-koulutuslaudat auttavat lapsia kehitt\u00e4m\u00e4\u00e4n monia taitoja samanaikaisesti. Jokainen lauta opettaa lapsille erilaisia mielenkiintoisia aiheita, kuten miten toimia yhteiskunnassa, ja auttaa heit\u00e4 oppimaan ymp\u00e4r\u00f6iv\u00e4st\u00e4 maailmasta. Voimme hankkia useita tauluja ja vaihtaa niit\u00e4 helposti, ja erityiset kehykset pit\u00e4v\u00e4t taulun t\u00e4ydellisesti sein\u00e4\u00e4 vasten. Ominaisuudet: * &#8211; Voit hankkia useita tauluja ja vaihtaa niit\u00e4 helposti, ja erityiset kehykset pit\u00e4v\u00e4t taulun t\u00e4ydellisesti sein\u00e4\u00e4 vasten.* &#8211; Taulua voi k\u00e4ytt\u00e4\u00e4 my\u00f6s ilman kehyksi\u00e4, esimerkiksi p\u00f6yd\u00e4ll\u00e4 tai lattialla.<br \/>\n* &#8211; Se on erinomainen lelu solmimisen ja nauhoittamisen taitojen harjoitteluun.<br \/>\n* &#8211; Lapset rakastavat j\u00e4ttim\u00e4isen punaisen keng\u00e4n solmimista, ja lukemattomat solmimismahdollisuudet stimuloivat heid\u00e4n mielikuvitustaan.* &#8211; Violetti keng\u00e4nnauha opettaa heille paitsi keng\u00e4n, my\u00f6s esimerkiksi reppunauhojen sitomisen.* &#8211; Lapset voivat k\u00e4\u00e4nt\u00e4\u00e4 v\u00e4rikk\u00e4it\u00e4 puukorkkeja, jotka ovat eri muotoisia, kokoisia ja v\u00e4risi\u00e4 &#8211; koko laite on kiinnitetty erityisell\u00e4 ruuvilla.<br \/>\n* &#8211; Lis\u00e4ksi punaisen narun pujottaminen kolmen erikokoisen rei\u00e4n l\u00e4pi tekee pelist\u00e4 j\u00e4nnitt\u00e4v\u00e4mm\u00e4n, ja mit\u00e4 pienempi reik\u00e4, sit\u00e4 vaikeampi teht\u00e4v\u00e4 ja sit\u00e4 suurempi tyydytys. <\/p>\n<p>Lelu kehitt\u00e4\u00e4:<\/p>\n<p>* &#8211; motorisia taitoja<br \/>\n* &#8211; k\u00e4si-silm\u00e4-koordinaatiota<br \/>\n* &#8211; mielikuvitusta<br \/>\n* &#8211; keskittymiskyky\u00e4<br \/>\n* &#8211; luovuutta<\/p>\n","protected":false},"excerpt":{"rendered":"<p>Masterkidz-koulutuslaudat auttavat lapsia kehitt\u00e4m\u00e4\u00e4n monia taitoja samanaikaisesti. Jokainen lauta opettaa lapsille erilaisia mielenkiintoisia aiheita, kuten miten toimia yhteiskunnassa, ja auttaa heit\u00e4 oppimaan ymp\u00e4r\u00f6iv\u00e4st\u00e4 maailmasta. Voimme hankkia useita tauluja ja vaihtaa niit\u00e4 helposti, ja erityiset kehykset pit\u00e4v\u00e4t taulun t\u00e4ydellisesti sein\u00e4\u00e4 vasten. Ominaisuudet: * &#8211; Voit hankkia useita tauluja ja vaihtaa niit\u00e4 helposti, ja erityiset kehykset pit\u00e4v\u00e4t [&hellip;]<\/p>\n","protected":false},"featured_media":0,"comment_status":"open","ping_status":"closed","template":"","meta":[],"product_brand":[],"product_cat":[32],"product_tag":[],"class_list":{"0":"post-36002","1":"product","2":"type-product","3":"status-publish","5":"product_cat-uncategorized-fi","7":"first","8":"instock","9":"shipping-taxable","10":"purchasable","11":"product-type-simple"},"_links":{"self":[{"href":"https:\/\/nordicmart.andreevmaster.com\/fi\/wp-json\/wp\/v2\/product\/36002","targetHints":{"allow":["GET"]}}],"collection":[{"href":"https:\/\/nordicmart.andreevmaster.com\/fi\/wp-json\/wp\/v2\/product"}],"about":[{"href":"https:\/\/nordicmart.andreevmaster.com\/fi\/wp-json\/wp\/v2\/types\/product"}],"replies":[{"embeddable":true,"href":"https:\/\/nordicmart.andreevmaster.com\/fi\/wp-json\/wp\/v2\/comments?post=36002"}],"wp:attachment":[{"href":"https:\/\/nordicmart.andreevmaster.com\/fi\/wp-json\/wp\/v2\/media?parent=36002"}],"wp:term":[{"taxonomy":"product_brand","embeddable":true,"href":"https:\/\/nordicmart.andreevmaster.com\/fi\/wp-json\/wp\/v2\/product_brand?post=36002"},{"taxonomy":"product_cat","embeddable":true,"href":"https:\/\/nordicmart.andreevmaster.com\/fi\/wp-json\/wp\/v2\/product_cat?post=36002"},{"taxonomy":"product_tag","embeddable":true,"href":"https:\/\/nordicmart.andreevmaster.com\/fi\/wp-json\/wp\/v2\/product_tag?post=36002"}],"curies":[{"name":"wp","href":"https:\/\/api.w.org\/{rel}","templated":true}]}}