{"id":36001,"date":"2026-02-27T00:32:32","date_gmt":"2026-02-27T00:32:32","guid":{"rendered":"https:\/\/nordicmart.andreevmaster.com\/product\/masterkidz-koulutuslevy-kuinka-voit-tunteiden-oppiminen-montessori\/"},"modified":"2026-02-27T09:50:42","modified_gmt":"2026-02-27T09:50:42","slug":"masterkidz-koulutuslevy-kuinka-voit-tunteiden-oppiminen-montessori","status":"publish","type":"product","link":"https:\/\/nordicmart.andreevmaster.com\/fi\/tuote\/masterkidz-koulutuslevy-kuinka-voit-tunteiden-oppiminen-montessori\/","title":{"rendered":"MASTERKIDZ Koulutuslevy Kuinka voit? Tunteiden oppiminen Montessori"},"content":{"rendered":"<p>Masterkidz-koulutuslevyt auttavat lapsia kehitt\u00e4m\u00e4\u00e4n monia taitoja samanaikaisesti. Jokainen levy opettaa lapsille erilaisia mielenkiintoisia aiheita, kuten miten toimia yhteiskunnassa, ja auttaa heit\u00e4 oppimaan ymp\u00e4r\u00f6iv\u00e4st\u00e4 maailmasta. Voimme hankkia useita tauluja ja vaihtaa niit\u00e4 helposti, ja erityiset kehykset pit\u00e4v\u00e4t taulun t\u00e4ydellisesti sein\u00e4ll\u00e4. Ominaisuudet: * &#8211; Voit hankkia useita tauluja ja vaihtaa niit\u00e4 helposti, ja erityiset kehykset pit\u00e4v\u00e4t taulun t\u00e4ydellisesti sein\u00e4ll\u00e4.* &#8211; Taulua voi k\u00e4ytt\u00e4\u00e4 my\u00f6s ilman kehyksi\u00e4, esimerkiksi p\u00f6yd\u00e4ll\u00e4 tai lattialla.<br \/>\n* &#8211; Lasten auttaminen tunnistamaan ja kuvaamaan tunteita on t\u00e4rke\u00e4 ensimm\u00e4inen askel tunteiden oppimisessa. Pienet lapset eiv\u00e4t osaa kuvailla tunteita sanoin, mutta taulun avulla he voivat ilmaista tunteitaan tai oppia tuntemattomia tunteita.* &#8211; Lapset s\u00e4\u00e4telev\u00e4t tunteitaan muuttamalla kulmakarvojen, silmien, nen\u00e4n ja suun suuntaa ja voivat lis\u00e4t\u00e4 kyyneleit\u00e4 tai punastumista. * &#8211; Mukana on my\u00f6s kolme tunneilmaisinta \u2013 ilo, suru ja viha \u2013 lapset ilmaisevat tunteitaan siirt\u00e4m\u00e4ll\u00e4 puupaloja.* &#8211; Taulun alaosassa on 10 erilaista arkiel\u00e4m\u00e4n tilannetta \u2013 hoitaja tai opettaja voi valita tilanteen ja pyyt\u00e4\u00e4 lasta ilmaisemaan tunteensa kyseisess\u00e4 tilanteessa j\u00e4rjest\u00e4m\u00e4ll\u00e4 kasvot vastaavasti tai siirt\u00e4m\u00e4ll\u00e4 tapin indikaattoreilla \u2013 t\u00e4m\u00e4 on eritt\u00e4in mielenkiintoinen kokemus, koska voimme n\u00e4ytt\u00e4\u00e4 lapsille, ett\u00e4 jokainen heist\u00e4 tuntee t\u00e4ysin erilaisia tunteita tietyss\u00e4 tilanteessa. Lelu kehitt\u00e4\u00e4:<\/p>\n<p>* &#8211; motorisia taitoja<br \/>\n* &#8211; aistitaitoja<br \/>\n* &#8211; k\u00e4si-silm\u00e4-koordinaatiota<br \/>\n* &#8211; mielikuvitusta<br \/>\n* &#8211; keskittymiskyky\u00e4<br \/>\n* &#8211; uteliaisuutta<\/p>\n","protected":false},"excerpt":{"rendered":"<p>Masterkidz-koulutuslevyt auttavat lapsia kehitt\u00e4m\u00e4\u00e4n monia taitoja samanaikaisesti. Jokainen levy opettaa lapsille erilaisia mielenkiintoisia aiheita, kuten miten toimia yhteiskunnassa, ja auttaa heit\u00e4 oppimaan ymp\u00e4r\u00f6iv\u00e4st\u00e4 maailmasta. Voimme hankkia useita tauluja ja vaihtaa niit\u00e4 helposti, ja erityiset kehykset pit\u00e4v\u00e4t taulun t\u00e4ydellisesti sein\u00e4ll\u00e4. Ominaisuudet: * &#8211; Voit hankkia useita tauluja ja vaihtaa niit\u00e4 helposti, ja erityiset kehykset pit\u00e4v\u00e4t taulun [&hellip;]<\/p>\n","protected":false},"featured_media":0,"comment_status":"open","ping_status":"closed","template":"","meta":[],"product_brand":[],"product_cat":[32],"product_tag":[],"class_list":{"0":"post-36001","1":"product","2":"type-product","3":"status-publish","5":"product_cat-uncategorized-fi","7":"first","8":"instock","9":"shipping-taxable","10":"purchasable","11":"product-type-simple"},"_links":{"self":[{"href":"https:\/\/nordicmart.andreevmaster.com\/fi\/wp-json\/wp\/v2\/product\/36001","targetHints":{"allow":["GET"]}}],"collection":[{"href":"https:\/\/nordicmart.andreevmaster.com\/fi\/wp-json\/wp\/v2\/product"}],"about":[{"href":"https:\/\/nordicmart.andreevmaster.com\/fi\/wp-json\/wp\/v2\/types\/product"}],"replies":[{"embeddable":true,"href":"https:\/\/nordicmart.andreevmaster.com\/fi\/wp-json\/wp\/v2\/comments?post=36001"}],"wp:attachment":[{"href":"https:\/\/nordicmart.andreevmaster.com\/fi\/wp-json\/wp\/v2\/media?parent=36001"}],"wp:term":[{"taxonomy":"product_brand","embeddable":true,"href":"https:\/\/nordicmart.andreevmaster.com\/fi\/wp-json\/wp\/v2\/product_brand?post=36001"},{"taxonomy":"product_cat","embeddable":true,"href":"https:\/\/nordicmart.andreevmaster.com\/fi\/wp-json\/wp\/v2\/product_cat?post=36001"},{"taxonomy":"product_tag","embeddable":true,"href":"https:\/\/nordicmart.andreevmaster.com\/fi\/wp-json\/wp\/v2\/product_tag?post=36001"}],"curies":[{"name":"wp","href":"https:\/\/api.w.org\/{rel}","templated":true}]}}