{"id":36000,"date":"2026-02-27T00:32:31","date_gmt":"2026-02-27T00:32:31","guid":{"rendered":"https:\/\/nordicmart.andreevmaster.com\/product\/masterkidz-rakennussarja-pallorata-stem-lauta-440-kappaletta\/"},"modified":"2026-02-27T09:50:42","modified_gmt":"2026-02-27T09:50:42","slug":"masterkidz-rakennussarja-pallorata-stem-lauta-440-kappaletta","status":"publish","type":"product","link":"https:\/\/nordicmart.andreevmaster.com\/fi\/tuote\/masterkidz-rakennussarja-pallorata-stem-lauta-440-kappaletta\/","title":{"rendered":"MASTERKIDZ Rakennussarja Pallorata STEM-lauta 440 kappaletta"},"content":{"rendered":"<p>Masterkidz STEM -oppimispelin avulla lapsesi voi aloittaa luovan ja opettavaisen leikin luomalla kauniita kuvioita ja rakenteita lukemattomien peliss\u00e4 k\u00e4ytett\u00e4vien elementtien avulla. Lapsesi voi antaa mielikuvituksensa lent\u00e4\u00e4 luomalla mestariteoksia tai rakentamalla mekanismeja hammaspy\u00f6rist\u00e4 tai putkij\u00e4rjestelmist\u00e4. <\/p>\n<p>Ominaisuudet: <\/p>\n<p>* &#8211; T\u00e4m\u00e4 on paras pallorata-lelu, jolla lapset voivat rakentaa polkuja ja ratoja lis\u00e4\u00e4m\u00e4ll\u00e4 erilaisia palikoita, suunnanmuuttajia ja muita liikemekanismeja<br \/>\n* &#8211; J\u00e4rjestelm\u00e4ll\u00e4 voi leikki\u00e4 p\u00f6yd\u00e4ll\u00e4, lattialla ja ennen kaikkea STEM-laudalla<br \/>\n* &#8211; Sarja koostuu 440 osasta<br \/>\n* &#8211; Sarja on valmistettu s\u00e4\u00e4nkest\u00e4vist\u00e4 materiaaleista, jotka kest\u00e4v\u00e4t v\u00e4rimuutoksia ja halkeilua.<\/p>\n<p>Lelu kehitt\u00e4\u00e4:<\/p>\n<p>* &#8211; motorisia taitoja<br \/>\n* &#8211; mielikuvitusta<br \/>\n* &#8211; luovuutta<br \/>\n* &#8211; k\u00e4si-silm\u00e4-koordinaatiota<\/p>\n","protected":false},"excerpt":{"rendered":"<p>Masterkidz STEM -oppimispelin avulla lapsesi voi aloittaa luovan ja opettavaisen leikin luomalla kauniita kuvioita ja rakenteita lukemattomien peliss\u00e4 k\u00e4ytett\u00e4vien elementtien avulla. Lapsesi voi antaa mielikuvituksensa lent\u00e4\u00e4 luomalla mestariteoksia tai rakentamalla mekanismeja hammaspy\u00f6rist\u00e4 tai putkij\u00e4rjestelmist\u00e4. Ominaisuudet: * &#8211; T\u00e4m\u00e4 on paras pallorata-lelu, jolla lapset voivat rakentaa polkuja ja ratoja lis\u00e4\u00e4m\u00e4ll\u00e4 erilaisia palikoita, suunnanmuuttajia ja muita liikemekanismeja [&hellip;]<\/p>\n","protected":false},"featured_media":0,"comment_status":"open","ping_status":"closed","template":"","meta":[],"product_brand":[],"product_cat":[32],"product_tag":[],"class_list":{"0":"post-36000","1":"product","2":"type-product","3":"status-publish","5":"product_cat-uncategorized-fi","7":"first","8":"instock","9":"shipping-taxable","10":"purchasable","11":"product-type-simple"},"_links":{"self":[{"href":"https:\/\/nordicmart.andreevmaster.com\/fi\/wp-json\/wp\/v2\/product\/36000","targetHints":{"allow":["GET"]}}],"collection":[{"href":"https:\/\/nordicmart.andreevmaster.com\/fi\/wp-json\/wp\/v2\/product"}],"about":[{"href":"https:\/\/nordicmart.andreevmaster.com\/fi\/wp-json\/wp\/v2\/types\/product"}],"replies":[{"embeddable":true,"href":"https:\/\/nordicmart.andreevmaster.com\/fi\/wp-json\/wp\/v2\/comments?post=36000"}],"wp:attachment":[{"href":"https:\/\/nordicmart.andreevmaster.com\/fi\/wp-json\/wp\/v2\/media?parent=36000"}],"wp:term":[{"taxonomy":"product_brand","embeddable":true,"href":"https:\/\/nordicmart.andreevmaster.com\/fi\/wp-json\/wp\/v2\/product_brand?post=36000"},{"taxonomy":"product_cat","embeddable":true,"href":"https:\/\/nordicmart.andreevmaster.com\/fi\/wp-json\/wp\/v2\/product_cat?post=36000"},{"taxonomy":"product_tag","embeddable":true,"href":"https:\/\/nordicmart.andreevmaster.com\/fi\/wp-json\/wp\/v2\/product_tag?post=36000"}],"curies":[{"name":"wp","href":"https:\/\/api.w.org\/{rel}","templated":true}]}}