{"id":35995,"date":"2026-02-27T00:32:30","date_gmt":"2026-02-27T00:32:30","guid":{"rendered":"https:\/\/nordicmart.andreevmaster.com\/product\/masterkidz-nelionmuotoinen-kehys-led-paneelien-kiinnittamiseen\/"},"modified":"2026-02-27T09:50:41","modified_gmt":"2026-02-27T09:50:41","slug":"masterkidz-nelionmuotoinen-kehys-led-paneelien-kiinnittamiseen","status":"publish","type":"product","link":"https:\/\/nordicmart.andreevmaster.com\/fi\/tuote\/masterkidz-nelionmuotoinen-kehys-led-paneelien-kiinnittamiseen\/","title":{"rendered":"MASTERKIDZ Neli\u00f6nmuotoinen kehys LED-paneelien kiinnitt\u00e4miseen"},"content":{"rendered":"<p>Kaksi tukevaa kiinnityskannatinta, jotka on suunniteltu Masterkidz-valopaneelien turvalliseen ja vakaaseen kiinnitt\u00e4miseen seiniin tai STEM-manipulointitauluihin. Kiinnike on valmistettu korkealaatuisesta puusta, mik\u00e4 takaa kest\u00e4vyyden ja esteettisen ulkon\u00e4\u00f6n, joka sopii t\u00e4ydellisesti moderneihin koulutus- ja terapia-tiloihin. Ominaisuudet: Valmistettu korkealaatuisesta puusta Yhteensopiva Masterkidz LED-paneelien kanssa Vakaa kiinnitys ja paneelin suojaus<\/p>\n","protected":false},"excerpt":{"rendered":"<p>Kaksi tukevaa kiinnityskannatinta, jotka on suunniteltu Masterkidz-valopaneelien turvalliseen ja vakaaseen kiinnitt\u00e4miseen seiniin tai STEM-manipulointitauluihin. Kiinnike on valmistettu korkealaatuisesta puusta, mik\u00e4 takaa kest\u00e4vyyden ja esteettisen ulkon\u00e4\u00f6n, joka sopii t\u00e4ydellisesti moderneihin koulutus- ja terapia-tiloihin. Ominaisuudet: Valmistettu korkealaatuisesta puusta Yhteensopiva Masterkidz LED-paneelien kanssa Vakaa kiinnitys ja paneelin suojaus<\/p>\n","protected":false},"featured_media":0,"comment_status":"open","ping_status":"closed","template":"","meta":[],"product_brand":[],"product_cat":[32],"product_tag":[],"class_list":{"0":"post-35995","1":"product","2":"type-product","3":"status-publish","5":"product_cat-uncategorized-fi","7":"first","8":"instock","9":"shipping-taxable","10":"purchasable","11":"product-type-simple"},"_links":{"self":[{"href":"https:\/\/nordicmart.andreevmaster.com\/fi\/wp-json\/wp\/v2\/product\/35995","targetHints":{"allow":["GET"]}}],"collection":[{"href":"https:\/\/nordicmart.andreevmaster.com\/fi\/wp-json\/wp\/v2\/product"}],"about":[{"href":"https:\/\/nordicmart.andreevmaster.com\/fi\/wp-json\/wp\/v2\/types\/product"}],"replies":[{"embeddable":true,"href":"https:\/\/nordicmart.andreevmaster.com\/fi\/wp-json\/wp\/v2\/comments?post=35995"}],"wp:attachment":[{"href":"https:\/\/nordicmart.andreevmaster.com\/fi\/wp-json\/wp\/v2\/media?parent=35995"}],"wp:term":[{"taxonomy":"product_brand","embeddable":true,"href":"https:\/\/nordicmart.andreevmaster.com\/fi\/wp-json\/wp\/v2\/product_brand?post=35995"},{"taxonomy":"product_cat","embeddable":true,"href":"https:\/\/nordicmart.andreevmaster.com\/fi\/wp-json\/wp\/v2\/product_cat?post=35995"},{"taxonomy":"product_tag","embeddable":true,"href":"https:\/\/nordicmart.andreevmaster.com\/fi\/wp-json\/wp\/v2\/product_tag?post=35995"}],"curies":[{"name":"wp","href":"https:\/\/api.w.org\/{rel}","templated":true}]}}