{"id":35994,"date":"2026-02-27T00:32:30","date_gmt":"2026-02-27T00:32:30","guid":{"rendered":"https:\/\/nordicmart.andreevmaster.com\/product\/masterkidz-stem-board-pipe-system-80-kappaletta\/"},"modified":"2026-02-27T09:50:41","modified_gmt":"2026-02-27T09:50:41","slug":"masterkidz-stem-board-pipe-system-80-kappaletta","status":"publish","type":"product","link":"https:\/\/nordicmart.andreevmaster.com\/fi\/tuote\/masterkidz-stem-board-pipe-system-80-kappaletta\/","title":{"rendered":"MASTERKIDZ STEM Board Pipe System 80 kappaletta"},"content":{"rendered":"<p>Aistileikkikalu, 80 kappaleen sarja, jolla voi rakentaa upean hydraulij\u00e4rjestelm\u00e4n putkilla, liitoksilla ja venttiileill\u00e4. <\/p>\n<p>Vesipumppu voidaan ostaa erikseen, jotta leikkikalu olisi viel\u00e4kin mielenkiintoisempi. Vett\u00e4 voidaan kaataa putkien l\u00e4pi sarjaan kuuluvilla kannuilla, mutta voit my\u00f6s n\u00e4hd\u00e4 puupallojen putoavan, kun heit\u00e4t ne sis\u00e4\u00e4n. Voit rakentaa yhden suuren putkij\u00e4rjestelm\u00e4n tai useita pienempi\u00e4, jotta useat lapset voivat leikki\u00e4 samanaikaisesti. Upea lelu Masterkidzilt\u00e4, jolla voi rakentaa hydraulij\u00e4rjestelm\u00e4n.<\/p>\n<p>Sarja sis\u00e4lt\u00e4\u00e4 80 osaa, mukaan lukien:<\/p>\n<p>putket \u2013 2 x 120 cm, 6 x 25 cm, 8 x 10 cm,<\/p>\n<p>liittimet \u2013 16 kpl,<\/p>\n<p>ruuvit \u2013 24 kpl,<\/p>\n<p>venttiilit \u2013 12 kpl,<\/p>\n<p>pallot \u2013 5 kpl,<\/p>\n<p>kannut \u2013 2 kpl,<\/p>\n<p>suppilo \u2013 2 kpl,<\/p>\n<p>hana.<\/p>\n<p>Hauskanpito voi jatkua loputtomiin, ja lapsesi voi kokeilla vapaasti erilaisia asioita sarjan avulla.<\/p>\n","protected":false},"excerpt":{"rendered":"<p>Aistileikkikalu, 80 kappaleen sarja, jolla voi rakentaa upean hydraulij\u00e4rjestelm\u00e4n putkilla, liitoksilla ja venttiileill\u00e4. Vesipumppu voidaan ostaa erikseen, jotta leikkikalu olisi viel\u00e4kin mielenkiintoisempi. Vett\u00e4 voidaan kaataa putkien l\u00e4pi sarjaan kuuluvilla kannuilla, mutta voit my\u00f6s n\u00e4hd\u00e4 puupallojen putoavan, kun heit\u00e4t ne sis\u00e4\u00e4n. Voit rakentaa yhden suuren putkij\u00e4rjestelm\u00e4n tai useita pienempi\u00e4, jotta useat lapset voivat leikki\u00e4 samanaikaisesti. Upea [&hellip;]<\/p>\n","protected":false},"featured_media":0,"comment_status":"open","ping_status":"closed","template":"","meta":[],"product_brand":[],"product_cat":[32],"product_tag":[],"class_list":{"0":"post-35994","1":"product","2":"type-product","3":"status-publish","5":"product_cat-uncategorized-fi","7":"first","8":"instock","9":"shipping-taxable","10":"purchasable","11":"product-type-simple"},"_links":{"self":[{"href":"https:\/\/nordicmart.andreevmaster.com\/fi\/wp-json\/wp\/v2\/product\/35994","targetHints":{"allow":["GET"]}}],"collection":[{"href":"https:\/\/nordicmart.andreevmaster.com\/fi\/wp-json\/wp\/v2\/product"}],"about":[{"href":"https:\/\/nordicmart.andreevmaster.com\/fi\/wp-json\/wp\/v2\/types\/product"}],"replies":[{"embeddable":true,"href":"https:\/\/nordicmart.andreevmaster.com\/fi\/wp-json\/wp\/v2\/comments?post=35994"}],"wp:attachment":[{"href":"https:\/\/nordicmart.andreevmaster.com\/fi\/wp-json\/wp\/v2\/media?parent=35994"}],"wp:term":[{"taxonomy":"product_brand","embeddable":true,"href":"https:\/\/nordicmart.andreevmaster.com\/fi\/wp-json\/wp\/v2\/product_brand?post=35994"},{"taxonomy":"product_cat","embeddable":true,"href":"https:\/\/nordicmart.andreevmaster.com\/fi\/wp-json\/wp\/v2\/product_cat?post=35994"},{"taxonomy":"product_tag","embeddable":true,"href":"https:\/\/nordicmart.andreevmaster.com\/fi\/wp-json\/wp\/v2\/product_tag?post=35994"}],"curies":[{"name":"wp","href":"https:\/\/api.w.org\/{rel}","templated":true}]}}