{"id":35993,"date":"2026-02-27T00:32:30","date_gmt":"2026-02-27T00:32:30","guid":{"rendered":"https:\/\/nordicmart.andreevmaster.com\/product\/masterkidz-koulutuslevy-kasien-koordinaatio-montessori-koulutus\/"},"modified":"2026-02-27T09:50:41","modified_gmt":"2026-02-27T09:50:41","slug":"masterkidz-koulutuslevy-kasien-koordinaatio-montessori-koulutus","status":"publish","type":"product","link":"https:\/\/nordicmart.andreevmaster.com\/fi\/tuote\/masterkidz-koulutuslevy-kasien-koordinaatio-montessori-koulutus\/","title":{"rendered":"MASTERKIDZ Koulutuslevy K\u00e4sien koordinaatio Montessori-koulutus"},"content":{"rendered":"<p>Masterkidz-koulutuslevyt auttavat lapsia kehitt\u00e4m\u00e4\u00e4n monia taitoja samanaikaisesti. Jokainen levy opettaa lapsille erilaisia mielenkiintoisia aiheita, kuten miten toimia yhteiskunnassa, ja auttaa heit\u00e4 oppimaan ymp\u00e4r\u00f6iv\u00e4st\u00e4 maailmasta. Voimme hankkia useita levyj\u00e4 ja vaihtaa niit\u00e4 helposti, ja erityiset kehykset pit\u00e4v\u00e4t levyn t\u00e4ydellisesti sein\u00e4\u00e4 vasten.Ominaisuudet:<\/p>\n<p>* &#8211; Voimme hankkia useita tauluja ja vaihtaa niit\u00e4 helposti, ja erityiset kehykset pit\u00e4v\u00e4t taulun t\u00e4ydellisesti sein\u00e4\u00e4 vasten.<br \/>\n* &#8211; Taulua voidaan k\u00e4ytt\u00e4\u00e4 my\u00f6s ilman kehyksi\u00e4, esimerkiksi p\u00f6yd\u00e4ll\u00e4 tai lattialla<br \/>\n* &#8211; Taulu auttaa lapsia harjoittelemaan k\u00e4den koordinaatiota suurilla ja pienill\u00e4 ympyr\u00f6ill\u00e4.* &#8211; Lapsi pit\u00e4\u00e4 kahvoista kiinni molemmilla k\u00e4sill\u00e4 ja k\u00e4\u00e4nt\u00e4\u00e4 niit\u00e4 samanaikaisesti.<br \/>\n* &#8211; Jokainen hammaspy\u00f6r\u00e4 py\u00f6rii eri nopeudella.<br \/>\n* &#8211; Py\u00f6rien v\u00e4rikk\u00e4\u00e4t kivet tarjoavat lis\u00e4harjoitusta silmille.<br \/>\n* &#8211; Lauta on erinomainen lelu vasemman ja oikean aivopuoliskon koordinaatiotaitojen harjoittamiseen. <\/p>\n<p>Lelu kehitt\u00e4\u00e4:<\/p>\n<p>* &#8211; motorisia taitoja<br \/>\n* &#8211; aistitaitoja<br \/>\n* &#8211; k\u00e4si-silm\u00e4-koordinaatiota<br \/>\n* &#8211; mielikuvitusta<br \/>\n* &#8211; keskittymiskyky\u00e4<br \/>\n* &#8211; uteliaisuutta<\/p>\n<p>Masterkidz-lelut ovat korkealaatuisia, kest\u00e4vi\u00e4 ja turvallisia puisia oppimisleluja. Ne on suunniteltu ja mukautettu lapsen kehityksen eri vaiheisiin. Luova, seikkailullinen ja opettavainen leikki ovat t\u00e4m\u00e4n tuotemerkin lelujen t\u00e4rkeimm\u00e4t edut. Korvaamaton tuki Montessori-menetelm\u00e4lle. Paras valinta kotiin, p\u00e4iv\u00e4kotiin, hotelliin tai ravintolaan. Luo t\u00e4ydellinen leikkinurkkaus tai suurikokoinen opettavainen sein\u00e4. Valikoima sis\u00e4lt\u00e4\u00e4 sein\u00e4lle kiinnitett\u00e4v\u00e4t ja siirrett\u00e4v\u00e4t taulut, valaistut p\u00f6yd\u00e4t ja paneelit maaleilla leikkimist\u00e4 varten. Teemalliset opettavaiset moduulit ja paljon muuta. Uskomaton m\u00e4\u00e4r\u00e4 lis\u00e4varusteita ja loputtomat mahdollisuudet luovaan leikkiin.<\/p>\n","protected":false},"excerpt":{"rendered":"<p>Masterkidz-koulutuslevyt auttavat lapsia kehitt\u00e4m\u00e4\u00e4n monia taitoja samanaikaisesti. Jokainen levy opettaa lapsille erilaisia mielenkiintoisia aiheita, kuten miten toimia yhteiskunnassa, ja auttaa heit\u00e4 oppimaan ymp\u00e4r\u00f6iv\u00e4st\u00e4 maailmasta. Voimme hankkia useita levyj\u00e4 ja vaihtaa niit\u00e4 helposti, ja erityiset kehykset pit\u00e4v\u00e4t levyn t\u00e4ydellisesti sein\u00e4\u00e4 vasten.Ominaisuudet: * &#8211; Voimme hankkia useita tauluja ja vaihtaa niit\u00e4 helposti, ja erityiset kehykset pit\u00e4v\u00e4t taulun [&hellip;]<\/p>\n","protected":false},"featured_media":0,"comment_status":"open","ping_status":"closed","template":"","meta":[],"product_brand":[],"product_cat":[32],"product_tag":[],"class_list":{"0":"post-35993","1":"product","2":"type-product","3":"status-publish","5":"product_cat-uncategorized-fi","7":"first","8":"instock","9":"shipping-taxable","10":"purchasable","11":"product-type-simple"},"_links":{"self":[{"href":"https:\/\/nordicmart.andreevmaster.com\/fi\/wp-json\/wp\/v2\/product\/35993","targetHints":{"allow":["GET"]}}],"collection":[{"href":"https:\/\/nordicmart.andreevmaster.com\/fi\/wp-json\/wp\/v2\/product"}],"about":[{"href":"https:\/\/nordicmart.andreevmaster.com\/fi\/wp-json\/wp\/v2\/types\/product"}],"replies":[{"embeddable":true,"href":"https:\/\/nordicmart.andreevmaster.com\/fi\/wp-json\/wp\/v2\/comments?post=35993"}],"wp:attachment":[{"href":"https:\/\/nordicmart.andreevmaster.com\/fi\/wp-json\/wp\/v2\/media?parent=35993"}],"wp:term":[{"taxonomy":"product_brand","embeddable":true,"href":"https:\/\/nordicmart.andreevmaster.com\/fi\/wp-json\/wp\/v2\/product_brand?post=35993"},{"taxonomy":"product_cat","embeddable":true,"href":"https:\/\/nordicmart.andreevmaster.com\/fi\/wp-json\/wp\/v2\/product_cat?post=35993"},{"taxonomy":"product_tag","embeddable":true,"href":"https:\/\/nordicmart.andreevmaster.com\/fi\/wp-json\/wp\/v2\/product_tag?post=35993"}],"curies":[{"name":"wp","href":"https:\/\/api.w.org\/{rel}","templated":true}]}}