{"id":35992,"date":"2026-02-27T00:32:30","date_gmt":"2026-02-27T00:32:30","guid":{"rendered":"https:\/\/nordicmart.andreevmaster.com\/product\/masterkidz-geometric-board-elements-256-kpl\/"},"modified":"2026-02-27T09:50:40","modified_gmt":"2026-02-27T09:50:40","slug":"masterkidz-geometric-board-elements-256-kpl","status":"publish","type":"product","link":"https:\/\/nordicmart.andreevmaster.com\/fi\/tuote\/masterkidz-geometric-board-elements-256-kpl\/","title":{"rendered":"MASTERKIDZ Geometric Board Elements 256 kpl"},"content":{"rendered":"<p>STEM-taulutarvikkeet \u2013 256 kappaletta.<\/p>\n<p>Moniv\u00e4riset muoviset tapit, jotka ovat geometristen kuvioiden muotoisia ja joilla voi luoda upeita, satumaisia kuvioita. Ne ovat yksi suosituimmista Masterkidz-luovien taulujen tarvikkeista. STEM-taulutarvikesetti sis\u00e4lt\u00e4\u00e4 256 kappaletta 4 eri muotoa ja 8 v\u00e4ri\u00e4, joilla voi luoda rajattomasti luovia kuvia.<\/p>\n<p>Kaunis, luova leikkimuoto, joka tuo monia oppimishy\u00f6tyj\u00e4, kuten muotojen, v\u00e4rien ja kuvioiden oppimisen. Rakentamalla uusia kuvia lapset harjoittavat hienomotoriikkaa ja ennen kaikkea muovaavat mielikuvitustaan ilmaistessaan itse\u00e4\u00e4n.<\/p>\n","protected":false},"excerpt":{"rendered":"<p>STEM-taulutarvikkeet \u2013 256 kappaletta. Moniv\u00e4riset muoviset tapit, jotka ovat geometristen kuvioiden muotoisia ja joilla voi luoda upeita, satumaisia kuvioita. Ne ovat yksi suosituimmista Masterkidz-luovien taulujen tarvikkeista. STEM-taulutarvikesetti sis\u00e4lt\u00e4\u00e4 256 kappaletta 4 eri muotoa ja 8 v\u00e4ri\u00e4, joilla voi luoda rajattomasti luovia kuvia. Kaunis, luova leikkimuoto, joka tuo monia oppimishy\u00f6tyj\u00e4, kuten muotojen, v\u00e4rien ja kuvioiden oppimisen. [&hellip;]<\/p>\n","protected":false},"featured_media":0,"comment_status":"open","ping_status":"closed","template":"","meta":[],"product_brand":[],"product_cat":[32],"product_tag":[],"class_list":{"0":"post-35992","1":"product","2":"type-product","3":"status-publish","5":"product_cat-uncategorized-fi","7":"first","8":"instock","9":"shipping-taxable","10":"purchasable","11":"product-type-simple"},"_links":{"self":[{"href":"https:\/\/nordicmart.andreevmaster.com\/fi\/wp-json\/wp\/v2\/product\/35992","targetHints":{"allow":["GET"]}}],"collection":[{"href":"https:\/\/nordicmart.andreevmaster.com\/fi\/wp-json\/wp\/v2\/product"}],"about":[{"href":"https:\/\/nordicmart.andreevmaster.com\/fi\/wp-json\/wp\/v2\/types\/product"}],"replies":[{"embeddable":true,"href":"https:\/\/nordicmart.andreevmaster.com\/fi\/wp-json\/wp\/v2\/comments?post=35992"}],"wp:attachment":[{"href":"https:\/\/nordicmart.andreevmaster.com\/fi\/wp-json\/wp\/v2\/media?parent=35992"}],"wp:term":[{"taxonomy":"product_brand","embeddable":true,"href":"https:\/\/nordicmart.andreevmaster.com\/fi\/wp-json\/wp\/v2\/product_brand?post=35992"},{"taxonomy":"product_cat","embeddable":true,"href":"https:\/\/nordicmart.andreevmaster.com\/fi\/wp-json\/wp\/v2\/product_cat?post=35992"},{"taxonomy":"product_tag","embeddable":true,"href":"https:\/\/nordicmart.andreevmaster.com\/fi\/wp-json\/wp\/v2\/product_tag?post=35992"}],"curies":[{"name":"wp","href":"https:\/\/api.w.org\/{rel}","templated":true}]}}