{"id":35991,"date":"2026-02-27T00:32:29","date_gmt":"2026-02-27T00:32:29","guid":{"rendered":"https:\/\/nordicmart.andreevmaster.com\/product\/masterkidz-geometric-elements-8-varia-256-kpl-lisavarusteet-stem-laudoille\/"},"modified":"2026-02-27T09:50:40","modified_gmt":"2026-02-27T09:50:40","slug":"masterkidz-geometric-elements-8-varia-256-kpl-lisavarusteet-stem-laudoille","status":"publish","type":"product","link":"https:\/\/nordicmart.andreevmaster.com\/fi\/tuote\/masterkidz-geometric-elements-8-varia-256-kpl-lisavarusteet-stem-laudoille\/","title":{"rendered":"MASTERKIDZ Geometric Elements 8 v\u00e4ri\u00e4 256 kpl Lis\u00e4varusteet STEM-laudoille"},"content":{"rendered":"<p>MASTERKIDZ-sarjan puulaudoille tarkoitetut tapit tekev\u00e4t leikkimisest\u00e4 hauskempaa kaikille lapsille.Ominaisuudet:<\/p>\n<p>* &#8211; V\u00e4rikk\u00e4\u00e4t tapit stimuloivat lasten mielikuvitusta. Lapset nauttivat el\u00e4inten, autojen, kuvien ja monien muiden muotojen luomisesta laudoille.<br \/>\n* &#8211; Laudat kannustavat lapsia leikkim\u00e4\u00e4n luovasti, ajattelemaan loogisesti, kehitt\u00e4m\u00e4\u00e4n hieno- ja karkeamotorisia taitoja, jakamaan leluja kesken\u00e4\u00e4n ja olemaan vuorovaikutuksessa.* &#8211; V\u00e4rikk\u00e4\u00e4t tapit nelj\u00e4ss\u00e4 eri geometrisessa muodossa ja kahdeksassa v\u00e4riss\u00e4. * &#8211; K\u00e4sist\u00e4\u00e4n taitavat lapset voivat helposti kiinnitt\u00e4\u00e4 tapit STEM-laudoille. * &#8211; Tapit on valmistettu materiaaleista, jotka kest\u00e4v\u00e4t vett\u00e4 ja auringonvaloa, kuten v\u00e4rimuutoksia tai halkeilua. Ihanteellinen sis\u00e4- ja ulkok\u00e4ytt\u00f6\u00f6n.<\/p>\n","protected":false},"excerpt":{"rendered":"<p>MASTERKIDZ-sarjan puulaudoille tarkoitetut tapit tekev\u00e4t leikkimisest\u00e4 hauskempaa kaikille lapsille.Ominaisuudet: * &#8211; V\u00e4rikk\u00e4\u00e4t tapit stimuloivat lasten mielikuvitusta. Lapset nauttivat el\u00e4inten, autojen, kuvien ja monien muiden muotojen luomisesta laudoille. * &#8211; Laudat kannustavat lapsia leikkim\u00e4\u00e4n luovasti, ajattelemaan loogisesti, kehitt\u00e4m\u00e4\u00e4n hieno- ja karkeamotorisia taitoja, jakamaan leluja kesken\u00e4\u00e4n ja olemaan vuorovaikutuksessa.* &#8211; V\u00e4rikk\u00e4\u00e4t tapit nelj\u00e4ss\u00e4 eri geometrisessa muodossa ja [&hellip;]<\/p>\n","protected":false},"featured_media":0,"comment_status":"open","ping_status":"closed","template":"","meta":[],"product_brand":[],"product_cat":[32],"product_tag":[],"class_list":{"0":"post-35991","1":"product","2":"type-product","3":"status-publish","5":"product_cat-uncategorized-fi","7":"first","8":"instock","9":"shipping-taxable","10":"purchasable","11":"product-type-simple"},"_links":{"self":[{"href":"https:\/\/nordicmart.andreevmaster.com\/fi\/wp-json\/wp\/v2\/product\/35991","targetHints":{"allow":["GET"]}}],"collection":[{"href":"https:\/\/nordicmart.andreevmaster.com\/fi\/wp-json\/wp\/v2\/product"}],"about":[{"href":"https:\/\/nordicmart.andreevmaster.com\/fi\/wp-json\/wp\/v2\/types\/product"}],"replies":[{"embeddable":true,"href":"https:\/\/nordicmart.andreevmaster.com\/fi\/wp-json\/wp\/v2\/comments?post=35991"}],"wp:attachment":[{"href":"https:\/\/nordicmart.andreevmaster.com\/fi\/wp-json\/wp\/v2\/media?parent=35991"}],"wp:term":[{"taxonomy":"product_brand","embeddable":true,"href":"https:\/\/nordicmart.andreevmaster.com\/fi\/wp-json\/wp\/v2\/product_brand?post=35991"},{"taxonomy":"product_cat","embeddable":true,"href":"https:\/\/nordicmart.andreevmaster.com\/fi\/wp-json\/wp\/v2\/product_cat?post=35991"},{"taxonomy":"product_tag","embeddable":true,"href":"https:\/\/nordicmart.andreevmaster.com\/fi\/wp-json\/wp\/v2\/product_tag?post=35991"}],"curies":[{"name":"wp","href":"https:\/\/api.w.org\/{rel}","templated":true}]}}