{"id":35989,"date":"2026-02-27T00:32:29","date_gmt":"2026-02-27T00:32:29","guid":{"rendered":"https:\/\/nordicmart.andreevmaster.com\/product\/masterkidz-tapit-ja-narut-sarja-stem-tieteeseen-ja-luovaan-tauluun\/"},"modified":"2026-02-27T09:50:40","modified_gmt":"2026-02-27T09:50:40","slug":"masterkidz-tapit-ja-narut-sarja-stem-tieteeseen-ja-luovaan-tauluun","status":"publish","type":"product","link":"https:\/\/nordicmart.andreevmaster.com\/fi\/tuote\/masterkidz-tapit-ja-narut-sarja-stem-tieteeseen-ja-luovaan-tauluun\/","title":{"rendered":"MASTERKIDZ Tapit ja narut -sarja &#8211; STEM-tieteeseen ja luovaan tauluun"},"content":{"rendered":"<p>200 tapin ja 60 v\u00e4rikk\u00e4\u00e4n narun sarja luovaan leikkiin. T\u00e4m\u00e4 on loistava tuote, jonka avulla lapsesi voi paitsi koristella taulua kauniisti ja luoda upeita piirroksia, my\u00f6s parantaa k\u00e4den taitojaan. Leikki parantaa lasten motorisia taitoja, loogista ajattelua ja luovuutta. <\/p>\n<p>Aseta tapit oikeille paikoille ja yhdist\u00e4 ne sitten v\u00e4rillisill\u00e4 naruilla. N\u00e4in voit &#8221;piirt\u00e4\u00e4&#8221; kirjaimia, numeroita, geometrisia muotoja ja mit\u00e4 tahansa muuta, mik\u00e4 mieleen tulee. <\/p>\n<p>Tapit ja narut voidaan k\u00e4ytt\u00e4\u00e4 luovien kuvien luomiseen tai matematiikan ja kirjainten harjoitteluun. Naruja voidaan k\u00e4ytt\u00e4\u00e4 matemaattisten laskutoimitusten tekemiseen taululla. T\u00e4m\u00e4 stimuloi ajattelua ja on hauskaa, joten oppiminen on paljon helpompaa kuin perinteisess\u00e4 muodossa.<\/p>\n<p>### Ominaisuudet:<\/p>\n<p>&#8211; Sarja sis\u00e4lt\u00e4\u00e4 200 tappia &#8211; 60 v\u00e4rikk\u00e4it\u00e4 naruja 6 eri v\u00e4riss\u00e4 &#8211; Parantaa k\u00e4den k\u00e4tevyytt\u00e4 &#8211; Opettaa loogista ajattelua &#8211; Taululle voidaan luoda matemaattisia laskutoimituksia &#8211; Nauhoittamisen ansiosta lapsi harjoittelee yleisi\u00e4 motorisia taitoja<\/p>\n","protected":false},"excerpt":{"rendered":"<p>200 tapin ja 60 v\u00e4rikk\u00e4\u00e4n narun sarja luovaan leikkiin. T\u00e4m\u00e4 on loistava tuote, jonka avulla lapsesi voi paitsi koristella taulua kauniisti ja luoda upeita piirroksia, my\u00f6s parantaa k\u00e4den taitojaan. Leikki parantaa lasten motorisia taitoja, loogista ajattelua ja luovuutta. Aseta tapit oikeille paikoille ja yhdist\u00e4 ne sitten v\u00e4rillisill\u00e4 naruilla. N\u00e4in voit &#8221;piirt\u00e4\u00e4&#8221; kirjaimia, numeroita, geometrisia muotoja [&hellip;]<\/p>\n","protected":false},"featured_media":0,"comment_status":"open","ping_status":"closed","template":"","meta":[],"product_brand":[],"product_cat":[32],"product_tag":[],"class_list":{"0":"post-35989","1":"product","2":"type-product","3":"status-publish","5":"product_cat-uncategorized-fi","7":"first","8":"instock","9":"shipping-taxable","10":"purchasable","11":"product-type-simple"},"_links":{"self":[{"href":"https:\/\/nordicmart.andreevmaster.com\/fi\/wp-json\/wp\/v2\/product\/35989","targetHints":{"allow":["GET"]}}],"collection":[{"href":"https:\/\/nordicmart.andreevmaster.com\/fi\/wp-json\/wp\/v2\/product"}],"about":[{"href":"https:\/\/nordicmart.andreevmaster.com\/fi\/wp-json\/wp\/v2\/types\/product"}],"replies":[{"embeddable":true,"href":"https:\/\/nordicmart.andreevmaster.com\/fi\/wp-json\/wp\/v2\/comments?post=35989"}],"wp:attachment":[{"href":"https:\/\/nordicmart.andreevmaster.com\/fi\/wp-json\/wp\/v2\/media?parent=35989"}],"wp:term":[{"taxonomy":"product_brand","embeddable":true,"href":"https:\/\/nordicmart.andreevmaster.com\/fi\/wp-json\/wp\/v2\/product_brand?post=35989"},{"taxonomy":"product_cat","embeddable":true,"href":"https:\/\/nordicmart.andreevmaster.com\/fi\/wp-json\/wp\/v2\/product_cat?post=35989"},{"taxonomy":"product_tag","embeddable":true,"href":"https:\/\/nordicmart.andreevmaster.com\/fi\/wp-json\/wp\/v2\/product_tag?post=35989"}],"curies":[{"name":"wp","href":"https:\/\/api.w.org\/{rel}","templated":true}]}}