{"id":35988,"date":"2026-02-27T00:32:28","date_gmt":"2026-02-27T00:32:28","guid":{"rendered":"https:\/\/nordicmart.andreevmaster.com\/product\/masterkidz-pegs-for-manipulative-board-512-kpl-6-varia\/"},"modified":"2026-02-27T09:50:40","modified_gmt":"2026-02-27T09:50:40","slug":"masterkidz-pegs-for-manipulative-board-512-kpl-6-varia","status":"publish","type":"product","link":"https:\/\/nordicmart.andreevmaster.com\/fi\/tuote\/masterkidz-pegs-for-manipulative-board-512-kpl-6-varia\/","title":{"rendered":"MASTERKIDZ Pegs for Manipulative Board 512 kpl. 6 v\u00e4ri\u00e4"},"content":{"rendered":"<p>Masterkidz-tuotemerkin v\u00e4rikk\u00e4\u00e4t tapit STEM-manipulointitaululle mahdollistavat unohtumattomien rakenteiden luomisen taululle. Ainoa rajoitus on mielikuvituksesi, joten anna sen lent\u00e4\u00e4 ja luo jotain kaunista! Tapit ovat saatavilla 6 v\u00e4riss\u00e4, joten voit luoda erilaisia yhdistelmi\u00e4.Ominaisuudet:<\/p>\n<p>* &#8211; 512 tapin sarja 6 v\u00e4riss\u00e4<br \/>\n* &#8211; Yhteensopiva Masterkidz STEM -manipulointitaulujen kanssa<br \/>\n* &#8211; Laadukas rakenne takaa kest\u00e4vyyden ja turvallisuuden<br \/>\n* &#8211; Mahdollistaa kuvioiden ja kuvien nopean ja helpon luomisen<\/p>\n<p>Lelu kehitt\u00e4\u00e4:<\/p>\n<p>* &#8211; Mielikuvitusta<br \/>\n* &#8211; Luovuutta<br \/>\n* &#8211; K\u00e4sien taitoja<br \/>\n* &#8211; Loogista ajattelua<\/p>\n<p>&#8211; Mielikuvitusta<\/p>\n<p>&#8211; Luovuutta<\/p>\n<p>&#8211; K\u00e4sien taitoja<\/p>\n<p>&#8211; Loogista ajattelua<\/p>\n<p>Yhteensopiva seuraavien kanssa:<\/p>\n<p>* &#8211; STEM-ty\u00f6pajat ME29584 ME29591<br \/>\n* &#8211; STEM-sein\u00e4taulut ME12838 ME10971 ME11343 ME15358 ME15372 ME15389 ME15365 ME25111 ME25166<br \/>\n* &#8211; STEM-vapaasti seisovat taulut ME29348 ME09548 ME09531 ME2932<br \/>\n* &#8211; STEM-sein\u00e4t ME30849<br \/>\n* &#8211; Valmiit sarjat STEM MK0005 MK0006 MK0008 MK0009 MK0010 ME20925 ME25319-1 ME25319-2<\/p>\n<p>&#8211; STEM-ty\u00f6pajat ME29584 ME29591<\/p>\n<p>&#8211; STEM-sein\u00e4taulut ME12838 ME10971 ME11343 ME15358 ME15372 ME15389 ME15365 ME25111 ME25166<\/p>\n<p>&#8211; Vapaasti seisovat taulut STEM ME29348 ME09548 ME09531 ME2932<\/p>\n<p>&#8211; STEM-sein\u00e4t ME30849<\/p>\n<p>&#8211; Valmiit STEM-sarjat MK0005 MK0006 MK0008 MK0009 MK0010 ME20925 ME25319-1 ME25319-2<\/p>\n","protected":false},"excerpt":{"rendered":"<p>Masterkidz-tuotemerkin v\u00e4rikk\u00e4\u00e4t tapit STEM-manipulointitaululle mahdollistavat unohtumattomien rakenteiden luomisen taululle. Ainoa rajoitus on mielikuvituksesi, joten anna sen lent\u00e4\u00e4 ja luo jotain kaunista! Tapit ovat saatavilla 6 v\u00e4riss\u00e4, joten voit luoda erilaisia yhdistelmi\u00e4.Ominaisuudet: * &#8211; 512 tapin sarja 6 v\u00e4riss\u00e4 * &#8211; Yhteensopiva Masterkidz STEM -manipulointitaulujen kanssa * &#8211; Laadukas rakenne takaa kest\u00e4vyyden ja turvallisuuden * &#8211; [&hellip;]<\/p>\n","protected":false},"featured_media":0,"comment_status":"open","ping_status":"closed","template":"","meta":[],"product_brand":[],"product_cat":[32],"product_tag":[],"class_list":{"0":"post-35988","1":"product","2":"type-product","3":"status-publish","5":"product_cat-uncategorized-fi","7":"first","8":"instock","9":"shipping-taxable","10":"purchasable","11":"product-type-simple"},"_links":{"self":[{"href":"https:\/\/nordicmart.andreevmaster.com\/fi\/wp-json\/wp\/v2\/product\/35988","targetHints":{"allow":["GET"]}}],"collection":[{"href":"https:\/\/nordicmart.andreevmaster.com\/fi\/wp-json\/wp\/v2\/product"}],"about":[{"href":"https:\/\/nordicmart.andreevmaster.com\/fi\/wp-json\/wp\/v2\/types\/product"}],"replies":[{"embeddable":true,"href":"https:\/\/nordicmart.andreevmaster.com\/fi\/wp-json\/wp\/v2\/comments?post=35988"}],"wp:attachment":[{"href":"https:\/\/nordicmart.andreevmaster.com\/fi\/wp-json\/wp\/v2\/media?parent=35988"}],"wp:term":[{"taxonomy":"product_brand","embeddable":true,"href":"https:\/\/nordicmart.andreevmaster.com\/fi\/wp-json\/wp\/v2\/product_brand?post=35988"},{"taxonomy":"product_cat","embeddable":true,"href":"https:\/\/nordicmart.andreevmaster.com\/fi\/wp-json\/wp\/v2\/product_cat?post=35988"},{"taxonomy":"product_tag","embeddable":true,"href":"https:\/\/nordicmart.andreevmaster.com\/fi\/wp-json\/wp\/v2\/product_tag?post=35988"}],"curies":[{"name":"wp","href":"https:\/\/api.w.org\/{rel}","templated":true}]}}