{"id":35986,"date":"2026-02-27T00:32:28","date_gmt":"2026-02-27T00:32:28","guid":{"rendered":"https:\/\/nordicmart.andreevmaster.com\/product\/masterkidz-montessori-hengityselinten-opetuslauta\/"},"modified":"2026-02-27T09:50:39","modified_gmt":"2026-02-27T09:50:39","slug":"masterkidz-montessori-hengityselinten-opetuslauta","status":"publish","type":"product","link":"https:\/\/nordicmart.andreevmaster.com\/fi\/tuote\/masterkidz-montessori-hengityselinten-opetuslauta\/","title":{"rendered":"MASTERKIDZ Montessori-hengityselinten opetuslauta"},"content":{"rendered":"<p>Masterkidz-hengityselinten opetuslauta n\u00e4ytt\u00e4\u00e4 helposti ymm\u00e4rrett\u00e4v\u00e4ll\u00e4 ja houkuttelevalla tavalla, miten hengitysprosessi toimii ihmiskehossa. Realististen kuvien ja valoefektien ansiosta lapset voivat seurata ilman kulkua nen\u00e4st\u00e4 keuhkoihin ja oppia, miten hengit\u00e4mme, mit\u00e4 tapahtuu sis\u00e4\u00e4n- ja uloshengityksen aikana ja mitk\u00e4 elimet osallistuvat t\u00e4h\u00e4n prosessiin. Se on erinomainen valinta pienille tutkijoille, jotka haluavat oppia ihmiskehon salaisuuksia leikin ja kokemuksen kautta.\u2757\ufe0f Vaatii 4 AA-paristoa (ei sis\u00e4lly toimitukseen) \u2757\ufe0f<\/p>\n<p>Ominaisuudet:<\/p>\n<p>* \u2714\ufe0f Interaktiivinen opetuslevy, jossa on valoefektej\u00e4 ja joka kuvaa ihmisen hengityselimi\u00e4.<br \/>\n* \u2714\ufe0f Selke\u00e4t kaaviot, jotka esitt\u00e4v\u00e4t hengitysprosessin<br \/>\n* \u2714\ufe0f Kun &#8221;Inhale&#8221; (Hengit\u00e4 sis\u00e4\u00e4n) -painiketta painetaan, ikkunat syttyv\u00e4t ja valo alkaa virrata, mik\u00e4 havainnollistaa sis\u00e4\u00e4nhengityksen prosessia \u2013 palleaa liikkuu alasp\u00e4in, keuhkot laajenevat ja ilma virtaa keuhkoihin<br \/>\n* \u2714\ufe0f Kun &#8221;Exhale&#8221; (Hengit\u00e4 ulos) -painiketta painetaan, palleaa liikkuu yl\u00f6sp\u00e4in, keuhkot supistuvat ja ilma alkaa virrata ulos ihmiskehosta<br \/>\n* \u2714\ufe0f &#8221;Hengit\u00e4&#8221;-painiketta k\u00e4ytet\u00e4\u00e4n koko hengitysprosessin havainnollistamiseen<br \/>\n* \u2714\ufe0f Kaikki merkinn\u00e4t ovat englanniksi, joten lapset voivat oppia samalla vierasta kielt\u00e4<\/p>\n<p>Lelu kehitt\u00e4\u00e4:<\/p>\n<p>* \u2b50 Motorisia taitoja<br \/>\n* \u2b50 Aistitaitoja<br \/>\n* \u2b50 Mielikuvitusta<br \/>\n* \u2b50 Keskittymiskyky\u00e4<br \/>\n* \u2b50 Uteliaisuutta<\/p>\n<p>Yhteensopiva seuraavien levyjen kanssa:<\/p>\n<p>* \u2705 FLEX ME09692 ME09777 ME08541 kiinnityskehyksiin<br \/>\n* \u2705 FLEX-kiinnitystauluihin ME06479 ME06486<\/p>\n","protected":false},"excerpt":{"rendered":"<p>Masterkidz-hengityselinten opetuslauta n\u00e4ytt\u00e4\u00e4 helposti ymm\u00e4rrett\u00e4v\u00e4ll\u00e4 ja houkuttelevalla tavalla, miten hengitysprosessi toimii ihmiskehossa. Realististen kuvien ja valoefektien ansiosta lapset voivat seurata ilman kulkua nen\u00e4st\u00e4 keuhkoihin ja oppia, miten hengit\u00e4mme, mit\u00e4 tapahtuu sis\u00e4\u00e4n- ja uloshengityksen aikana ja mitk\u00e4 elimet osallistuvat t\u00e4h\u00e4n prosessiin. Se on erinomainen valinta pienille tutkijoille, jotka haluavat oppia ihmiskehon salaisuuksia leikin ja kokemuksen kautta.\u2757\ufe0f [&hellip;]<\/p>\n","protected":false},"featured_media":0,"comment_status":"open","ping_status":"closed","template":"","meta":[],"product_brand":[],"product_cat":[32],"product_tag":[],"class_list":{"0":"post-35986","1":"product","2":"type-product","3":"status-publish","5":"product_cat-uncategorized-fi","7":"first","8":"instock","9":"shipping-taxable","10":"purchasable","11":"product-type-simple"},"_links":{"self":[{"href":"https:\/\/nordicmart.andreevmaster.com\/fi\/wp-json\/wp\/v2\/product\/35986","targetHints":{"allow":["GET"]}}],"collection":[{"href":"https:\/\/nordicmart.andreevmaster.com\/fi\/wp-json\/wp\/v2\/product"}],"about":[{"href":"https:\/\/nordicmart.andreevmaster.com\/fi\/wp-json\/wp\/v2\/types\/product"}],"replies":[{"embeddable":true,"href":"https:\/\/nordicmart.andreevmaster.com\/fi\/wp-json\/wp\/v2\/comments?post=35986"}],"wp:attachment":[{"href":"https:\/\/nordicmart.andreevmaster.com\/fi\/wp-json\/wp\/v2\/media?parent=35986"}],"wp:term":[{"taxonomy":"product_brand","embeddable":true,"href":"https:\/\/nordicmart.andreevmaster.com\/fi\/wp-json\/wp\/v2\/product_brand?post=35986"},{"taxonomy":"product_cat","embeddable":true,"href":"https:\/\/nordicmart.andreevmaster.com\/fi\/wp-json\/wp\/v2\/product_cat?post=35986"},{"taxonomy":"product_tag","embeddable":true,"href":"https:\/\/nordicmart.andreevmaster.com\/fi\/wp-json\/wp\/v2\/product_tag?post=35986"}],"curies":[{"name":"wp","href":"https:\/\/api.w.org\/{rel}","templated":true}]}}