{"id":35985,"date":"2026-02-27T00:32:28","date_gmt":"2026-02-27T00:32:28","guid":{"rendered":"https:\/\/nordicmart.andreevmaster.com\/product\/masterkidz-montessori-moon-phases-educational-board-2\/"},"modified":"2026-02-27T09:50:39","modified_gmt":"2026-02-27T09:50:39","slug":"masterkidz-montessori-moon-phases-educational-board-2","status":"publish","type":"product","link":"https:\/\/nordicmart.andreevmaster.com\/fi\/tuote\/masterkidz-montessori-moon-phases-educational-board-2\/","title":{"rendered":"MASTERKIDZ Montessori Moon Phases Educational Board"},"content":{"rendered":"<p>Masterkidz-koulutuslevyt auttavat lapsia kehitt\u00e4m\u00e4\u00e4n monia taitoja samanaikaisesti. Jokainen levy opettaa lapsille erilaisia mielenkiintoisia aiheita, kuten miten toimia yhteiskunnassa, ja auttaa heit\u00e4 oppimaan ymp\u00e4r\u00f6iv\u00e4st\u00e4 maailmasta. Voimme hankkia useita tauluja ja vaihtaa niit\u00e4 helposti, ja erityiset kehykset pit\u00e4v\u00e4t taulun t\u00e4ydellisesti sein\u00e4\u00e4 vasten. Ominaisuudet: * &#8211; Voit hankkia useita tauluja ja vaihtaa niit\u00e4 helposti, ja erityiset kehykset pit\u00e4v\u00e4t taulun t\u00e4ydellisesti sein\u00e4\u00e4 vasten.* &#8211; Taulua voi k\u00e4ytt\u00e4\u00e4 my\u00f6s ilman kehyksi\u00e4, esimerkiksi p\u00f6yd\u00e4ll\u00e4 tai lattialla.<br \/>\n* &#8211; Voimme n\u00e4hd\u00e4 kuun maasta, koska se heijastaa auringon valoa takaisin maahan.<br \/>\n* &#8211; Kuu eroaa auringosta joka y\u00f6, kun se kiert\u00e4\u00e4 maata. T\u00e4st\u00e4 syyst\u00e4 kuun eri muodot heijastuvat maahan. N\u00e4m\u00e4 ovat kuun vaiheet.* &#8211; Kuun vaiheita on kahdeksan: uusikuu, puolikuu, ensimm\u00e4isen nelj\u00e4nneksen kuu, t\u00e4ysikuu, viimeisen nelj\u00e4nneksen kuu ja viimeisen nelj\u00e4nneksen puolikuu. * &#8211; Kun lapsi painaa paneelissa n\u00e4kyv\u00e4\u00e4 kahdeksaa vaihetta, vastaavassa kohdassa n\u00e4kyv\u00e4 vaihe syttyy taululla. &#8211; Toimii paristoilla<\/p>\n<p>Lelu kehitt\u00e4\u00e4:<\/p>\n<p>* &#8211; motorisia taitoja<br \/>\n* &#8211; aistitaitoja<br \/>\n* &#8211; k\u00e4si-silm\u00e4-koordinaatiota<br \/>\n* &#8211; mielikuvitusta<br \/>\n* &#8211; keskittymiskyky\u00e4<br \/>\n* &#8211; uteliaisuutta<\/p>\n","protected":false},"excerpt":{"rendered":"<p>Masterkidz-koulutuslevyt auttavat lapsia kehitt\u00e4m\u00e4\u00e4n monia taitoja samanaikaisesti. Jokainen levy opettaa lapsille erilaisia mielenkiintoisia aiheita, kuten miten toimia yhteiskunnassa, ja auttaa heit\u00e4 oppimaan ymp\u00e4r\u00f6iv\u00e4st\u00e4 maailmasta. Voimme hankkia useita tauluja ja vaihtaa niit\u00e4 helposti, ja erityiset kehykset pit\u00e4v\u00e4t taulun t\u00e4ydellisesti sein\u00e4\u00e4 vasten. Ominaisuudet: * &#8211; Voit hankkia useita tauluja ja vaihtaa niit\u00e4 helposti, ja erityiset kehykset pit\u00e4v\u00e4t [&hellip;]<\/p>\n","protected":false},"featured_media":0,"comment_status":"open","ping_status":"closed","template":"","meta":[],"product_brand":[],"product_cat":[32],"product_tag":[],"class_list":{"0":"post-35985","1":"product","2":"type-product","3":"status-publish","5":"product_cat-uncategorized-fi","7":"first","8":"instock","9":"shipping-taxable","10":"purchasable","11":"product-type-simple"},"_links":{"self":[{"href":"https:\/\/nordicmart.andreevmaster.com\/fi\/wp-json\/wp\/v2\/product\/35985","targetHints":{"allow":["GET"]}}],"collection":[{"href":"https:\/\/nordicmart.andreevmaster.com\/fi\/wp-json\/wp\/v2\/product"}],"about":[{"href":"https:\/\/nordicmart.andreevmaster.com\/fi\/wp-json\/wp\/v2\/types\/product"}],"replies":[{"embeddable":true,"href":"https:\/\/nordicmart.andreevmaster.com\/fi\/wp-json\/wp\/v2\/comments?post=35985"}],"wp:attachment":[{"href":"https:\/\/nordicmart.andreevmaster.com\/fi\/wp-json\/wp\/v2\/media?parent=35985"}],"wp:term":[{"taxonomy":"product_brand","embeddable":true,"href":"https:\/\/nordicmart.andreevmaster.com\/fi\/wp-json\/wp\/v2\/product_brand?post=35985"},{"taxonomy":"product_cat","embeddable":true,"href":"https:\/\/nordicmart.andreevmaster.com\/fi\/wp-json\/wp\/v2\/product_cat?post=35985"},{"taxonomy":"product_tag","embeddable":true,"href":"https:\/\/nordicmart.andreevmaster.com\/fi\/wp-json\/wp\/v2\/product_tag?post=35985"}],"curies":[{"name":"wp","href":"https:\/\/api.w.org\/{rel}","templated":true}]}}