{"id":35984,"date":"2026-02-27T00:32:27","date_gmt":"2026-02-27T00:32:27","guid":{"rendered":"https:\/\/nordicmart.andreevmaster.com\/product\/masterkidz-montessori-vesikierron-opetuslauta\/"},"modified":"2026-02-27T09:50:39","modified_gmt":"2026-02-27T09:50:39","slug":"masterkidz-montessori-vesikierron-opetuslauta","status":"publish","type":"product","link":"https:\/\/nordicmart.andreevmaster.com\/fi\/tuote\/masterkidz-montessori-vesikierron-opetuslauta\/","title":{"rendered":"MASTERKIDZ Montessori-vesikierron opetuslauta"},"content":{"rendered":"<p>Masterkidz-opetustaulut auttavat lapsia kehitt\u00e4m\u00e4\u00e4n monia taitoja samanaikaisesti. Jokainen taulu opettaa lapsille erilaisia mielenkiintoisia aiheita, kuten miten toimia yhteiskunnassa, ja auttaa heit\u00e4 oppimaan ymp\u00e4r\u00f6iv\u00e4st\u00e4 maailmasta. Tauluja voi olla useita, ja ne on helppo vaihtaa. Erityiset kehykset pit\u00e4v\u00e4t taulun tukevasti sein\u00e4ll\u00e4.Ominaisuudet:<\/p>\n<p>* &#8211; Voit hankkia useita tauluja ja vaihtaa niit\u00e4 helposti, ja erityiset kehykset pit\u00e4v\u00e4t taulun t\u00e4ydellisesti sein\u00e4\u00e4 vasten.<br \/>\n* &#8211; Taulua voidaan k\u00e4ytt\u00e4\u00e4 my\u00f6s ilman kehyksi\u00e4, esimerkiksi p\u00f6yd\u00e4ll\u00e4 tai lattialla<br \/>\n* &#8211; Vesikierto koostuu veden jatkuvasta liikkeest\u00e4 merest\u00e4 taivaalle, maalle ja takaisin mereen.* &#8211; Veden liike planeettamme ymp\u00e4rill\u00e4 on elint\u00e4rke\u00e4\u00e4 el\u00e4m\u00e4lle, koska se tukee kasvien ja el\u00e4inten el\u00e4m\u00e4\u00e4. * &#8211; T\u00e4m\u00e4 taulu esittelee yksinkertaisesti koko veden kiertokulun. * &#8211; Kun painat tiettyj\u00e4 ilmakeh\u00e4n ilmi\u00f6it\u00e4, vastaavat valot syttyv\u00e4t.* &#8211; Taulussa on my\u00f6s vesikierron kokonaiskuva-painike, joka esitt\u00e4\u00e4 vesikierron ymp\u00e4rist\u00f6ss\u00e4mme.<br \/>\n* &#8211; Toimii paristoilla. <\/p>\n<p>Lelu kehitt\u00e4\u00e4: <\/p>\n<p>* &#8211; motorisia taitoja<br \/>\n* &#8211; aistitaitoja<br \/>\n* &#8211; k\u00e4si-silm\u00e4-koordinaatiota<br \/>\n* &#8211; mielikuvitusta<br \/>\n* &#8211; keskittymiskyky\u00e4<br \/>\n* &#8211; uteliaisuutta<\/p>\n","protected":false},"excerpt":{"rendered":"<p>Masterkidz-opetustaulut auttavat lapsia kehitt\u00e4m\u00e4\u00e4n monia taitoja samanaikaisesti. Jokainen taulu opettaa lapsille erilaisia mielenkiintoisia aiheita, kuten miten toimia yhteiskunnassa, ja auttaa heit\u00e4 oppimaan ymp\u00e4r\u00f6iv\u00e4st\u00e4 maailmasta. Tauluja voi olla useita, ja ne on helppo vaihtaa. Erityiset kehykset pit\u00e4v\u00e4t taulun tukevasti sein\u00e4ll\u00e4.Ominaisuudet: * &#8211; Voit hankkia useita tauluja ja vaihtaa niit\u00e4 helposti, ja erityiset kehykset pit\u00e4v\u00e4t taulun t\u00e4ydellisesti [&hellip;]<\/p>\n","protected":false},"featured_media":0,"comment_status":"open","ping_status":"closed","template":"","meta":[],"product_brand":[],"product_cat":[32],"product_tag":[],"class_list":{"0":"post-35984","1":"product","2":"type-product","3":"status-publish","5":"product_cat-uncategorized-fi","7":"first","8":"instock","9":"shipping-taxable","10":"purchasable","11":"product-type-simple"},"_links":{"self":[{"href":"https:\/\/nordicmart.andreevmaster.com\/fi\/wp-json\/wp\/v2\/product\/35984","targetHints":{"allow":["GET"]}}],"collection":[{"href":"https:\/\/nordicmart.andreevmaster.com\/fi\/wp-json\/wp\/v2\/product"}],"about":[{"href":"https:\/\/nordicmart.andreevmaster.com\/fi\/wp-json\/wp\/v2\/types\/product"}],"replies":[{"embeddable":true,"href":"https:\/\/nordicmart.andreevmaster.com\/fi\/wp-json\/wp\/v2\/comments?post=35984"}],"wp:attachment":[{"href":"https:\/\/nordicmart.andreevmaster.com\/fi\/wp-json\/wp\/v2\/media?parent=35984"}],"wp:term":[{"taxonomy":"product_brand","embeddable":true,"href":"https:\/\/nordicmart.andreevmaster.com\/fi\/wp-json\/wp\/v2\/product_brand?post=35984"},{"taxonomy":"product_cat","embeddable":true,"href":"https:\/\/nordicmart.andreevmaster.com\/fi\/wp-json\/wp\/v2\/product_cat?post=35984"},{"taxonomy":"product_tag","embeddable":true,"href":"https:\/\/nordicmart.andreevmaster.com\/fi\/wp-json\/wp\/v2\/product_tag?post=35984"}],"curies":[{"name":"wp","href":"https:\/\/api.w.org\/{rel}","templated":true}]}}