{"id":35982,"date":"2026-02-27T00:32:27","date_gmt":"2026-02-27T00:32:27","guid":{"rendered":"https:\/\/nordicmart.andreevmaster.com\/product\/masterkidz-akryylivarilliset-timantit-stem-tiedetaululle-72-kappaletta\/"},"modified":"2026-02-27T09:50:39","modified_gmt":"2026-02-27T09:50:39","slug":"masterkidz-akryylivarilliset-timantit-stem-tiedetaululle-72-kappaletta","status":"publish","type":"product","link":"https:\/\/nordicmart.andreevmaster.com\/fi\/tuote\/masterkidz-akryylivarilliset-timantit-stem-tiedetaululle-72-kappaletta\/","title":{"rendered":"MASTERKIDZ Akryyliv\u00e4rilliset timantit STEM-tiedetaululle, 72 kappaletta"},"content":{"rendered":"<p>72 timanttiblokin sarja Masterkidz-tiedelaudan ja luovan taulun koristeluun. Blokit ovat saatavana 6 eri v\u00e4riss\u00e4, 12 kappaletta kutakin v\u00e4ri\u00e4. Ne asetetaan erityisille levyille, joissa on nastat, joiden avulla ne on helppo ja nopea kiinnitt\u00e4\u00e4 tauluun tai irrottaa siit\u00e4.Niiden avulla lapset voivat monipuolistaa muista elementeist\u00e4 luotuja rakenteita tai tehd\u00e4 taideteoksia yksinomaan niist\u00e4. Ne ovat v\u00e4rikk\u00e4it\u00e4 ja kristallimaisia, yksinkertaisesti kauniita. Masterkidz-luovilla tauluilla luotuissa kaksiulotteisissa kuvissa timanttikuutioita voidaan k\u00e4ytt\u00e4\u00e4 esimerkiksi silmin\u00e4, sormusten kivin\u00e4 tai muina mielenkiintoisina elementtein\u00e4.Ominaisuudet: &#8211; sarja sis\u00e4lt\u00e4\u00e4 72 timanttikuutiota &#8211; valmistettu puusta &#8211; kuutiot ovat 6 eri v\u00e4ri\u00e4 &#8211; leikki opettaa lapsille luovuutta &#8211; timanteilla on monia k\u00e4ytt\u00f6tarkoituksia<\/p>\n","protected":false},"excerpt":{"rendered":"<p>72 timanttiblokin sarja Masterkidz-tiedelaudan ja luovan taulun koristeluun. Blokit ovat saatavana 6 eri v\u00e4riss\u00e4, 12 kappaletta kutakin v\u00e4ri\u00e4. Ne asetetaan erityisille levyille, joissa on nastat, joiden avulla ne on helppo ja nopea kiinnitt\u00e4\u00e4 tauluun tai irrottaa siit\u00e4.Niiden avulla lapset voivat monipuolistaa muista elementeist\u00e4 luotuja rakenteita tai tehd\u00e4 taideteoksia yksinomaan niist\u00e4. Ne ovat v\u00e4rikk\u00e4it\u00e4 ja kristallimaisia, [&hellip;]<\/p>\n","protected":false},"featured_media":0,"comment_status":"open","ping_status":"closed","template":"","meta":[],"product_brand":[],"product_cat":[32],"product_tag":[],"class_list":{"0":"post-35982","1":"product","2":"type-product","3":"status-publish","5":"product_cat-uncategorized-fi","7":"first","8":"instock","9":"shipping-taxable","10":"purchasable","11":"product-type-simple"},"_links":{"self":[{"href":"https:\/\/nordicmart.andreevmaster.com\/fi\/wp-json\/wp\/v2\/product\/35982","targetHints":{"allow":["GET"]}}],"collection":[{"href":"https:\/\/nordicmart.andreevmaster.com\/fi\/wp-json\/wp\/v2\/product"}],"about":[{"href":"https:\/\/nordicmart.andreevmaster.com\/fi\/wp-json\/wp\/v2\/types\/product"}],"replies":[{"embeddable":true,"href":"https:\/\/nordicmart.andreevmaster.com\/fi\/wp-json\/wp\/v2\/comments?post=35982"}],"wp:attachment":[{"href":"https:\/\/nordicmart.andreevmaster.com\/fi\/wp-json\/wp\/v2\/media?parent=35982"}],"wp:term":[{"taxonomy":"product_brand","embeddable":true,"href":"https:\/\/nordicmart.andreevmaster.com\/fi\/wp-json\/wp\/v2\/product_brand?post=35982"},{"taxonomy":"product_cat","embeddable":true,"href":"https:\/\/nordicmart.andreevmaster.com\/fi\/wp-json\/wp\/v2\/product_cat?post=35982"},{"taxonomy":"product_tag","embeddable":true,"href":"https:\/\/nordicmart.andreevmaster.com\/fi\/wp-json\/wp\/v2\/product_tag?post=35982"}],"curies":[{"name":"wp","href":"https:\/\/api.w.org\/{rel}","templated":true}]}}