{"id":35981,"date":"2026-02-27T00:32:27","date_gmt":"2026-02-27T00:32:27","guid":{"rendered":"https:\/\/nordicmart.andreevmaster.com\/product\/masterkidz-puinen-hyllykko-pyorilla-ja-hyllyilla\/"},"modified":"2026-02-27T09:50:39","modified_gmt":"2026-02-27T09:50:39","slug":"masterkidz-puinen-hyllykko-pyorilla-ja-hyllyilla","status":"publish","type":"product","link":"https:\/\/nordicmart.andreevmaster.com\/fi\/tuote\/masterkidz-puinen-hyllykko-pyorilla-ja-hyllyilla\/","title":{"rendered":"MASTERKIDZ Puinen hyllykk\u00f6 py\u00f6rill\u00e4 ja hyllyill\u00e4"},"content":{"rendered":"<p>MASTERKIDZ Puinen hyllykk\u00f6 py\u00f6rill\u00e4 ja hyllyill\u00e4 on tukeva esikoulukaluste, joka on valmistettu korkealaatuisesta puusta. Tuote on suunniteltu erilaisten tarvikkeiden ja opetusv\u00e4lineiden s\u00e4ilytt\u00e4miseen esikoulussa. Kaapin erityiset hyllyt varmistavat j\u00e4rjestyksen ja helpon saatavuuden. Py\u00f6r\u00e4t ovat my\u00f6s suuri etu. Ne tekev\u00e4t kaapista liikkuvan ja helpon sijoittaa mihin tahansa sisustukseen.<\/p>\n<p>Setti ei sis\u00e4ll\u00e4 s\u00e4ilytysastioita.<\/p>\n","protected":false},"excerpt":{"rendered":"<p>MASTERKIDZ Puinen hyllykk\u00f6 py\u00f6rill\u00e4 ja hyllyill\u00e4 on tukeva esikoulukaluste, joka on valmistettu korkealaatuisesta puusta. Tuote on suunniteltu erilaisten tarvikkeiden ja opetusv\u00e4lineiden s\u00e4ilytt\u00e4miseen esikoulussa. Kaapin erityiset hyllyt varmistavat j\u00e4rjestyksen ja helpon saatavuuden. Py\u00f6r\u00e4t ovat my\u00f6s suuri etu. Ne tekev\u00e4t kaapista liikkuvan ja helpon sijoittaa mihin tahansa sisustukseen. Setti ei sis\u00e4ll\u00e4 s\u00e4ilytysastioita.<\/p>\n","protected":false},"featured_media":0,"comment_status":"open","ping_status":"closed","template":"","meta":[],"product_brand":[],"product_cat":[32],"product_tag":[],"class_list":{"0":"post-35981","1":"product","2":"type-product","3":"status-publish","5":"product_cat-uncategorized-fi","7":"first","8":"instock","9":"shipping-taxable","10":"purchasable","11":"product-type-simple"},"_links":{"self":[{"href":"https:\/\/nordicmart.andreevmaster.com\/fi\/wp-json\/wp\/v2\/product\/35981","targetHints":{"allow":["GET"]}}],"collection":[{"href":"https:\/\/nordicmart.andreevmaster.com\/fi\/wp-json\/wp\/v2\/product"}],"about":[{"href":"https:\/\/nordicmart.andreevmaster.com\/fi\/wp-json\/wp\/v2\/types\/product"}],"replies":[{"embeddable":true,"href":"https:\/\/nordicmart.andreevmaster.com\/fi\/wp-json\/wp\/v2\/comments?post=35981"}],"wp:attachment":[{"href":"https:\/\/nordicmart.andreevmaster.com\/fi\/wp-json\/wp\/v2\/media?parent=35981"}],"wp:term":[{"taxonomy":"product_brand","embeddable":true,"href":"https:\/\/nordicmart.andreevmaster.com\/fi\/wp-json\/wp\/v2\/product_brand?post=35981"},{"taxonomy":"product_cat","embeddable":true,"href":"https:\/\/nordicmart.andreevmaster.com\/fi\/wp-json\/wp\/v2\/product_cat?post=35981"},{"taxonomy":"product_tag","embeddable":true,"href":"https:\/\/nordicmart.andreevmaster.com\/fi\/wp-json\/wp\/v2\/product_tag?post=35981"}],"curies":[{"name":"wp","href":"https:\/\/api.w.org\/{rel}","templated":true}]}}