{"id":35980,"date":"2026-02-27T00:32:26","date_gmt":"2026-02-27T00:32:26","guid":{"rendered":"https:\/\/nordicmart.andreevmaster.com\/product\/masterkidz-magneettitaulu-laskemisen-oppimiseen\/"},"modified":"2026-02-27T09:50:38","modified_gmt":"2026-02-27T09:50:38","slug":"masterkidz-magneettitaulu-laskemisen-oppimiseen","status":"publish","type":"product","link":"https:\/\/nordicmart.andreevmaster.com\/fi\/tuote\/masterkidz-magneettitaulu-laskemisen-oppimiseen\/","title":{"rendered":"MASTERKIDZ Magneettitaulu laskemisen oppimiseen"},"content":{"rendered":"<p>Koulutus- ja aistileikkikalu lapsille. Masterkidz-puinen taulu, jossa on v\u00e4rikk\u00e4iden ympyr\u00f6iden labyrintti. Lapsen teht\u00e4v\u00e4n\u00e4 on sijoittaa v\u00e4rikk\u00e4\u00e4t ympyr\u00e4t oikeisiin numeroihin magneettitikun avulla.Ominaisuudet:<\/p>\n<p>* &#8211; magneettinen labyrintti, jossa yhdistyv\u00e4t numerot ja v\u00e4rit, vahvistaa numeron ja m\u00e4\u00e4rien oppimista sek\u00e4 v\u00e4rien tunnistamistaitoja<br \/>\n* &#8211; laudassa on 6 erilaista insertti\u00e4, ja lasten teht\u00e4v\u00e4n\u00e4 on sijoittaa v\u00e4rej\u00e4 vastaavat ympyr\u00e4t<br \/>\n* &#8211; edistyneemm\u00e4ll\u00e4 tasolla vaaditaan parempia loogisen ajattelun taitoja, koska lapsille ei anneta suoria ohjeita teht\u00e4v\u00e4n ratkaisemiseksi.<\/p>\n<p>Lelu kehitt\u00e4\u00e4:<\/p>\n<p>* &#8211; motorisia taitoja<br \/>\n* &#8211; aistitaitoja<br \/>\n* &#8211; k\u00e4si-silm\u00e4-koordinaatiota<br \/>\n* &#8211; mielikuvitusta<br \/>\n* &#8211; keskittymiskyky\u00e4<br \/>\n* &#8211; uteliaisuutta<\/p>\n","protected":false},"excerpt":{"rendered":"<p>Koulutus- ja aistileikkikalu lapsille. Masterkidz-puinen taulu, jossa on v\u00e4rikk\u00e4iden ympyr\u00f6iden labyrintti. Lapsen teht\u00e4v\u00e4n\u00e4 on sijoittaa v\u00e4rikk\u00e4\u00e4t ympyr\u00e4t oikeisiin numeroihin magneettitikun avulla.Ominaisuudet: * &#8211; magneettinen labyrintti, jossa yhdistyv\u00e4t numerot ja v\u00e4rit, vahvistaa numeron ja m\u00e4\u00e4rien oppimista sek\u00e4 v\u00e4rien tunnistamistaitoja * &#8211; laudassa on 6 erilaista insertti\u00e4, ja lasten teht\u00e4v\u00e4n\u00e4 on sijoittaa v\u00e4rej\u00e4 vastaavat ympyr\u00e4t * &#8211; [&hellip;]<\/p>\n","protected":false},"featured_media":0,"comment_status":"open","ping_status":"closed","template":"","meta":[],"product_brand":[],"product_cat":[32],"product_tag":[],"class_list":{"0":"post-35980","1":"product","2":"type-product","3":"status-publish","5":"product_cat-uncategorized-fi","7":"first","8":"instock","9":"shipping-taxable","10":"purchasable","11":"product-type-simple"},"_links":{"self":[{"href":"https:\/\/nordicmart.andreevmaster.com\/fi\/wp-json\/wp\/v2\/product\/35980","targetHints":{"allow":["GET"]}}],"collection":[{"href":"https:\/\/nordicmart.andreevmaster.com\/fi\/wp-json\/wp\/v2\/product"}],"about":[{"href":"https:\/\/nordicmart.andreevmaster.com\/fi\/wp-json\/wp\/v2\/types\/product"}],"replies":[{"embeddable":true,"href":"https:\/\/nordicmart.andreevmaster.com\/fi\/wp-json\/wp\/v2\/comments?post=35980"}],"wp:attachment":[{"href":"https:\/\/nordicmart.andreevmaster.com\/fi\/wp-json\/wp\/v2\/media?parent=35980"}],"wp:term":[{"taxonomy":"product_brand","embeddable":true,"href":"https:\/\/nordicmart.andreevmaster.com\/fi\/wp-json\/wp\/v2\/product_brand?post=35980"},{"taxonomy":"product_cat","embeddable":true,"href":"https:\/\/nordicmart.andreevmaster.com\/fi\/wp-json\/wp\/v2\/product_cat?post=35980"},{"taxonomy":"product_tag","embeddable":true,"href":"https:\/\/nordicmart.andreevmaster.com\/fi\/wp-json\/wp\/v2\/product_tag?post=35980"}],"curies":[{"name":"wp","href":"https:\/\/api.w.org\/{rel}","templated":true}]}}