{"id":35979,"date":"2026-02-27T00:32:26","date_gmt":"2026-02-27T00:32:26","guid":{"rendered":"https:\/\/nordicmart.andreevmaster.com\/product\/masterkidz-gears-build-your-own-mechanism-stem-science-and-creative-board-2\/"},"modified":"2026-02-27T09:50:38","modified_gmt":"2026-02-27T09:50:38","slug":"masterkidz-gears-build-your-own-mechanism-stem-science-and-creative-board-2","status":"publish","type":"product","link":"https:\/\/nordicmart.andreevmaster.com\/fi\/tuote\/masterkidz-gears-build-your-own-mechanism-stem-science-and-creative-board-2\/","title":{"rendered":"MASTERKIDZ Gears Build Your Own Mechanism &#8211; STEM Science and Creative Board"},"content":{"rendered":"<p>Masterkidz-sarjan v\u00e4rikk\u00e4\u00e4t hammaspy\u00f6r\u00e4t ja vaihteet tarjoavat lapsille helpon p\u00e4\u00e4syn todellisiin, toimiviin teknisiin komponentteihin. Jokaisessa vaihteessa on keskilaakeri, joka jatkaa py\u00f6rimist\u00e4 tasaisesti kiinnitt\u00e4misen j\u00e4lkeen. Hammaspy\u00f6rien py\u00f6ristetyt p\u00e4\u00e4t mahdollistavat niiden helpon liitt\u00e4misen suorassa linjassa tai jopa 90 asteen kulmassa toisiinsa. Erilaiset hammaspy\u00f6r\u00e4n koot auttavat lapsia ymm\u00e4rt\u00e4m\u00e4\u00e4n vaihdesuhteiden periaatteita, ja hammasketju mahdollistaa py\u00f6rimisvoiman siirron. Sarja on yhteensopiva STEM-taulujen kanssa. Ominaisuudet: * &#8211; Py\u00f6ristetyt hampaan p\u00e4\u00e4t helpottavat hammaspy\u00f6rien liitt\u00e4mist\u00e4 linjaan tai 90 asteen kulmaan &#8211; Erilaiset py\u00f6r\u00e4t auttavat ymm\u00e4rt\u00e4m\u00e4\u00e4n vaihdesuhteita<br \/>\n* &#8211; Suunniteltu asennettavaksi Masterkidz STEM Science and Creative Boards -levyille<br \/>\n* &#8211; Elementtien kiinnitt\u00e4miseen k\u00e4ytet\u00e4\u00e4n erityisi\u00e4 Masterkidz-ruuveja tai -tappeja (ei sis\u00e4lly sarjaan)<br \/>\n* &#8211; Hammaspy\u00f6r\u00e4t ja mekanismit kiehtovat lapsia \u2013 ne py\u00f6riv\u00e4t, kytkeytyv\u00e4t toisiinsa ja toimivat yhten\u00e4 kokonaisuutena, mik\u00e4 antaa paljon tyydytyst\u00e4 ja hauskuutta<br \/>\n* &#8211; Laadukas valmistus takaa kest\u00e4vyyden ja turvallisuuden leikin aikana<\/p>\n<p>Sarja sis\u00e4lt\u00e4\u00e4:<\/p>\n<p>* &#8211; 2 hammaspy\u00f6r\u00e4\u00e4 kampiakselilla<br \/>\n* &#8211; 12 isoa hammaspy\u00f6r\u00e4\u00e4, joissa on 12 hammasta<br \/>\n* &#8211; 24 v\u00e4rillist\u00e4 hammaspy\u00f6r\u00e4\u00e4, joissa on 6 hammasta<br \/>\n* &#8211; Ketju, jonka pituutta voi s\u00e4\u00e4t\u00e4\u00e4<\/p>\n<p>Lelu kehitt\u00e4\u00e4:<\/p>\n<p>* &#8211; Motorisia taitoja<br \/>\n* &#8211; Luovuutta<br \/>\n* &#8211; K\u00e4sity\u00f6taitoja<br \/>\n* &#8211; Loogista ajattelua<\/p>\n<p>&#8211; Motorisia taitoja<\/p>\n<p>&#8211; Luovuutta<\/p>\n<p>&#8211; K\u00e4sity\u00f6taitoja<\/p>\n<p>&#8211; Loogista ajattelua<\/p>\n<p>Sarja yhteensopiva:<\/p>\n<p>* &#8211; STEM-ty\u00f6pajat ME29584 ME29591<br \/>\n* &#8211; STEM-sein\u00e4taulut ME12838 ME10971 ME11343 ME15358 ME15372 ME15389 ME15365 ME25111 ME25166<br \/>\n* &#8211; STEM-vapaasti seisovat taulut ME29348 ME09548 ME09531 ME2932<br \/>\n* &#8211; STEM-sein\u00e4t ME30849<br \/>\n* &#8211; Valmiit sarjat STEM MK0005 MK0006 MK0008 MK0009 MK0010 ME20925 ME25319-1 ME25319-2<\/p>\n","protected":false},"excerpt":{"rendered":"<p>Masterkidz-sarjan v\u00e4rikk\u00e4\u00e4t hammaspy\u00f6r\u00e4t ja vaihteet tarjoavat lapsille helpon p\u00e4\u00e4syn todellisiin, toimiviin teknisiin komponentteihin. Jokaisessa vaihteessa on keskilaakeri, joka jatkaa py\u00f6rimist\u00e4 tasaisesti kiinnitt\u00e4misen j\u00e4lkeen. Hammaspy\u00f6rien py\u00f6ristetyt p\u00e4\u00e4t mahdollistavat niiden helpon liitt\u00e4misen suorassa linjassa tai jopa 90 asteen kulmassa toisiinsa. Erilaiset hammaspy\u00f6r\u00e4n koot auttavat lapsia ymm\u00e4rt\u00e4m\u00e4\u00e4n vaihdesuhteiden periaatteita, ja hammasketju mahdollistaa py\u00f6rimisvoiman siirron. Sarja on yhteensopiva STEM-taulujen [&hellip;]<\/p>\n","protected":false},"featured_media":0,"comment_status":"open","ping_status":"closed","template":"","meta":[],"product_brand":[],"product_cat":[32],"product_tag":[],"class_list":{"0":"post-35979","1":"product","2":"type-product","3":"status-publish","5":"product_cat-uncategorized-fi","7":"first","8":"instock","9":"shipping-taxable","10":"purchasable","11":"product-type-simple"},"_links":{"self":[{"href":"https:\/\/nordicmart.andreevmaster.com\/fi\/wp-json\/wp\/v2\/product\/35979","targetHints":{"allow":["GET"]}}],"collection":[{"href":"https:\/\/nordicmart.andreevmaster.com\/fi\/wp-json\/wp\/v2\/product"}],"about":[{"href":"https:\/\/nordicmart.andreevmaster.com\/fi\/wp-json\/wp\/v2\/types\/product"}],"replies":[{"embeddable":true,"href":"https:\/\/nordicmart.andreevmaster.com\/fi\/wp-json\/wp\/v2\/comments?post=35979"}],"wp:attachment":[{"href":"https:\/\/nordicmart.andreevmaster.com\/fi\/wp-json\/wp\/v2\/media?parent=35979"}],"wp:term":[{"taxonomy":"product_brand","embeddable":true,"href":"https:\/\/nordicmart.andreevmaster.com\/fi\/wp-json\/wp\/v2\/product_brand?post=35979"},{"taxonomy":"product_cat","embeddable":true,"href":"https:\/\/nordicmart.andreevmaster.com\/fi\/wp-json\/wp\/v2\/product_cat?post=35979"},{"taxonomy":"product_tag","embeddable":true,"href":"https:\/\/nordicmart.andreevmaster.com\/fi\/wp-json\/wp\/v2\/product_tag?post=35979"}],"curies":[{"name":"wp","href":"https:\/\/api.w.org\/{rel}","templated":true}]}}