{"id":35978,"date":"2026-02-27T00:32:26","date_gmt":"2026-02-27T00:32:26","guid":{"rendered":"https:\/\/nordicmart.andreevmaster.com\/product\/masterkidz-stem-flex-kiinnitysjarjestelma-opetuslevyille\/"},"modified":"2026-02-27T09:50:38","modified_gmt":"2026-02-27T09:50:38","slug":"masterkidz-stem-flex-kiinnitysjarjestelma-opetuslevyille","status":"publish","type":"product","link":"https:\/\/nordicmart.andreevmaster.com\/fi\/tuote\/masterkidz-stem-flex-kiinnitysjarjestelma-opetuslevyille\/","title":{"rendered":"MASTERKIDZ STEM &#8211; Flex-kiinnitysj\u00e4rjestelm\u00e4 opetuslevyille"},"content":{"rendered":"<p>Masterkidz Flex -kiinnitysj\u00e4rjestelm\u00e4 on k\u00e4yt\u00e4nn\u00f6llinen ratkaisu, jonka avulla voit vaihtaa Masterkidz-sein\u00e4taulut nopeasti ja k\u00e4tev\u00e4sti ilman, ett\u00e4 joudut poraamaan sein\u00e4\u00e4n joka kerta. Kahden kehyksen ansiosta, joista toisessa on lukitusruuvi, taulun kiinnitt\u00e4minen ja irrottaminen on eritt\u00e4in helppoa ja turvallista. Kehysten kiinnitt\u00e4minen tauluihin on hyvin yksinkertaista \u2013 se tehd\u00e4\u00e4n erityisill\u00e4 Masterkidz-ruuveilla, joita lapsi ei pysty irrottamaan omilla ty\u00f6kaluillaan.Ominaisuudet:<\/p>\n<p>* &#8211; J\u00e4rjestelm\u00e4 koostuu kahdesta puurungosta yhden Masterkidz-taulun kiinnitt\u00e4mist\u00e4 varten<br \/>\n* &#8211; Taulun nopea ja helppo vaihto erityisen lukitusruuvin ansiosta<br \/>\n* &#8211; Asennus ilman tarvetta porata sein\u00e4\u00e4n joka kerta, kun taulu vaihdetaan<br \/>\n* &#8211; Mahdollisuus kiinnitt\u00e4\u00e4 useita tauluja samanaikaisesti (vaatii lis\u00e4 Flex-sarjojen ostamisen)<br \/>\n* &#8211; Valmistettu puusta \u2013 valitsemalla Masterkidz-tuotteet huolehdit ymp\u00e4rist\u00f6st\u00e4 ja v\u00e4henn\u00e4t muovin kulutusta<\/p>\n","protected":false},"excerpt":{"rendered":"<p>Masterkidz Flex -kiinnitysj\u00e4rjestelm\u00e4 on k\u00e4yt\u00e4nn\u00f6llinen ratkaisu, jonka avulla voit vaihtaa Masterkidz-sein\u00e4taulut nopeasti ja k\u00e4tev\u00e4sti ilman, ett\u00e4 joudut poraamaan sein\u00e4\u00e4n joka kerta. Kahden kehyksen ansiosta, joista toisessa on lukitusruuvi, taulun kiinnitt\u00e4minen ja irrottaminen on eritt\u00e4in helppoa ja turvallista. Kehysten kiinnitt\u00e4minen tauluihin on hyvin yksinkertaista \u2013 se tehd\u00e4\u00e4n erityisill\u00e4 Masterkidz-ruuveilla, joita lapsi ei pysty irrottamaan omilla ty\u00f6kaluillaan.Ominaisuudet: [&hellip;]<\/p>\n","protected":false},"featured_media":0,"comment_status":"open","ping_status":"closed","template":"","meta":[],"product_brand":[],"product_cat":[32],"product_tag":[],"class_list":{"0":"post-35978","1":"product","2":"type-product","3":"status-publish","5":"product_cat-uncategorized-fi","7":"first","8":"instock","9":"shipping-taxable","10":"purchasable","11":"product-type-simple"},"_links":{"self":[{"href":"https:\/\/nordicmart.andreevmaster.com\/fi\/wp-json\/wp\/v2\/product\/35978","targetHints":{"allow":["GET"]}}],"collection":[{"href":"https:\/\/nordicmart.andreevmaster.com\/fi\/wp-json\/wp\/v2\/product"}],"about":[{"href":"https:\/\/nordicmart.andreevmaster.com\/fi\/wp-json\/wp\/v2\/types\/product"}],"replies":[{"embeddable":true,"href":"https:\/\/nordicmart.andreevmaster.com\/fi\/wp-json\/wp\/v2\/comments?post=35978"}],"wp:attachment":[{"href":"https:\/\/nordicmart.andreevmaster.com\/fi\/wp-json\/wp\/v2\/media?parent=35978"}],"wp:term":[{"taxonomy":"product_brand","embeddable":true,"href":"https:\/\/nordicmart.andreevmaster.com\/fi\/wp-json\/wp\/v2\/product_brand?post=35978"},{"taxonomy":"product_cat","embeddable":true,"href":"https:\/\/nordicmart.andreevmaster.com\/fi\/wp-json\/wp\/v2\/product_cat?post=35978"},{"taxonomy":"product_tag","embeddable":true,"href":"https:\/\/nordicmart.andreevmaster.com\/fi\/wp-json\/wp\/v2\/product_tag?post=35978"}],"curies":[{"name":"wp","href":"https:\/\/api.w.org\/{rel}","templated":true}]}}