{"id":35977,"date":"2026-02-27T00:32:26","date_gmt":"2026-02-27T00:32:26","guid":{"rendered":"https:\/\/nordicmart.andreevmaster.com\/product\/masterkidz-puinen-sailytyslaatikko-40-cm-stem-koulutus-ja-luova-taulu\/"},"modified":"2026-02-27T09:50:38","modified_gmt":"2026-02-27T09:50:38","slug":"masterkidz-puinen-sailytyslaatikko-40-cm-stem-koulutus-ja-luova-taulu","status":"publish","type":"product","link":"https:\/\/nordicmart.andreevmaster.com\/fi\/tuote\/masterkidz-puinen-sailytyslaatikko-40-cm-stem-koulutus-ja-luova-taulu\/","title":{"rendered":"MASTERKIDZ Puinen s\u00e4ilytyslaatikko 40 cm &#8211; STEM-koulutus- ja luova taulu"},"content":{"rendered":"<p>20 cm leve\u00e4 Masterkidz-puinen s\u00e4ilytyslaatikko on k\u00e4yt\u00e4nn\u00f6llinen lis\u00e4 STEM-tiede- ja luovuustauluun, jonka avulla voit k\u00e4tev\u00e4sti s\u00e4ilytt\u00e4\u00e4 erilaisia pieni\u00e4 esineit\u00e4, kuten kirjoja, kaukos\u00e4\u00e4timi\u00e4 ja leluja. Se kiinnitet\u00e4\u00e4n suoraan tauluun ja sopii hyvin kotiin, p\u00e4iv\u00e4kotiin tai leikkihuoneeseen, auttaen pit\u00e4m\u00e4\u00e4n asiat j\u00e4rjestyksess\u00e4 ja tarvittavat esineet aina k\u00e4den ulottuvilla.Ominaisuudet: &#8211; Suunniteltu kiinnitett\u00e4v\u00e4ksi Masterkidz STEM Manipulative Board -tauluun<br \/>\n* &#8211; Varustettu l\u00e4pin\u00e4kyv\u00e4ll\u00e4 levyll\u00e4, joka est\u00e4\u00e4 sis\u00e4ll\u00f6n putoamisen ulos<br \/>\n* &#8211; Ihanteellinen kirjoille, kaukos\u00e4\u00e4timille, pienille leluille ja koristeille<br \/>\n* &#8211; Eritt\u00e4in helppo koota tavallisilla Masterkidz-ruuveilla \u2013 lapset eiv\u00e4t voi avata laatikkoa sarjan ty\u00f6kaluilla<br \/>\n* &#8211; Valmistettu kest\u00e4v\u00e4st\u00e4 puusta<\/p>\n","protected":false},"excerpt":{"rendered":"<p>20 cm leve\u00e4 Masterkidz-puinen s\u00e4ilytyslaatikko on k\u00e4yt\u00e4nn\u00f6llinen lis\u00e4 STEM-tiede- ja luovuustauluun, jonka avulla voit k\u00e4tev\u00e4sti s\u00e4ilytt\u00e4\u00e4 erilaisia pieni\u00e4 esineit\u00e4, kuten kirjoja, kaukos\u00e4\u00e4timi\u00e4 ja leluja. Se kiinnitet\u00e4\u00e4n suoraan tauluun ja sopii hyvin kotiin, p\u00e4iv\u00e4kotiin tai leikkihuoneeseen, auttaen pit\u00e4m\u00e4\u00e4n asiat j\u00e4rjestyksess\u00e4 ja tarvittavat esineet aina k\u00e4den ulottuvilla.Ominaisuudet: &#8211; Suunniteltu kiinnitett\u00e4v\u00e4ksi Masterkidz STEM Manipulative Board -tauluun * &#8211; [&hellip;]<\/p>\n","protected":false},"featured_media":0,"comment_status":"open","ping_status":"closed","template":"","meta":[],"product_brand":[],"product_cat":[32],"product_tag":[],"class_list":{"0":"post-35977","1":"product","2":"type-product","3":"status-publish","5":"product_cat-uncategorized-fi","7":"first","8":"instock","9":"shipping-taxable","10":"purchasable","11":"product-type-simple"},"_links":{"self":[{"href":"https:\/\/nordicmart.andreevmaster.com\/fi\/wp-json\/wp\/v2\/product\/35977","targetHints":{"allow":["GET"]}}],"collection":[{"href":"https:\/\/nordicmart.andreevmaster.com\/fi\/wp-json\/wp\/v2\/product"}],"about":[{"href":"https:\/\/nordicmart.andreevmaster.com\/fi\/wp-json\/wp\/v2\/types\/product"}],"replies":[{"embeddable":true,"href":"https:\/\/nordicmart.andreevmaster.com\/fi\/wp-json\/wp\/v2\/comments?post=35977"}],"wp:attachment":[{"href":"https:\/\/nordicmart.andreevmaster.com\/fi\/wp-json\/wp\/v2\/media?parent=35977"}],"wp:term":[{"taxonomy":"product_brand","embeddable":true,"href":"https:\/\/nordicmart.andreevmaster.com\/fi\/wp-json\/wp\/v2\/product_brand?post=35977"},{"taxonomy":"product_cat","embeddable":true,"href":"https:\/\/nordicmart.andreevmaster.com\/fi\/wp-json\/wp\/v2\/product_cat?post=35977"},{"taxonomy":"product_tag","embeddable":true,"href":"https:\/\/nordicmart.andreevmaster.com\/fi\/wp-json\/wp\/v2\/product_tag?post=35977"}],"curies":[{"name":"wp","href":"https:\/\/api.w.org\/{rel}","templated":true}]}}