{"id":35976,"date":"2026-02-27T00:32:25","date_gmt":"2026-02-27T00:32:25","guid":{"rendered":"https:\/\/nordicmart.andreevmaster.com\/product\/masterkidz-vesipumppu-hydrauliseen-sarjaan-stem-wall-tiede-ja-luovuustaulu\/"},"modified":"2026-02-27T09:50:38","modified_gmt":"2026-02-27T09:50:38","slug":"masterkidz-vesipumppu-hydrauliseen-sarjaan-stem-wall-tiede-ja-luovuustaulu","status":"publish","type":"product","link":"https:\/\/nordicmart.andreevmaster.com\/fi\/tuote\/masterkidz-vesipumppu-hydrauliseen-sarjaan-stem-wall-tiede-ja-luovuustaulu\/","title":{"rendered":"MASTERKIDZ Vesipumppu hydrauliseen sarjaan &#8211; STEM WALL Tiede- ja luovuustaulu"},"content":{"rendered":"<p>Hydraulinen vesipumppu, joka tuo vaihtelua Masterkidz-putkij\u00e4rjestelm\u00e4n leikkeihin. Sen avulla vesi ei virtaa putkien l\u00e4pi, vaan sit\u00e4 voidaan pumpata j\u00e4rjestelm\u00e4\u00e4n ja ulos siit\u00e4. Putkien l\u00e4pi virtaava vesi tarjoaa lapsille paljon hauskaa.### Ominaisuudet:<\/p>\n<p>* &#8211; Manuaalinen vesipumppu on loistava lis\u00e4 Masterkidz-hydraulij\u00e4rjestelm\u00e4\u00e4n, joka tekee leikist\u00e4 viel\u00e4kin mielenkiintoisempaa!<br \/>\n* &#8211; Lapsesi voi pumpata vett\u00e4 sis\u00e4\u00e4n ja ulos korkealla paineella ja tarkkailla putkien l\u00e4pi virtaavan veden liikett\u00e4. Pumppu takaa tuntikausia fantastista hauskaa ja opettaa lapsellesi my\u00f6s fysiikan peruslakeja.* &#8211; Sarja sis\u00e4lt\u00e4\u00e4 pumpun, 4 ruuvia kiinnitt\u00e4mist\u00e4 varten Masterkidz STEM Science and Education Board -tauluun, 2 rengasta putkien liitt\u00e4mist\u00e4 varten pumppuun ja 3 putkea, joiden pituudet ovat 2&#215;100 cm ja 1&#215;50 cm. Masterkidz-lelut ovat korkealaatuisia, kest\u00e4vi\u00e4 ja turvallisia puisia oppimisleluja. Ne on suunniteltu ja mukautettu lapsen kehityksen eri vaiheisiin. Luova, seikkailullinen ja opettavainen leikki ovat t\u00e4m\u00e4n tuotemerkin lelujen t\u00e4rkeimm\u00e4t edut. Korvaamaton tuki Montessori-menetelm\u00e4lle. Paras valinta kotiin, p\u00e4iv\u00e4kotiin, hotelliin tai ravintolaan. Luo t\u00e4ydellinen leikkinurkkaus tai suurikokoinen opettavainen sein\u00e4. Tarjous sis\u00e4lt\u00e4\u00e4 sein\u00e4lle kiinnitett\u00e4v\u00e4t ja siirrett\u00e4v\u00e4t taulut, valaistut p\u00f6yd\u00e4t, maalauspaneelit, teemalliset opetusmoduulit ja paljon muuta. Uskomaton m\u00e4\u00e4r\u00e4 lis\u00e4varusteita ja loputtomat mahdollisuudet luovaan leikkiin.<\/p>\n","protected":false},"excerpt":{"rendered":"<p>Hydraulinen vesipumppu, joka tuo vaihtelua Masterkidz-putkij\u00e4rjestelm\u00e4n leikkeihin. Sen avulla vesi ei virtaa putkien l\u00e4pi, vaan sit\u00e4 voidaan pumpata j\u00e4rjestelm\u00e4\u00e4n ja ulos siit\u00e4. Putkien l\u00e4pi virtaava vesi tarjoaa lapsille paljon hauskaa.### Ominaisuudet: * &#8211; Manuaalinen vesipumppu on loistava lis\u00e4 Masterkidz-hydraulij\u00e4rjestelm\u00e4\u00e4n, joka tekee leikist\u00e4 viel\u00e4kin mielenkiintoisempaa! * &#8211; Lapsesi voi pumpata vett\u00e4 sis\u00e4\u00e4n ja ulos korkealla paineella [&hellip;]<\/p>\n","protected":false},"featured_media":0,"comment_status":"open","ping_status":"closed","template":"","meta":[],"product_brand":[],"product_cat":[32],"product_tag":[],"class_list":{"0":"post-35976","1":"product","2":"type-product","3":"status-publish","5":"product_cat-uncategorized-fi","7":"first","8":"instock","9":"shipping-taxable","10":"purchasable","11":"product-type-simple"},"_links":{"self":[{"href":"https:\/\/nordicmart.andreevmaster.com\/fi\/wp-json\/wp\/v2\/product\/35976","targetHints":{"allow":["GET"]}}],"collection":[{"href":"https:\/\/nordicmart.andreevmaster.com\/fi\/wp-json\/wp\/v2\/product"}],"about":[{"href":"https:\/\/nordicmart.andreevmaster.com\/fi\/wp-json\/wp\/v2\/types\/product"}],"replies":[{"embeddable":true,"href":"https:\/\/nordicmart.andreevmaster.com\/fi\/wp-json\/wp\/v2\/comments?post=35976"}],"wp:attachment":[{"href":"https:\/\/nordicmart.andreevmaster.com\/fi\/wp-json\/wp\/v2\/media?parent=35976"}],"wp:term":[{"taxonomy":"product_brand","embeddable":true,"href":"https:\/\/nordicmart.andreevmaster.com\/fi\/wp-json\/wp\/v2\/product_brand?post=35976"},{"taxonomy":"product_cat","embeddable":true,"href":"https:\/\/nordicmart.andreevmaster.com\/fi\/wp-json\/wp\/v2\/product_cat?post=35976"},{"taxonomy":"product_tag","embeddable":true,"href":"https:\/\/nordicmart.andreevmaster.com\/fi\/wp-json\/wp\/v2\/product_tag?post=35976"}],"curies":[{"name":"wp","href":"https:\/\/api.w.org\/{rel}","templated":true}]}}