{"id":35975,"date":"2026-02-27T00:32:25","date_gmt":"2026-02-27T00:32:25","guid":{"rendered":"https:\/\/nordicmart.andreevmaster.com\/product\/masterkidz-8-osainen-tyokalusetti-ruuvimeisselilla-stem-tieteeseen-ja-luovaan-tauluun\/"},"modified":"2026-02-27T09:50:37","modified_gmt":"2026-02-27T09:50:37","slug":"masterkidz-8-osainen-tyokalusetti-ruuvimeisselilla-stem-tieteeseen-ja-luovaan-tauluun","status":"publish","type":"product","link":"https:\/\/nordicmart.andreevmaster.com\/fi\/tuote\/masterkidz-8-osainen-tyokalusetti-ruuvimeisselilla-stem-tieteeseen-ja-luovaan-tauluun\/","title":{"rendered":"MASTERKIDZ 8-osainen ty\u00f6kalusetti ruuvimeisselill\u00e4 STEM-tieteeseen ja luovaan tauluun"},"content":{"rendered":"<p>K\u00e4yt\u00e4nn\u00f6llinen ty\u00f6kalusetti lapsille, joka tekee Masterkidz STEM -sein\u00e4n kanssa leikkimisest\u00e4 paljon mielenkiintoisempaa! Settiin kuuluu ruuvimeisseli 7 vaihdettavalla ter\u00e4ll\u00e4, jakoavain, ruuvimeisseli ja s\u00e4ilytyshylly. Ty\u00f6kaluja k\u00e4ytet\u00e4\u00e4n Masterkidz-ruuvien kirist\u00e4miseen ja avaamiseen. Lelu harjoittaa lasten motorisia taitoja ja opettaa heille perusv\u00e4lineiden oikeaa k\u00e4ytt\u00f6\u00e4.Ominaisuudet:<\/p>\n<p>* &#8211; Ty\u00f6kalut yhteensopivia STEM-ruuvien kanssa<br \/>\n* &#8211; 7 erilaista ruuvimeisselin ter\u00e4\u00e4<br \/>\n* &#8211; Sarja opettaa lapsille DIY-taitoja ja luovaa ongelmanratkaisua<\/p>\n<p>Sarja sis\u00e4lt\u00e4\u00e4:<\/p>\n<p>* &#8211; Ruuvimeisseli<br \/>\n* &#8211; Ruuvimeisseli<br \/>\n* &#8211; 7 erimuotoista ter\u00e4\u00e4<br \/>\n* &#8211; Puinen ty\u00f6kalujen s\u00e4ilytyshylly<\/p>\n<p>Lelu kehitt\u00e4\u00e4:<\/p>\n<p>* &#8211; Luovuutta<br \/>\n* &#8211; Mielikuvitusta<br \/>\n* &#8211; Itsen\u00e4isyytt\u00e4<br \/>\n* &#8211; Motorisia taitoja<\/p>\n","protected":false},"excerpt":{"rendered":"<p>K\u00e4yt\u00e4nn\u00f6llinen ty\u00f6kalusetti lapsille, joka tekee Masterkidz STEM -sein\u00e4n kanssa leikkimisest\u00e4 paljon mielenkiintoisempaa! Settiin kuuluu ruuvimeisseli 7 vaihdettavalla ter\u00e4ll\u00e4, jakoavain, ruuvimeisseli ja s\u00e4ilytyshylly. Ty\u00f6kaluja k\u00e4ytet\u00e4\u00e4n Masterkidz-ruuvien kirist\u00e4miseen ja avaamiseen. Lelu harjoittaa lasten motorisia taitoja ja opettaa heille perusv\u00e4lineiden oikeaa k\u00e4ytt\u00f6\u00e4.Ominaisuudet: * &#8211; Ty\u00f6kalut yhteensopivia STEM-ruuvien kanssa * &#8211; 7 erilaista ruuvimeisselin ter\u00e4\u00e4 * &#8211; Sarja opettaa [&hellip;]<\/p>\n","protected":false},"featured_media":0,"comment_status":"open","ping_status":"closed","template":"","meta":[],"product_brand":[],"product_cat":[32],"product_tag":[],"class_list":{"0":"post-35975","1":"product","2":"type-product","3":"status-publish","5":"product_cat-uncategorized-fi","7":"first","8":"instock","9":"shipping-taxable","10":"purchasable","11":"product-type-simple"},"_links":{"self":[{"href":"https:\/\/nordicmart.andreevmaster.com\/fi\/wp-json\/wp\/v2\/product\/35975","targetHints":{"allow":["GET"]}}],"collection":[{"href":"https:\/\/nordicmart.andreevmaster.com\/fi\/wp-json\/wp\/v2\/product"}],"about":[{"href":"https:\/\/nordicmart.andreevmaster.com\/fi\/wp-json\/wp\/v2\/types\/product"}],"replies":[{"embeddable":true,"href":"https:\/\/nordicmart.andreevmaster.com\/fi\/wp-json\/wp\/v2\/comments?post=35975"}],"wp:attachment":[{"href":"https:\/\/nordicmart.andreevmaster.com\/fi\/wp-json\/wp\/v2\/media?parent=35975"}],"wp:term":[{"taxonomy":"product_brand","embeddable":true,"href":"https:\/\/nordicmart.andreevmaster.com\/fi\/wp-json\/wp\/v2\/product_brand?post=35975"},{"taxonomy":"product_cat","embeddable":true,"href":"https:\/\/nordicmart.andreevmaster.com\/fi\/wp-json\/wp\/v2\/product_cat?post=35975"},{"taxonomy":"product_tag","embeddable":true,"href":"https:\/\/nordicmart.andreevmaster.com\/fi\/wp-json\/wp\/v2\/product_tag?post=35975"}],"curies":[{"name":"wp","href":"https:\/\/api.w.org\/{rel}","templated":true}]}}