{"id":35974,"date":"2026-02-27T00:32:25","date_gmt":"2026-02-27T00:32:25","guid":{"rendered":"https:\/\/nordicmart.andreevmaster.com\/product\/masterkidz-koulutusseinataulu-perhosen-elinkaari\/"},"modified":"2026-02-27T09:50:37","modified_gmt":"2026-02-27T09:50:37","slug":"masterkidz-koulutusseinataulu-perhosen-elinkaari","status":"publish","type":"product","link":"https:\/\/nordicmart.andreevmaster.com\/fi\/tuote\/masterkidz-koulutusseinataulu-perhosen-elinkaari\/","title":{"rendered":"MASTERKIDZ Koulutussein\u00e4taulu Perhosen elinkaari"},"content":{"rendered":"<p>Masterkidz-opetustaulut &#8221;elinkaari&#8221;-sarjasta ovat erinomaisia opetusv\u00e4lineit\u00e4, joita voi k\u00e4ytt\u00e4\u00e4 muussakin kuin luonnontiedon oppitunneilla koulussa. Taulu kuvaa perhosen kehitysvaiheita ja esittelee elinkaaren jokaisen vaiheen. Painikkeilla voi korostaa kunkin vaiheen ja tarkastella munia, toukkia, koteloita ja imagoja.Taulu on valmistettu kokonaan puusta ja koristeltu kauniilla kuvilla kukista ja perhosista elinkaaren eri vaiheissa. Se on ymp\u00e4rist\u00f6yst\u00e4v\u00e4llinen ja antaa lapsille mahdollisuuden hankkia tietoa lapsille sopivalla, kevyell\u00e4 ja helposti l\u00e4hestytt\u00e4v\u00e4ll\u00e4 tavalla. Se sopii erinomaisesti p\u00e4iv\u00e4koteihin, kouluihin ja muihin koulutus- ja lastenhoitopaikkoihin. Lelu toimii 2 AA-paristolla.<\/p>\n","protected":false},"excerpt":{"rendered":"<p>Masterkidz-opetustaulut &#8221;elinkaari&#8221;-sarjasta ovat erinomaisia opetusv\u00e4lineit\u00e4, joita voi k\u00e4ytt\u00e4\u00e4 muussakin kuin luonnontiedon oppitunneilla koulussa. Taulu kuvaa perhosen kehitysvaiheita ja esittelee elinkaaren jokaisen vaiheen. Painikkeilla voi korostaa kunkin vaiheen ja tarkastella munia, toukkia, koteloita ja imagoja.Taulu on valmistettu kokonaan puusta ja koristeltu kauniilla kuvilla kukista ja perhosista elinkaaren eri vaiheissa. Se on ymp\u00e4rist\u00f6yst\u00e4v\u00e4llinen ja antaa lapsille mahdollisuuden [&hellip;]<\/p>\n","protected":false},"featured_media":0,"comment_status":"open","ping_status":"closed","template":"","meta":[],"product_brand":[],"product_cat":[32],"product_tag":[],"class_list":{"0":"post-35974","1":"product","2":"type-product","3":"status-publish","5":"product_cat-uncategorized-fi","7":"first","8":"instock","9":"shipping-taxable","10":"purchasable","11":"product-type-simple"},"_links":{"self":[{"href":"https:\/\/nordicmart.andreevmaster.com\/fi\/wp-json\/wp\/v2\/product\/35974","targetHints":{"allow":["GET"]}}],"collection":[{"href":"https:\/\/nordicmart.andreevmaster.com\/fi\/wp-json\/wp\/v2\/product"}],"about":[{"href":"https:\/\/nordicmart.andreevmaster.com\/fi\/wp-json\/wp\/v2\/types\/product"}],"replies":[{"embeddable":true,"href":"https:\/\/nordicmart.andreevmaster.com\/fi\/wp-json\/wp\/v2\/comments?post=35974"}],"wp:attachment":[{"href":"https:\/\/nordicmart.andreevmaster.com\/fi\/wp-json\/wp\/v2\/media?parent=35974"}],"wp:term":[{"taxonomy":"product_brand","embeddable":true,"href":"https:\/\/nordicmart.andreevmaster.com\/fi\/wp-json\/wp\/v2\/product_brand?post=35974"},{"taxonomy":"product_cat","embeddable":true,"href":"https:\/\/nordicmart.andreevmaster.com\/fi\/wp-json\/wp\/v2\/product_cat?post=35974"},{"taxonomy":"product_tag","embeddable":true,"href":"https:\/\/nordicmart.andreevmaster.com\/fi\/wp-json\/wp\/v2\/product_tag?post=35974"}],"curies":[{"name":"wp","href":"https:\/\/api.w.org\/{rel}","templated":true}]}}