{"id":35973,"date":"2026-02-27T00:32:25","date_gmt":"2026-02-27T00:32:25","guid":{"rendered":"https:\/\/nordicmart.andreevmaster.com\/product\/masterkidz-lisavarusteiden-sailytyslaatikko-lapinakyva-seina-stem-tiede-ja-koulutuslevy\/"},"modified":"2026-02-27T09:50:37","modified_gmt":"2026-02-27T09:50:37","slug":"masterkidz-lisavarusteiden-sailytyslaatikko-lapinakyva-seina-stem-tiede-ja-koulutuslevy","status":"publish","type":"product","link":"https:\/\/nordicmart.andreevmaster.com\/fi\/tuote\/masterkidz-lisavarusteiden-sailytyslaatikko-lapinakyva-seina-stem-tiede-ja-koulutuslevy\/","title":{"rendered":"MASTERKIDZ Lis\u00e4varusteiden s\u00e4ilytyslaatikko, l\u00e4pin\u00e4kyv\u00e4 sein\u00e4 &#8211; STEM-tiede- ja koulutuslevy"},"content":{"rendered":"<p>S\u00e4ilytysastia, johon voit laittaa Masterkidz STEM -taululla t\u00e4ll\u00e4 hetkell\u00e4 k\u00e4ytetyt tarvikkeet, jotta ne ovat k\u00e4den ulottuvilla uusia kuvia luotaessa. Voit laittaa siihen mink\u00e4 tahansa Masterkidz-tapit, ruuvit tai narut, jotta sinun ei tarvitse joka kerta hakea hyllylt\u00e4 astioita, joissa on elementtej\u00e4.### Ominaisuudet:<\/p>\n<p>* &#8211; Masterkidz STEM -tiede- ja luovuuslevyt voidaan t\u00e4ytt\u00e4\u00e4 erilaisilla elementeill\u00e4, joten sotkun v\u00e4ltt\u00e4miseksi kannattaa hankkia lis\u00e4varusteita, jotka auttavat pit\u00e4m\u00e4\u00e4n asiat j\u00e4rjestyksess\u00e4. Yksi niist\u00e4 on puinen s\u00e4ilytysastia, jossa on l\u00e4pin\u00e4kyv\u00e4 sein\u00e4.<br \/>\n* &#8211; S\u00e4ilytysastia kiinnitet\u00e4\u00e4n suoraan STEM-sein\u00e4\u00e4n Masterkidz-ruuveilla, joten jopa lapsi voi kiinnitt\u00e4\u00e4 sen mihin tahansa levyn kohtaan.* &#8211; S\u00e4ilytysastiaan mahtuu tappeja, ruuveja ja naruja, joita tarvitaan milloin tahansa. * &#8211; S\u00e4ilytysastia on valmistettu puusta. Valitsemalla Masterkidz-puutuotteet huolehdit ymp\u00e4rist\u00f6st\u00e4 ja v\u00e4henn\u00e4t muovij\u00e4tett\u00e4. Masterkidz-lelut ovat korkealaatuisia, kest\u00e4vi\u00e4 ja turvallisia puisia oppimisleluja. Ne on suunniteltu ja mukautettu lapsen kehityksen eri vaiheisiin. Luova, seikkailullinen ja opettavainen leikki ovat t\u00e4m\u00e4n tuotemerkin lelujen t\u00e4rkeimm\u00e4t edut. Korvaamaton tuki Montessori-menetelm\u00e4lle. Paras valinta kotiisi, p\u00e4iv\u00e4kotiin, hotelliin tai ravintolaan. Luo t\u00e4ydellinen leikkinurkkaus tai suurikokoinen opettavainen sein\u00e4. Tarjontaan kuuluu sein\u00e4lle kiinnitett\u00e4vi\u00e4 ja siirrett\u00e4vi\u00e4 tauluja, valaistuja p\u00f6yti\u00e4 ja paneeleja maaleilla leikkimist\u00e4 varten. Teemoitettuja opetusmoduuleja ja paljon muuta. Uskomaton m\u00e4\u00e4r\u00e4 lis\u00e4varusteita ja loputtomat mahdollisuudet luovaan leikkiin.<\/p>\n","protected":false},"excerpt":{"rendered":"<p>S\u00e4ilytysastia, johon voit laittaa Masterkidz STEM -taululla t\u00e4ll\u00e4 hetkell\u00e4 k\u00e4ytetyt tarvikkeet, jotta ne ovat k\u00e4den ulottuvilla uusia kuvia luotaessa. Voit laittaa siihen mink\u00e4 tahansa Masterkidz-tapit, ruuvit tai narut, jotta sinun ei tarvitse joka kerta hakea hyllylt\u00e4 astioita, joissa on elementtej\u00e4.### Ominaisuudet: * &#8211; Masterkidz STEM -tiede- ja luovuuslevyt voidaan t\u00e4ytt\u00e4\u00e4 erilaisilla elementeill\u00e4, joten sotkun v\u00e4ltt\u00e4miseksi [&hellip;]<\/p>\n","protected":false},"featured_media":0,"comment_status":"open","ping_status":"closed","template":"","meta":[],"product_brand":[],"product_cat":[32],"product_tag":[],"class_list":{"0":"post-35973","1":"product","2":"type-product","3":"status-publish","5":"product_cat-uncategorized-fi","7":"first","8":"instock","9":"shipping-taxable","10":"purchasable","11":"product-type-simple"},"_links":{"self":[{"href":"https:\/\/nordicmart.andreevmaster.com\/fi\/wp-json\/wp\/v2\/product\/35973","targetHints":{"allow":["GET"]}}],"collection":[{"href":"https:\/\/nordicmart.andreevmaster.com\/fi\/wp-json\/wp\/v2\/product"}],"about":[{"href":"https:\/\/nordicmart.andreevmaster.com\/fi\/wp-json\/wp\/v2\/types\/product"}],"replies":[{"embeddable":true,"href":"https:\/\/nordicmart.andreevmaster.com\/fi\/wp-json\/wp\/v2\/comments?post=35973"}],"wp:attachment":[{"href":"https:\/\/nordicmart.andreevmaster.com\/fi\/wp-json\/wp\/v2\/media?parent=35973"}],"wp:term":[{"taxonomy":"product_brand","embeddable":true,"href":"https:\/\/nordicmart.andreevmaster.com\/fi\/wp-json\/wp\/v2\/product_brand?post=35973"},{"taxonomy":"product_cat","embeddable":true,"href":"https:\/\/nordicmart.andreevmaster.com\/fi\/wp-json\/wp\/v2\/product_cat?post=35973"},{"taxonomy":"product_tag","embeddable":true,"href":"https:\/\/nordicmart.andreevmaster.com\/fi\/wp-json\/wp\/v2\/product_tag?post=35973"}],"curies":[{"name":"wp","href":"https:\/\/api.w.org\/{rel}","templated":true}]}}