{"id":35971,"date":"2026-02-27T00:32:24","date_gmt":"2026-02-27T00:32:24","guid":{"rendered":"https:\/\/nordicmart.andreevmaster.com\/product\/masterkidz-varikkaat-tapit-tiedelaudalle-512-kappaletta-8-varia\/"},"modified":"2026-02-27T09:50:37","modified_gmt":"2026-02-27T09:50:37","slug":"masterkidz-varikkaat-tapit-tiedelaudalle-512-kappaletta-8-varia","status":"publish","type":"product","link":"https:\/\/nordicmart.andreevmaster.com\/fi\/tuote\/masterkidz-varikkaat-tapit-tiedelaudalle-512-kappaletta-8-varia\/","title":{"rendered":"MASTERKIDZ V\u00e4rikk\u00e4\u00e4t tapit tiedelaudalle 512 kappaletta 8 v\u00e4ri\u00e4"},"content":{"rendered":"<p>Masterkidz-v\u00e4rikk\u00e4ill\u00e4 tapilla voit luoda unohtumattomia rakenteita laudallesi. Ainoa rajoitus on mielikuvituksesi, joten anna sen lent\u00e4\u00e4 ja luo jotain kaunista! Tappit ovat saatavana 8 v\u00e4riss\u00e4, joten voit luoda erilaisia sommitelmia. <\/p>\n<p>### Ominaisuudet: <\/p>\n<p>* &#8211; T\u00e4yt\u00e4 STEM-taulusi v\u00e4reill\u00e4 ja luo ainutlaatuisia kuvia!<br \/>\n* &#8211; V\u00e4rikk\u00e4\u00e4t tapit tauluille ovat peruselementti Masterkidz-sein\u00e4- ja vapaasti seisovien taulujen t\u00e4ytt\u00e4miseen. Niiden avulla voit luoda kuvia, mutta my\u00f6s muita toimintoja, kuten v\u00e4rikk\u00e4iden narujen k\u00e4ytt\u00f6\u00e4.* &#8211; Tapit ovat saatavana monissa v\u00e4reiss\u00e4, joten luomuksesi eiv\u00e4t tarvitse olla yksiv\u00e4risi\u00e4. T\u00e4m\u00e4 avaa monia mahdollisuuksia ja lis\u00e4\u00e4 hauskuutta.* &#8211; Tapien kokoamiseen ei tarvita lis\u00e4ty\u00f6kaluja.<br \/>\n* &#8211; Sarja sis\u00e4lt\u00e4\u00e4 512 tappia 8 v\u00e4riss\u00e4.<\/p>\n<p>Masterkidz-lelut ovat korkealaatuisia, kest\u00e4vi\u00e4 ja turvallisia puisia oppimisleluja. Ne on suunniteltu ja mukautettu lapsen kehityksen eri vaiheisiin. Luova, seikkailullinen ja opettavainen leikki ovat t\u00e4m\u00e4n tuotemerkin lelujen t\u00e4rkeimm\u00e4t edut. Korvaamaton tuki Montessori-menetelm\u00e4lle. Paras valinta kotiin, p\u00e4iv\u00e4kotiin, hotelliin tai ravintolaan. Luo t\u00e4ydellinen leikkinurkkaus tai suurikokoinen opettavainen sein\u00e4. Tarjous sis\u00e4lt\u00e4\u00e4 sein\u00e4lle kiinnitett\u00e4v\u00e4t ja siirrett\u00e4v\u00e4t taulut, valaistut p\u00f6yd\u00e4t ja paneelit maaleilla leikkimist\u00e4 varten. Teemalliset opettavaiset moduulit ja paljon muuta. Uskomaton m\u00e4\u00e4r\u00e4 lis\u00e4varusteita ja loputtomat mahdollisuudet luovaan leikkiin.<\/p>\n","protected":false},"excerpt":{"rendered":"<p>Masterkidz-v\u00e4rikk\u00e4ill\u00e4 tapilla voit luoda unohtumattomia rakenteita laudallesi. Ainoa rajoitus on mielikuvituksesi, joten anna sen lent\u00e4\u00e4 ja luo jotain kaunista! Tappit ovat saatavana 8 v\u00e4riss\u00e4, joten voit luoda erilaisia sommitelmia. ### Ominaisuudet: * &#8211; T\u00e4yt\u00e4 STEM-taulusi v\u00e4reill\u00e4 ja luo ainutlaatuisia kuvia! * &#8211; V\u00e4rikk\u00e4\u00e4t tapit tauluille ovat peruselementti Masterkidz-sein\u00e4- ja vapaasti seisovien taulujen t\u00e4ytt\u00e4miseen. Niiden avulla [&hellip;]<\/p>\n","protected":false},"featured_media":0,"comment_status":"open","ping_status":"closed","template":"","meta":[],"product_brand":[],"product_cat":[32],"product_tag":[],"class_list":{"0":"post-35971","1":"product","2":"type-product","3":"status-publish","5":"product_cat-uncategorized-fi","7":"first","8":"instock","9":"shipping-taxable","10":"purchasable","11":"product-type-simple"},"_links":{"self":[{"href":"https:\/\/nordicmart.andreevmaster.com\/fi\/wp-json\/wp\/v2\/product\/35971","targetHints":{"allow":["GET"]}}],"collection":[{"href":"https:\/\/nordicmart.andreevmaster.com\/fi\/wp-json\/wp\/v2\/product"}],"about":[{"href":"https:\/\/nordicmart.andreevmaster.com\/fi\/wp-json\/wp\/v2\/types\/product"}],"replies":[{"embeddable":true,"href":"https:\/\/nordicmart.andreevmaster.com\/fi\/wp-json\/wp\/v2\/comments?post=35971"}],"wp:attachment":[{"href":"https:\/\/nordicmart.andreevmaster.com\/fi\/wp-json\/wp\/v2\/media?parent=35971"}],"wp:term":[{"taxonomy":"product_brand","embeddable":true,"href":"https:\/\/nordicmart.andreevmaster.com\/fi\/wp-json\/wp\/v2\/product_brand?post=35971"},{"taxonomy":"product_cat","embeddable":true,"href":"https:\/\/nordicmart.andreevmaster.com\/fi\/wp-json\/wp\/v2\/product_cat?post=35971"},{"taxonomy":"product_tag","embeddable":true,"href":"https:\/\/nordicmart.andreevmaster.com\/fi\/wp-json\/wp\/v2\/product_tag?post=35971"}],"curies":[{"name":"wp","href":"https:\/\/api.w.org\/{rel}","templated":true}]}}