{"id":35970,"date":"2026-02-27T00:32:24","date_gmt":"2026-02-27T00:32:24","guid":{"rendered":"https:\/\/nordicmart.andreevmaster.com\/product\/masterkidz-kaksipuoliset-akryylipeilit-kirjaimet-numerot-aakkoset-montessori\/"},"modified":"2026-02-27T09:50:36","modified_gmt":"2026-02-27T09:50:36","slug":"masterkidz-kaksipuoliset-akryylipeilit-kirjaimet-numerot-aakkoset-montessori","status":"publish","type":"product","link":"https:\/\/nordicmart.andreevmaster.com\/fi\/tuote\/masterkidz-kaksipuoliset-akryylipeilit-kirjaimet-numerot-aakkoset-montessori\/","title":{"rendered":"MASTERKIDZ Kaksipuoliset akryylipeilit Kirjaimet Numerot Aakkoset Montessori"},"content":{"rendered":"<p>Ominaisuudet:<\/p>\n<p>* &#8211; sarja koostuu 36 osasta (aakkoset ja kaikki numerot)<br \/>\n* &#8211; jokainen osa on kaksipuolinen, molemmilla puolilla peiliefekti<br \/>\n* &#8211; osat ovat tukevia &#8211; 4 mm paksuja<br \/>\n* &#8211; peilin molemmat puolet ovat naarmuuntumattomia<br \/>\n* &#8211; jokaisessa kirjaimessa ja numerossa on pieni reik\u00e4, josta ne voidaan ripustaa naruun tai siimaan<\/p>\n<p>Lelu kehitt\u00e4\u00e4:<\/p>\n<p>* &#8211; hienomotoriikkaa<br \/>\n* &#8211; aistitoimintoja<br \/>\n* &#8211; keskittymiskyky\u00e4<br \/>\n* &#8211; kirjainten ja numeroiden tuntemusta<\/p>\n","protected":false},"excerpt":{"rendered":"<p>Ominaisuudet: * &#8211; sarja koostuu 36 osasta (aakkoset ja kaikki numerot) * &#8211; jokainen osa on kaksipuolinen, molemmilla puolilla peiliefekti * &#8211; osat ovat tukevia &#8211; 4 mm paksuja * &#8211; peilin molemmat puolet ovat naarmuuntumattomia * &#8211; jokaisessa kirjaimessa ja numerossa on pieni reik\u00e4, josta ne voidaan ripustaa naruun tai siimaan Lelu kehitt\u00e4\u00e4: * [&hellip;]<\/p>\n","protected":false},"featured_media":0,"comment_status":"open","ping_status":"closed","template":"","meta":[],"product_brand":[],"product_cat":[32],"product_tag":[],"class_list":{"0":"post-35970","1":"product","2":"type-product","3":"status-publish","5":"product_cat-uncategorized-fi","7":"first","8":"instock","9":"shipping-taxable","10":"purchasable","11":"product-type-simple"},"_links":{"self":[{"href":"https:\/\/nordicmart.andreevmaster.com\/fi\/wp-json\/wp\/v2\/product\/35970","targetHints":{"allow":["GET"]}}],"collection":[{"href":"https:\/\/nordicmart.andreevmaster.com\/fi\/wp-json\/wp\/v2\/product"}],"about":[{"href":"https:\/\/nordicmart.andreevmaster.com\/fi\/wp-json\/wp\/v2\/types\/product"}],"replies":[{"embeddable":true,"href":"https:\/\/nordicmart.andreevmaster.com\/fi\/wp-json\/wp\/v2\/comments?post=35970"}],"wp:attachment":[{"href":"https:\/\/nordicmart.andreevmaster.com\/fi\/wp-json\/wp\/v2\/media?parent=35970"}],"wp:term":[{"taxonomy":"product_brand","embeddable":true,"href":"https:\/\/nordicmart.andreevmaster.com\/fi\/wp-json\/wp\/v2\/product_brand?post=35970"},{"taxonomy":"product_cat","embeddable":true,"href":"https:\/\/nordicmart.andreevmaster.com\/fi\/wp-json\/wp\/v2\/product_cat?post=35970"},{"taxonomy":"product_tag","embeddable":true,"href":"https:\/\/nordicmart.andreevmaster.com\/fi\/wp-json\/wp\/v2\/product_tag?post=35970"}],"curies":[{"name":"wp","href":"https:\/\/api.w.org\/{rel}","templated":true}]}}