{"id":35969,"date":"2026-02-27T00:32:23","date_gmt":"2026-02-27T00:32:23","guid":{"rendered":"https:\/\/nordicmart.andreevmaster.com\/product\/masterkidz-lukkojen-avaamisen-ja-sulkemisen-oppimisen-seinataulu\/"},"modified":"2026-02-27T09:50:36","modified_gmt":"2026-02-27T09:50:36","slug":"masterkidz-lukkojen-avaamisen-ja-sulkemisen-oppimisen-seinataulu","status":"publish","type":"product","link":"https:\/\/nordicmart.andreevmaster.com\/fi\/tuote\/masterkidz-lukkojen-avaamisen-ja-sulkemisen-oppimisen-seinataulu\/","title":{"rendered":"MASTERKIDZ Lukkojen avaamisen ja sulkemisen oppimisen sein\u00e4taulu"},"content":{"rendered":"<p>Lukkojen avaaminen ja sulkeminen ei ole helppoa lapsellesi! Siksi Masterkidz-tuotemerkin upea sein\u00e4taulu on t\u00e4ydellinen ratkaisu t\u00e4m\u00e4n taidon oppimiseen. Taulu koostuu puulevyst\u00e4 ja 6 minikassakaapista, joilla voi harjoitella. Jotkut niist\u00e4 lapsesi pystyy avaamaan ilman ongelmia, kun taas toiset ovat suuri haaste. T\u00e4m\u00e4 on yksi niist\u00e4 leluista, jotka eiv\u00e4t anna lapsen lopettaa, ennen kuin h\u00e4n on saavuttanut tavoitteensa. <\/p>\n<p>Taulu kehitt\u00e4\u00e4 paitsi perustaitoja my\u00f6s lapsen pienten sormien k\u00e4si-silm\u00e4-koordinaatiota ja k\u00e4tevyytt\u00e4. T\u00e4m\u00e4 on eritt\u00e4in t\u00e4rke\u00e4 vaihe lapsen kehityksess\u00e4, erityisesti sokeille, n\u00e4k\u00f6vammaisille, autistisille, Aspergerin oireyhtym\u00e4st\u00e4 tai SI-h\u00e4iri\u00f6st\u00e4 k\u00e4rsiville lapsille. Heille se on seuraava iso askel, joka avaa uuden oven (kirjaimellisesti ja kuvaannollisesti) heid\u00e4n maailmansa ja ulkomaailman v\u00e4lille. Lukkojen k\u00e4yt\u00f6n opettamisen lis\u00e4ksi lautaa voidaan k\u00e4ytt\u00e4\u00e4 my\u00f6s muilla tavoin. Ovien takapinnat ovat kuivapyyhitt\u00e4vi\u00e4. Sek\u00e4 opettajat ett\u00e4 lapset voivat piirt\u00e4\u00e4 niille ja luoda pelej\u00e4, kuten kuvien muistamista. Pieni\u00e4 esineit\u00e4 voidaan my\u00f6s piilottaa kunkin kassakaapin ovien taakse. Tarjoamme erilaisia opetus- ja flash-kortteja. Ne ovat loistava lis\u00e4 tavallisiin opetuspeleihin ja perinteiseen flash-korttien k\u00e4ytt\u00f6\u00f6n. <\/p>\n<p>Taulu voidaan kiinnitt\u00e4\u00e4 kolmella tavalla: <\/p>\n<p>&#8211; sein\u00e4lle, <\/p>\n<p>&#8211; erityiseen Masterkidz Flex -j\u00e4rjestelm\u00e4\u00e4n, <\/p>\n<p>&#8211; Masterkidz-vapaasti seisovaan kolmijalkaan.<\/p>\n<p>Lelu on valmistettu puusta. Valitsemalla Masterkidz-puulelut huolehdit ymp\u00e4rist\u00f6st\u00e4 ja v\u00e4henn\u00e4t muovij\u00e4tett\u00e4.<\/p>\n<p>Tarjous sis\u00e4lt\u00e4\u00e4 yhden Learning to Open and Close Locks -aktiviteettitaulun.<\/p>\n","protected":false},"excerpt":{"rendered":"<p>Lukkojen avaaminen ja sulkeminen ei ole helppoa lapsellesi! Siksi Masterkidz-tuotemerkin upea sein\u00e4taulu on t\u00e4ydellinen ratkaisu t\u00e4m\u00e4n taidon oppimiseen. Taulu koostuu puulevyst\u00e4 ja 6 minikassakaapista, joilla voi harjoitella. Jotkut niist\u00e4 lapsesi pystyy avaamaan ilman ongelmia, kun taas toiset ovat suuri haaste. T\u00e4m\u00e4 on yksi niist\u00e4 leluista, jotka eiv\u00e4t anna lapsen lopettaa, ennen kuin h\u00e4n on saavuttanut [&hellip;]<\/p>\n","protected":false},"featured_media":0,"comment_status":"open","ping_status":"closed","template":"","meta":[],"product_brand":[],"product_cat":[32],"product_tag":[],"class_list":{"0":"post-35969","1":"product","2":"type-product","3":"status-publish","5":"product_cat-uncategorized-fi","7":"first","8":"instock","9":"shipping-taxable","10":"purchasable","11":"product-type-simple"},"_links":{"self":[{"href":"https:\/\/nordicmart.andreevmaster.com\/fi\/wp-json\/wp\/v2\/product\/35969","targetHints":{"allow":["GET"]}}],"collection":[{"href":"https:\/\/nordicmart.andreevmaster.com\/fi\/wp-json\/wp\/v2\/product"}],"about":[{"href":"https:\/\/nordicmart.andreevmaster.com\/fi\/wp-json\/wp\/v2\/types\/product"}],"replies":[{"embeddable":true,"href":"https:\/\/nordicmart.andreevmaster.com\/fi\/wp-json\/wp\/v2\/comments?post=35969"}],"wp:attachment":[{"href":"https:\/\/nordicmart.andreevmaster.com\/fi\/wp-json\/wp\/v2\/media?parent=35969"}],"wp:term":[{"taxonomy":"product_brand","embeddable":true,"href":"https:\/\/nordicmart.andreevmaster.com\/fi\/wp-json\/wp\/v2\/product_brand?post=35969"},{"taxonomy":"product_cat","embeddable":true,"href":"https:\/\/nordicmart.andreevmaster.com\/fi\/wp-json\/wp\/v2\/product_cat?post=35969"},{"taxonomy":"product_tag","embeddable":true,"href":"https:\/\/nordicmart.andreevmaster.com\/fi\/wp-json\/wp\/v2\/product_tag?post=35969"}],"curies":[{"name":"wp","href":"https:\/\/api.w.org\/{rel}","templated":true}]}}