{"id":35968,"date":"2026-02-27T00:32:23","date_gmt":"2026-02-27T00:32:23","guid":{"rendered":"https:\/\/nordicmart.andreevmaster.com\/product\/masterkidz-seinataulu-lukkojen-avaaminen-ja-sulkeminen-vetoketjut-napit-montessori\/"},"modified":"2026-02-27T09:50:36","modified_gmt":"2026-02-27T09:50:36","slug":"masterkidz-seinataulu-lukkojen-avaaminen-ja-sulkeminen-vetoketjut-napit-montessori","status":"publish","type":"product","link":"https:\/\/nordicmart.andreevmaster.com\/fi\/tuote\/masterkidz-seinataulu-lukkojen-avaaminen-ja-sulkeminen-vetoketjut-napit-montessori\/","title":{"rendered":"MASTERKIDZ Sein\u00e4taulu Lukkojen avaaminen ja sulkeminen Vetoketjut Napit Montessori"},"content":{"rendered":"<p>Erilaiset monimutkaiset lukot ja kiinnikkeet voivat aiheuttaa todellisia ongelmia sek\u00e4 lapsille ett\u00e4 aikuisille. Siksi on syyt\u00e4 harjoitella k\u00e4tevyytt\u00e4 ja ketteryytt\u00e4 \u2013 ja Masterkidz-puinen opetuslauta auttaa t\u00e4ss\u00e4. <\/p>\n<p>Lautaan on kiinnitetty 6 vaakasuoraa taskua, jotka j\u00e4ljittelev\u00e4t takkia, collegepaitaa tai paitaa. Taskuissa on erilaisia kiinnikkeit\u00e4:<\/p>\n<p>* vetoketju<br \/>\n* pienet napit<br \/>\n* suuret napit<br \/>\n* kaksoisvetoketju<br \/>\n* nepparit<\/p>\n<p>Laudat on valmistettu puusta. Valitsemalla Masterkidz-puulelut huolehdit ymp\u00e4rist\u00f6st\u00e4 ja v\u00e4henn\u00e4t muovij\u00e4tett\u00e4.<\/p>\n","protected":false},"excerpt":{"rendered":"<p>Erilaiset monimutkaiset lukot ja kiinnikkeet voivat aiheuttaa todellisia ongelmia sek\u00e4 lapsille ett\u00e4 aikuisille. Siksi on syyt\u00e4 harjoitella k\u00e4tevyytt\u00e4 ja ketteryytt\u00e4 \u2013 ja Masterkidz-puinen opetuslauta auttaa t\u00e4ss\u00e4. Lautaan on kiinnitetty 6 vaakasuoraa taskua, jotka j\u00e4ljittelev\u00e4t takkia, collegepaitaa tai paitaa. Taskuissa on erilaisia kiinnikkeit\u00e4: * vetoketju * pienet napit * suuret napit * kaksoisvetoketju * nepparit Laudat [&hellip;]<\/p>\n","protected":false},"featured_media":0,"comment_status":"open","ping_status":"closed","template":"","meta":[],"product_brand":[],"product_cat":[32],"product_tag":[],"class_list":{"0":"post-35968","1":"product","2":"type-product","3":"status-publish","5":"product_cat-uncategorized-fi","7":"first","8":"instock","9":"shipping-taxable","10":"purchasable","11":"product-type-simple"},"_links":{"self":[{"href":"https:\/\/nordicmart.andreevmaster.com\/fi\/wp-json\/wp\/v2\/product\/35968","targetHints":{"allow":["GET"]}}],"collection":[{"href":"https:\/\/nordicmart.andreevmaster.com\/fi\/wp-json\/wp\/v2\/product"}],"about":[{"href":"https:\/\/nordicmart.andreevmaster.com\/fi\/wp-json\/wp\/v2\/types\/product"}],"replies":[{"embeddable":true,"href":"https:\/\/nordicmart.andreevmaster.com\/fi\/wp-json\/wp\/v2\/comments?post=35968"}],"wp:attachment":[{"href":"https:\/\/nordicmart.andreevmaster.com\/fi\/wp-json\/wp\/v2\/media?parent=35968"}],"wp:term":[{"taxonomy":"product_brand","embeddable":true,"href":"https:\/\/nordicmart.andreevmaster.com\/fi\/wp-json\/wp\/v2\/product_brand?post=35968"},{"taxonomy":"product_cat","embeddable":true,"href":"https:\/\/nordicmart.andreevmaster.com\/fi\/wp-json\/wp\/v2\/product_cat?post=35968"},{"taxonomy":"product_tag","embeddable":true,"href":"https:\/\/nordicmart.andreevmaster.com\/fi\/wp-json\/wp\/v2\/product_tag?post=35968"}],"curies":[{"name":"wp","href":"https:\/\/api.w.org\/{rel}","templated":true}]}}