{"id":35967,"date":"2026-02-27T00:32:23","date_gmt":"2026-02-27T00:32:23","guid":{"rendered":"https:\/\/nordicmart.andreevmaster.com\/product\/masterkidz-puinen-seinataulu-flex-varikkaat-taskut-klipsit-ja-tarranauha\/"},"modified":"2026-02-27T09:50:36","modified_gmt":"2026-02-27T09:50:36","slug":"masterkidz-puinen-seinataulu-flex-varikkaat-taskut-klipsit-ja-tarranauha","status":"publish","type":"product","link":"https:\/\/nordicmart.andreevmaster.com\/fi\/tuote\/masterkidz-puinen-seinataulu-flex-varikkaat-taskut-klipsit-ja-tarranauha\/","title":{"rendered":"MASTERKIDZ Puinen sein\u00e4taulu Flex V\u00e4rikk\u00e4\u00e4t taskut Klipsit ja tarranauha"},"content":{"rendered":"<p>Masterkidz-sein\u00e4taulu, joka voidaan kiinnitt\u00e4\u00e4 sein\u00e4lle tai Masterkidz Flex -j\u00e4rjestelm\u00e4\u00e4n. Taulussa on 6 v\u00e4rik\u00e4st\u00e4 kangaspussia, jotka suljetaan erilaisilla kiinnikkeill\u00e4 ja lukoilla. Lapset voivat oppia avaamaan ja sulkemaan erilaisia kiinnikkeit\u00e4.Joidenkin kiinnittimien ja lukkojen avaaminen voi olla hankalaa \u2013 jopa aikuisille! Monimutkaisten klipsien, karabiinien ja muiden kiinnittimien avaamisen oppiminen voi olla lapselle hyvin vaikeaa. Masterkidz-tuotteen upea sein\u00e4taulu tulee kuitenkin apuun. Siin\u00e4 on kuusi v\u00e4rikk\u00e4it\u00e4 taskuja, jotka voidaan sulkea eri tavoin. Lapset voivat harjoitella taitojaan niiden avulla. <\/p>\n<p>Puulevyss\u00e4 on 6 taskua, joissa on erilaisia kiinnikkeit\u00e4:<\/p>\n<p>* joustava hihnan suljin<br \/>\n* tarranauhakiinnitys<br \/>\n* taitto-lukko<br \/>\n* karabiinit<br \/>\n* klipsit<\/p>\n<p>Levy on valmistettu puusta. Valitsemalla Masterkidz-puulelut huolehdit ymp\u00e4rist\u00f6st\u00e4 ja v\u00e4henn\u00e4t muovij\u00e4tett\u00e4.<\/p>\n","protected":false},"excerpt":{"rendered":"<p>Masterkidz-sein\u00e4taulu, joka voidaan kiinnitt\u00e4\u00e4 sein\u00e4lle tai Masterkidz Flex -j\u00e4rjestelm\u00e4\u00e4n. Taulussa on 6 v\u00e4rik\u00e4st\u00e4 kangaspussia, jotka suljetaan erilaisilla kiinnikkeill\u00e4 ja lukoilla. Lapset voivat oppia avaamaan ja sulkemaan erilaisia kiinnikkeit\u00e4.Joidenkin kiinnittimien ja lukkojen avaaminen voi olla hankalaa \u2013 jopa aikuisille! Monimutkaisten klipsien, karabiinien ja muiden kiinnittimien avaamisen oppiminen voi olla lapselle hyvin vaikeaa. Masterkidz-tuotteen upea sein\u00e4taulu tulee [&hellip;]<\/p>\n","protected":false},"featured_media":0,"comment_status":"open","ping_status":"closed","template":"","meta":[],"product_brand":[],"product_cat":[32],"product_tag":[],"class_list":{"0":"post-35967","1":"product","2":"type-product","3":"status-publish","5":"product_cat-uncategorized-fi","7":"first","8":"instock","9":"shipping-taxable","10":"purchasable","11":"product-type-simple"},"_links":{"self":[{"href":"https:\/\/nordicmart.andreevmaster.com\/fi\/wp-json\/wp\/v2\/product\/35967","targetHints":{"allow":["GET"]}}],"collection":[{"href":"https:\/\/nordicmart.andreevmaster.com\/fi\/wp-json\/wp\/v2\/product"}],"about":[{"href":"https:\/\/nordicmart.andreevmaster.com\/fi\/wp-json\/wp\/v2\/types\/product"}],"replies":[{"embeddable":true,"href":"https:\/\/nordicmart.andreevmaster.com\/fi\/wp-json\/wp\/v2\/comments?post=35967"}],"wp:attachment":[{"href":"https:\/\/nordicmart.andreevmaster.com\/fi\/wp-json\/wp\/v2\/media?parent=35967"}],"wp:term":[{"taxonomy":"product_brand","embeddable":true,"href":"https:\/\/nordicmart.andreevmaster.com\/fi\/wp-json\/wp\/v2\/product_brand?post=35967"},{"taxonomy":"product_cat","embeddable":true,"href":"https:\/\/nordicmart.andreevmaster.com\/fi\/wp-json\/wp\/v2\/product_cat?post=35967"},{"taxonomy":"product_tag","embeddable":true,"href":"https:\/\/nordicmart.andreevmaster.com\/fi\/wp-json\/wp\/v2\/product_tag?post=35967"}],"curies":[{"name":"wp","href":"https:\/\/api.w.org\/{rel}","templated":true}]}}