{"id":35966,"date":"2026-02-27T00:32:23","date_gmt":"2026-02-27T00:32:23","guid":{"rendered":"https:\/\/nordicmart.andreevmaster.com\/product\/masterkidz-magneettinen-jatteiden-lajittelutaulu-kierratysauto-montessori\/"},"modified":"2026-02-27T09:50:36","modified_gmt":"2026-02-27T09:50:36","slug":"masterkidz-magneettinen-jatteiden-lajittelutaulu-kierratysauto-montessori","status":"publish","type":"product","link":"https:\/\/nordicmart.andreevmaster.com\/fi\/tuote\/masterkidz-magneettinen-jatteiden-lajittelutaulu-kierratysauto-montessori\/","title":{"rendered":"MASTERKIDZ Magneettinen j\u00e4tteiden lajittelutaulu Kierr\u00e4tysauto Montessori"},"content":{"rendered":"<p>Aistien kehityst\u00e4 edist\u00e4v\u00e4 oppimislelu lapsille. Masterkidz-puulevy j\u00e4tteiden lajittelun oppimiseen. Lapsen teht\u00e4v\u00e4n\u00e4 on sijoittaa magneettisella kepill\u00e4 ympyr\u00e4t, joissa on roskia, oikeisiin astioihin.Ominaisuudet:<\/p>\n<p>* &#8211; lapsen teht\u00e4v\u00e4n\u00e4 on siirt\u00e4\u00e4 roskat sauvan avulla oikeisiin astioihin<br \/>\n* &#8211; astiat sijaitsevat suuressa vihre\u00e4ss\u00e4 kuorma-autossa &#8211; roska-autossa<br \/>\n* &#8211; lapset oppivat materiaalien lajittelusta lajittelemalla sanomalehti\u00e4, lasipulloja, metallikorkkeja ja alumiinit\u00f6lkkej\u00e4<br \/>\n* &#8211; Kuorma-autossa on 6 kierr\u00e4tysastiaa &#8211; lasi, metalli, muovi, paperi, orgaaninen j\u00e4te ja kierr\u00e4tyskelvoton j\u00e4te<br \/>\n* &#8211; Koulutuslelut lapsille ovat loistava tapa tehd\u00e4 ymp\u00e4rist\u00f6st\u00e4 oppimisesta hauskaa. Yleens\u00e4 tyls\u00e4t oppitunnit muuttuvat nyt loistavaksi hauskanpidoksi.<\/p>\n<p>Lelu kehitt\u00e4\u00e4:<\/p>\n<p>* &#8211; motorisia taitoja<br \/>\n* &#8211; aistitaitoja<br \/>\n* &#8211; k\u00e4si-silm\u00e4-koordinaatiota<br \/>\n* &#8211; mielikuvitusta<br \/>\n* &#8211; keskittymiskyky\u00e4<br \/>\n* &#8211; uteliaisuutta<\/p>\n","protected":false},"excerpt":{"rendered":"<p>Aistien kehityst\u00e4 edist\u00e4v\u00e4 oppimislelu lapsille. Masterkidz-puulevy j\u00e4tteiden lajittelun oppimiseen. Lapsen teht\u00e4v\u00e4n\u00e4 on sijoittaa magneettisella kepill\u00e4 ympyr\u00e4t, joissa on roskia, oikeisiin astioihin.Ominaisuudet: * &#8211; lapsen teht\u00e4v\u00e4n\u00e4 on siirt\u00e4\u00e4 roskat sauvan avulla oikeisiin astioihin * &#8211; astiat sijaitsevat suuressa vihre\u00e4ss\u00e4 kuorma-autossa &#8211; roska-autossa * &#8211; lapset oppivat materiaalien lajittelusta lajittelemalla sanomalehti\u00e4, lasipulloja, metallikorkkeja ja alumiinit\u00f6lkkej\u00e4 * &#8211; [&hellip;]<\/p>\n","protected":false},"featured_media":0,"comment_status":"open","ping_status":"closed","template":"","meta":[],"product_brand":[],"product_cat":[32],"product_tag":[],"class_list":{"0":"post-35966","1":"product","2":"type-product","3":"status-publish","5":"product_cat-uncategorized-fi","7":"first","8":"instock","9":"shipping-taxable","10":"purchasable","11":"product-type-simple"},"_links":{"self":[{"href":"https:\/\/nordicmart.andreevmaster.com\/fi\/wp-json\/wp\/v2\/product\/35966","targetHints":{"allow":["GET"]}}],"collection":[{"href":"https:\/\/nordicmart.andreevmaster.com\/fi\/wp-json\/wp\/v2\/product"}],"about":[{"href":"https:\/\/nordicmart.andreevmaster.com\/fi\/wp-json\/wp\/v2\/types\/product"}],"replies":[{"embeddable":true,"href":"https:\/\/nordicmart.andreevmaster.com\/fi\/wp-json\/wp\/v2\/comments?post=35966"}],"wp:attachment":[{"href":"https:\/\/nordicmart.andreevmaster.com\/fi\/wp-json\/wp\/v2\/media?parent=35966"}],"wp:term":[{"taxonomy":"product_brand","embeddable":true,"href":"https:\/\/nordicmart.andreevmaster.com\/fi\/wp-json\/wp\/v2\/product_brand?post=35966"},{"taxonomy":"product_cat","embeddable":true,"href":"https:\/\/nordicmart.andreevmaster.com\/fi\/wp-json\/wp\/v2\/product_cat?post=35966"},{"taxonomy":"product_tag","embeddable":true,"href":"https:\/\/nordicmart.andreevmaster.com\/fi\/wp-json\/wp\/v2\/product_tag?post=35966"}],"curies":[{"name":"wp","href":"https:\/\/api.w.org\/{rel}","templated":true}]}}