{"id":35963,"date":"2026-02-27T00:32:22","date_gmt":"2026-02-27T00:32:22","guid":{"rendered":"https:\/\/nordicmart.andreevmaster.com\/product\/masterkidz-seinapaneeli-luova-stem-tiedetaulu-kiinnityspaneeli-120x80cm\/"},"modified":"2026-02-27T09:50:35","modified_gmt":"2026-02-27T09:50:35","slug":"masterkidz-seinapaneeli-luova-stem-tiedetaulu-kiinnityspaneeli-120x80cm","status":"publish","type":"product","link":"https:\/\/nordicmart.andreevmaster.com\/fi\/tuote\/masterkidz-seinapaneeli-luova-stem-tiedetaulu-kiinnityspaneeli-120x80cm\/","title":{"rendered":"MASTERKIDZ Sein\u00e4paneeli Luova STEM-tiedetaulu + kiinnityspaneeli 120x80cm"},"content":{"rendered":"<p>Masterkidz STEM Manipulative Wall Board mahdollistaa luovan leikin ja oppimisen tieteen maailmasta. Leveiss\u00e4, 80 x 120 cm:n kokoisissa paneeleissa on reiki\u00e4, joihin voi ty\u00f6nt\u00e4\u00e4 v\u00e4rikk\u00e4it\u00e4 tappeja kauniiden kuvioiden luomiseksi. Paneeliin voi kiinnitt\u00e4\u00e4 my\u00f6s erilaisia oppimateriaalien apuv\u00e4lineit\u00e4, hammaspy\u00f6ri\u00e4, putkij\u00e4rjestelmi\u00e4 pumpulla ja muita mielenkiintoisia elementtej\u00e4.<\/p>\n<p>STEM Masterkidz -opetustaulun avulla lapsesi voi aloittaa luovan, opettavaisen leikin luomalla kauniita kuvioita ja rakenteita lukemattomien leikiss\u00e4 k\u00e4ytett\u00e4vien elementtien avulla. Pikkulapsesi voi antaa mielikuvituksensa lent\u00e4\u00e4 luomalla mestariteoksia tai rakentamalla mekanismeja hammaspy\u00f6rist\u00e4 tai putkij\u00e4rjestelmist\u00e4.<\/p>\n<p>Ominaisuudet:<\/p>\n<p>* &#8211; Yhteensopiva kaikkien STEM-lis\u00e4varusteiden kanssa<br \/>\n* &#8211; Laadukas valmistus takaa kest\u00e4vyyden ja k\u00e4ytt\u00f6turvallisuuden<br \/>\n* &#8211; Sis\u00e4lt\u00e4\u00e4 kiinnityspaneelin, jonka avulla levyn osat voidaan vaihtaa nopeasti ja helposti ilman, ett\u00e4 niit\u00e4 tarvitsee kiinnitt\u00e4\u00e4 sein\u00e4\u00e4n<br \/>\n* &#8211; Ihanteellinen oppilaitoksille ja kotik\u00e4ytt\u00f6\u00f6n<\/p>\n<p>Lelu kehitt\u00e4\u00e4:<\/p>\n<p>* &#8211; Mielikuvitusta<br \/>\n* &#8211; Luovuutta<br \/>\n* &#8211; K\u00e4sity\u00f6taitoja<br \/>\n* &#8211; Loogista ajattelua<\/p>\n<p>Taululle sopivat osat (myyd\u00e4\u00e4n erikseen):<\/p>\n<p>* &#8211; V\u00e4rilliset tapit ME12746 ME14450 ME21113 ME21137 ME21120 ME21144<br \/>\n* &#8211; V\u00e4rikk\u00e4\u00e4t kristallit ME13989<br \/>\n* &#8211; V\u00e4rilliset narut tapien yhdist\u00e4miseen ME14467<br \/>\n* &#8211; V\u00e4rilliset ruuvit ME20963 ME29911<br \/>\n* &#8211; Rakennuspalikat ME29027 ME29010 ME29089<br \/>\n* &#8211; Geometriset muodot ME14696 ME14702 ME14818 ME14825 ME31181<br \/>\n* &#8211; Hammaspy\u00f6r\u00e4t ja ketjut ME13460 ME24343 ME31204<br \/>\n* &#8211; Pallo- ja vesirata ME14788 ME14870 ME14665 ME15143 ME25043<br \/>\n* &#8211; Pumppusetti putkij\u00e4rjestelmien rakentamiseen ME13149<br \/>\n* &#8211; Kirjain- ja numerosarja ME30412 ME30429<br \/>\n* &#8211; S\u00e4ili\u00f6t ja tarvikkeet ME12845 ME16560 ME14672<\/p>\n","protected":false},"excerpt":{"rendered":"<p>Masterkidz STEM Manipulative Wall Board mahdollistaa luovan leikin ja oppimisen tieteen maailmasta. Leveiss\u00e4, 80 x 120 cm:n kokoisissa paneeleissa on reiki\u00e4, joihin voi ty\u00f6nt\u00e4\u00e4 v\u00e4rikk\u00e4it\u00e4 tappeja kauniiden kuvioiden luomiseksi. Paneeliin voi kiinnitt\u00e4\u00e4 my\u00f6s erilaisia oppimateriaalien apuv\u00e4lineit\u00e4, hammaspy\u00f6ri\u00e4, putkij\u00e4rjestelmi\u00e4 pumpulla ja muita mielenkiintoisia elementtej\u00e4. STEM Masterkidz -opetustaulun avulla lapsesi voi aloittaa luovan, opettavaisen leikin luomalla kauniita [&hellip;]<\/p>\n","protected":false},"featured_media":0,"comment_status":"open","ping_status":"closed","template":"","meta":[],"product_brand":[],"product_cat":[32],"product_tag":[],"class_list":{"0":"post-35963","1":"product","2":"type-product","3":"status-publish","5":"product_cat-uncategorized-fi","7":"first","8":"instock","9":"shipping-taxable","10":"purchasable","11":"product-type-simple"},"_links":{"self":[{"href":"https:\/\/nordicmart.andreevmaster.com\/fi\/wp-json\/wp\/v2\/product\/35963","targetHints":{"allow":["GET"]}}],"collection":[{"href":"https:\/\/nordicmart.andreevmaster.com\/fi\/wp-json\/wp\/v2\/product"}],"about":[{"href":"https:\/\/nordicmart.andreevmaster.com\/fi\/wp-json\/wp\/v2\/types\/product"}],"replies":[{"embeddable":true,"href":"https:\/\/nordicmart.andreevmaster.com\/fi\/wp-json\/wp\/v2\/comments?post=35963"}],"wp:attachment":[{"href":"https:\/\/nordicmart.andreevmaster.com\/fi\/wp-json\/wp\/v2\/media?parent=35963"}],"wp:term":[{"taxonomy":"product_brand","embeddable":true,"href":"https:\/\/nordicmart.andreevmaster.com\/fi\/wp-json\/wp\/v2\/product_brand?post=35963"},{"taxonomy":"product_cat","embeddable":true,"href":"https:\/\/nordicmart.andreevmaster.com\/fi\/wp-json\/wp\/v2\/product_cat?post=35963"},{"taxonomy":"product_tag","embeddable":true,"href":"https:\/\/nordicmart.andreevmaster.com\/fi\/wp-json\/wp\/v2\/product_tag?post=35963"}],"curies":[{"name":"wp","href":"https:\/\/api.w.org\/{rel}","templated":true}]}}