{"id":35960,"date":"2026-02-27T00:32:21","date_gmt":"2026-02-27T00:32:21","guid":{"rendered":"https:\/\/nordicmart.andreevmaster.com\/product\/masterkidz-suuhygienia-seinakiinnitettava-aistitaulu-flex-montessori\/"},"modified":"2026-02-27T09:50:35","modified_gmt":"2026-02-27T09:50:35","slug":"masterkidz-suuhygienia-seinakiinnitettava-aistitaulu-flex-montessori","status":"publish","type":"product","link":"https:\/\/nordicmart.andreevmaster.com\/fi\/tuote\/masterkidz-suuhygienia-seinakiinnitettava-aistitaulu-flex-montessori\/","title":{"rendered":"MASTERKIDZ Suuhygienia Sein\u00e4kiinnitett\u00e4v\u00e4 aistitaulu Flex Montessori"},"content":{"rendered":"<p>Suuhygienia-sein\u00e4taulu kehitt\u00e4\u00e4 perusel\u00e4m\u00e4taitoja. Se opettaa lapsille, kuinka harjata ja hoitaa hampaita oikein. T\u00e4m\u00e4 on eritt\u00e4in t\u00e4rke\u00e4 vaihe jokaisen lapsen kehityksess\u00e4. Taulu opettaa paitsi oikeaa harjaustekniikkaa, my\u00f6s auttaa lapsia tunnistamaan makuja, kuten hapan, karvas, makea ja suolainen. <\/p>\n<p>Ominaisuudet: <\/p>\n<p>* &#8211; Auttaa lapsia harjoittelemaan hampaiden harjausta ja hammaslangan k\u00e4ytt\u00f6\u00e4.* &#8211; Sis\u00e4lt\u00e4\u00e4 suuren, liikkuvan kielen, johon on merkitty erilaisia makuja: makea, suolainen, hapan ja katkera \u2013 auttaa lapsia oppimaan tunnistamaan makuja. * &#8211; Varustettu hammasharjalla, hammastahnalla ja hammaslangalla. * &#8211; Sis\u00e4lt\u00e4\u00e4 elintarvikkeita, jotka on yhdistett\u00e4v\u00e4 sopivaan makuun kielell\u00e4 tarranauhalla.* &#8211; Taulu sopii erinomaisesti p\u00e4iv\u00e4koteihin tai muihin koulutus- ja lastenhoitopaikkoihin.<br \/>\n* &#8211; Voidaan kiinnitt\u00e4\u00e4 sein\u00e4lle, Masterkidz Flex -j\u00e4rjestelm\u00e4\u00e4n tai STEM-tauluihin<br \/>\n* &#8211; Tarjous sis\u00e4lt\u00e4\u00e4 yhden interaktiivisen suuhygieniataulun.<\/p>\n<p>Taulu kehitt\u00e4\u00e4:<\/p>\n<p>* &#8211; Loogista ajattelua<br \/>\n* &#8211; Motorisia taitoja<br \/>\n* &#8211; Mielikuvitusta<br \/>\n* &#8211; Terveystietoisuutta ja vastuuta omasta terveydest\u00e4.<\/p>\n<p>Taulu yhteensopiva:<\/p>\n<p>* &#8211; FLEX ME09692 ME09777 ME08541 kiinnityskehyksiin<br \/>\n* &#8211; FLEX ME06479 ME06486 kiinnityslevyihin<\/p>\n<p>&#8211; FLEX-kiinnityskehyksiin ME09692 ME09777 ME08541<\/p>\n<p>&#8211; FLEX-kiinnityslevyihin ME06479 ME06486<\/p>\n","protected":false},"excerpt":{"rendered":"<p>Suuhygienia-sein\u00e4taulu kehitt\u00e4\u00e4 perusel\u00e4m\u00e4taitoja. Se opettaa lapsille, kuinka harjata ja hoitaa hampaita oikein. T\u00e4m\u00e4 on eritt\u00e4in t\u00e4rke\u00e4 vaihe jokaisen lapsen kehityksess\u00e4. Taulu opettaa paitsi oikeaa harjaustekniikkaa, my\u00f6s auttaa lapsia tunnistamaan makuja, kuten hapan, karvas, makea ja suolainen. Ominaisuudet: * &#8211; Auttaa lapsia harjoittelemaan hampaiden harjausta ja hammaslangan k\u00e4ytt\u00f6\u00e4.* &#8211; Sis\u00e4lt\u00e4\u00e4 suuren, liikkuvan kielen, johon on merkitty [&hellip;]<\/p>\n","protected":false},"featured_media":0,"comment_status":"open","ping_status":"closed","template":"","meta":[],"product_brand":[],"product_cat":[32],"product_tag":[],"class_list":{"0":"post-35960","1":"product","2":"type-product","3":"status-publish","5":"product_cat-uncategorized-fi","7":"first","8":"instock","9":"shipping-taxable","10":"purchasable","11":"product-type-simple"},"_links":{"self":[{"href":"https:\/\/nordicmart.andreevmaster.com\/fi\/wp-json\/wp\/v2\/product\/35960","targetHints":{"allow":["GET"]}}],"collection":[{"href":"https:\/\/nordicmart.andreevmaster.com\/fi\/wp-json\/wp\/v2\/product"}],"about":[{"href":"https:\/\/nordicmart.andreevmaster.com\/fi\/wp-json\/wp\/v2\/types\/product"}],"replies":[{"embeddable":true,"href":"https:\/\/nordicmart.andreevmaster.com\/fi\/wp-json\/wp\/v2\/comments?post=35960"}],"wp:attachment":[{"href":"https:\/\/nordicmart.andreevmaster.com\/fi\/wp-json\/wp\/v2\/media?parent=35960"}],"wp:term":[{"taxonomy":"product_brand","embeddable":true,"href":"https:\/\/nordicmart.andreevmaster.com\/fi\/wp-json\/wp\/v2\/product_brand?post=35960"},{"taxonomy":"product_cat","embeddable":true,"href":"https:\/\/nordicmart.andreevmaster.com\/fi\/wp-json\/wp\/v2\/product_cat?post=35960"},{"taxonomy":"product_tag","embeddable":true,"href":"https:\/\/nordicmart.andreevmaster.com\/fi\/wp-json\/wp\/v2\/product_tag?post=35960"}],"curies":[{"name":"wp","href":"https:\/\/api.w.org\/{rel}","templated":true}]}}