{"id":35959,"date":"2026-02-27T00:32:21","date_gmt":"2026-02-27T00:32:21","guid":{"rendered":"https:\/\/nordicmart.andreevmaster.com\/product\/masterkidz-puinen-keittion-hyllykko-keittion-kaappi-mikroaaltouuni\/"},"modified":"2026-02-27T09:50:34","modified_gmt":"2026-02-27T09:50:34","slug":"masterkidz-puinen-keittion-hyllykko-keittion-kaappi-mikroaaltouuni","status":"publish","type":"product","link":"https:\/\/nordicmart.andreevmaster.com\/fi\/tuote\/masterkidz-puinen-keittion-hyllykko-keittion-kaappi-mikroaaltouuni\/","title":{"rendered":"MASTERKIDZ Puinen keitti\u00f6n hyllykk\u00f6 Keitti\u00f6n kaappi + mikroaaltouuni"},"content":{"rendered":"<p>T\u00e4m\u00e4 suuri puinen keitti\u00f6kaappi tunnetulta Masterkidz-br\u00e4ndilt\u00e4 on tae laadusta ja turvallisuudesta. T\u00e4m\u00e4 yhdistelm\u00e4 tekee keitti\u00f6st\u00e4 ihanteellisen valinnan p\u00e4iv\u00e4kodeille tai leikkihuoneisiin.  Huomio sek\u00e4 ty\u00f6n laatuun ett\u00e4 esteettisyyteen sek\u00e4 l\u00e4hes rajattomat mahdollisuudet laajentaa sarjaa ovat t\u00e4m\u00e4n tuotteen ainutlaatuisia etuja.Ominaisuudet:<\/p>\n<p>* \u2714\ufe0f Valmistettu korkealaatuisesta puusta, mik\u00e4 takaa kest\u00e4vyyden ja turvallisuuden.<br \/>\n* \u2714\ufe0f Varustettu avattavalla keitti\u00f6n kaapilla ja mikroaaltouunin j\u00e4ljitelm\u00e4ll\u00e4, jossa on realistinen ohjauspaneeli ja nuppi<br \/>\n* \u2714\ufe0f Maalattu myrkytt\u00f6mill\u00e4, lapsille turvallisilla maaleilla.<br \/>\n* \u2714\ufe0f Esteettinen muotoilu, joka her\u00e4tt\u00e4\u00e4 pienimpien k\u00e4ytt\u00e4jien huomion.* \u2714\ufe0f Sarjaa voi laajentaa lis\u00e4keitti\u00f6tarvikkeilla. * \u2714\ufe0f Ihanteellinen tilan j\u00e4rjest\u00e4misen ja roolileikkien oppimiseen. Lelu kehitt\u00e4\u00e4: * \u2b50 Mielikuvitusta * \u2b50 Luovuutta * \u2b50 Sosiaalisia taitoja * \u2b50 K\u00e4sien motoriikkaa * \u2b50 Tilan j\u00e4rjest\u00e4mist\u00e4<\/p>\n","protected":false},"excerpt":{"rendered":"<p>T\u00e4m\u00e4 suuri puinen keitti\u00f6kaappi tunnetulta Masterkidz-br\u00e4ndilt\u00e4 on tae laadusta ja turvallisuudesta. T\u00e4m\u00e4 yhdistelm\u00e4 tekee keitti\u00f6st\u00e4 ihanteellisen valinnan p\u00e4iv\u00e4kodeille tai leikkihuoneisiin. Huomio sek\u00e4 ty\u00f6n laatuun ett\u00e4 esteettisyyteen sek\u00e4 l\u00e4hes rajattomat mahdollisuudet laajentaa sarjaa ovat t\u00e4m\u00e4n tuotteen ainutlaatuisia etuja.Ominaisuudet: * \u2714\ufe0f Valmistettu korkealaatuisesta puusta, mik\u00e4 takaa kest\u00e4vyyden ja turvallisuuden. * \u2714\ufe0f Varustettu avattavalla keitti\u00f6n kaapilla ja mikroaaltouunin [&hellip;]<\/p>\n","protected":false},"featured_media":0,"comment_status":"open","ping_status":"closed","template":"","meta":[],"product_brand":[],"product_cat":[32],"product_tag":[],"class_list":{"0":"post-35959","1":"product","2":"type-product","3":"status-publish","5":"product_cat-uncategorized-fi","7":"first","8":"instock","9":"shipping-taxable","10":"purchasable","11":"product-type-simple"},"_links":{"self":[{"href":"https:\/\/nordicmart.andreevmaster.com\/fi\/wp-json\/wp\/v2\/product\/35959","targetHints":{"allow":["GET"]}}],"collection":[{"href":"https:\/\/nordicmart.andreevmaster.com\/fi\/wp-json\/wp\/v2\/product"}],"about":[{"href":"https:\/\/nordicmart.andreevmaster.com\/fi\/wp-json\/wp\/v2\/types\/product"}],"replies":[{"embeddable":true,"href":"https:\/\/nordicmart.andreevmaster.com\/fi\/wp-json\/wp\/v2\/comments?post=35959"}],"wp:attachment":[{"href":"https:\/\/nordicmart.andreevmaster.com\/fi\/wp-json\/wp\/v2\/media?parent=35959"}],"wp:term":[{"taxonomy":"product_brand","embeddable":true,"href":"https:\/\/nordicmart.andreevmaster.com\/fi\/wp-json\/wp\/v2\/product_brand?post=35959"},{"taxonomy":"product_cat","embeddable":true,"href":"https:\/\/nordicmart.andreevmaster.com\/fi\/wp-json\/wp\/v2\/product_cat?post=35959"},{"taxonomy":"product_tag","embeddable":true,"href":"https:\/\/nordicmart.andreevmaster.com\/fi\/wp-json\/wp\/v2\/product_tag?post=35959"}],"curies":[{"name":"wp","href":"https:\/\/api.w.org\/{rel}","templated":true}]}}