{"id":35958,"date":"2026-02-27T00:32:21","date_gmt":"2026-02-27T00:32:21","guid":{"rendered":"https:\/\/nordicmart.andreevmaster.com\/product\/masterkidz-yla-ja-alakiinnityspalkit-1-flex-opetustaululle\/"},"modified":"2026-02-27T09:50:34","modified_gmt":"2026-02-27T09:50:34","slug":"masterkidz-yla-ja-alakiinnityspalkit-1-flex-opetustaululle","status":"publish","type":"product","link":"https:\/\/nordicmart.andreevmaster.com\/fi\/tuote\/masterkidz-yla-ja-alakiinnityspalkit-1-flex-opetustaululle\/","title":{"rendered":"MASTERKIDZ Yl\u00e4- ja alakiinnityspalkit 1 Flex-opetustaululle"},"content":{"rendered":"<p>Masterkidz-kiinnityspalkit ovat k\u00e4yt\u00e4nn\u00f6llinen ja vankka ratkaisu opetustaulujen k\u00e4tev\u00e4\u00e4n ja turvalliseen kiinnitt\u00e4miseen sein\u00e4lle. Ne tekev\u00e4t manipulaatiotaulujen asennuksesta nopeaa, turvallista ja vakaata. Ne on valmistettu korkealaatuisesta puusta, mik\u00e4 takaa vakauden ja kest\u00e4vyyden, ja niiden universaali muotoilu sopii t\u00e4ydellisesti mihin tahansa opetustilaan. Niiden avulla aktiviteettitaulut voidaan kiinnitt\u00e4\u00e4 esteettisesti ja siististi, mik\u00e4 lis\u00e4\u00e4 lasten k\u00e4ytt\u00f6mukavuutta. Tarjous koskee yhden taulun ala- ja yl\u00e4kiinnityspalkkeja. On suositeltavaa ostaa sivukiinnityspalkit (ME08541).<\/p>\n<p>Ominaisuudet:<\/p>\n<p>* &#8211; Suunniteltu opetuslevyjen kiinnitt\u00e4miseen sein\u00e4lle<br \/>\n* &#8211; Palkkien ansiosta levyjen vaihtaminen on nopeaa ja k\u00e4tev\u00e4\u00e4<br \/>\n* &#8211; Valmistettu korkealaatuisesta puusta<br \/>\n* &#8211; Sile\u00e4 pinta ja py\u00f6ristetyt reunat lasten turvallisuuden takaamiseksi<\/p>\n","protected":false},"excerpt":{"rendered":"<p>Masterkidz-kiinnityspalkit ovat k\u00e4yt\u00e4nn\u00f6llinen ja vankka ratkaisu opetustaulujen k\u00e4tev\u00e4\u00e4n ja turvalliseen kiinnitt\u00e4miseen sein\u00e4lle. Ne tekev\u00e4t manipulaatiotaulujen asennuksesta nopeaa, turvallista ja vakaata. Ne on valmistettu korkealaatuisesta puusta, mik\u00e4 takaa vakauden ja kest\u00e4vyyden, ja niiden universaali muotoilu sopii t\u00e4ydellisesti mihin tahansa opetustilaan. Niiden avulla aktiviteettitaulut voidaan kiinnitt\u00e4\u00e4 esteettisesti ja siististi, mik\u00e4 lis\u00e4\u00e4 lasten k\u00e4ytt\u00f6mukavuutta. Tarjous koskee yhden taulun [&hellip;]<\/p>\n","protected":false},"featured_media":0,"comment_status":"open","ping_status":"closed","template":"","meta":[],"product_brand":[],"product_cat":[32],"product_tag":[],"class_list":{"0":"post-35958","1":"product","2":"type-product","3":"status-publish","5":"product_cat-uncategorized-fi","7":"first","8":"instock","9":"shipping-taxable","10":"purchasable","11":"product-type-simple"},"_links":{"self":[{"href":"https:\/\/nordicmart.andreevmaster.com\/fi\/wp-json\/wp\/v2\/product\/35958","targetHints":{"allow":["GET"]}}],"collection":[{"href":"https:\/\/nordicmart.andreevmaster.com\/fi\/wp-json\/wp\/v2\/product"}],"about":[{"href":"https:\/\/nordicmart.andreevmaster.com\/fi\/wp-json\/wp\/v2\/types\/product"}],"replies":[{"embeddable":true,"href":"https:\/\/nordicmart.andreevmaster.com\/fi\/wp-json\/wp\/v2\/comments?post=35958"}],"wp:attachment":[{"href":"https:\/\/nordicmart.andreevmaster.com\/fi\/wp-json\/wp\/v2\/media?parent=35958"}],"wp:term":[{"taxonomy":"product_brand","embeddable":true,"href":"https:\/\/nordicmart.andreevmaster.com\/fi\/wp-json\/wp\/v2\/product_brand?post=35958"},{"taxonomy":"product_cat","embeddable":true,"href":"https:\/\/nordicmart.andreevmaster.com\/fi\/wp-json\/wp\/v2\/product_cat?post=35958"},{"taxonomy":"product_tag","embeddable":true,"href":"https:\/\/nordicmart.andreevmaster.com\/fi\/wp-json\/wp\/v2\/product_tag?post=35958"}],"curies":[{"name":"wp","href":"https:\/\/api.w.org\/{rel}","templated":true}]}}