{"id":35957,"date":"2026-02-27T00:32:20","date_gmt":"2026-02-27T00:32:20","guid":{"rendered":"https:\/\/nordicmart.andreevmaster.com\/product\/masterkidz-flex-frame-bottom-and-top-edge-2-boards-2\/"},"modified":"2026-02-27T09:50:34","modified_gmt":"2026-02-27T09:50:34","slug":"masterkidz-flex-frame-bottom-and-top-edge-2-boards-2","status":"publish","type":"product","link":"https:\/\/nordicmart.andreevmaster.com\/fi\/tuote\/masterkidz-flex-frame-bottom-and-top-edge-2-boards-2\/","title":{"rendered":"MASTERKIDZ Flex Frame Bottom and Top Edge 2 Boards"},"content":{"rendered":"<p>Yl\u00e4- ja alareunan kehykset, kumpikin 2 Masterkidz Flex -opetustaulun levy\u00e4 leve\u00e4, ovat loistava ratkaisu, jonka avulla voit helposti ja nopeasti vaihtaa jopa 2 opetustaulua samanaikaisesti. Vanhojen levyjen poistaminen ja uusien asettaminen paikalleen vie alle minuutin eik\u00e4 vaadi ty\u00f6kaluja. Se on niin helppoa!<\/p>\n<p>Levyjen vaihtaminen oli aiemmin pitk\u00e4 ja ty\u00f6l\u00e4s prosessi, joka aiheutti sotkua ja vahingoitti seini\u00e4. Unohda se! Nyt voit vaihtaa nopeasti ja k\u00e4tev\u00e4sti jopa kaksi levy\u00e4 samanaikaisesti ilman turhaa poraamista, jotta lapsesi voi aina oppia leikin kautta upeiden Masterkidz Flex -oppimistaulujen avulla. Kierr\u00e4 vain yl\u00e4palkin ruuvi auki, ved\u00e4 vanhat levyt ulos, aseta uudet levyt paikoilleen, kierr\u00e4 ruuvi takaisin kiinni, ja valmista! Se on niin yksinkertaista ja ennen kaikkea siisti\u00e4 ja turvallista.Masterkidz Flex -kehykset on valmistettu puusta. Valitsemalla Masterkidz-puutuotteet huolehdit ymp\u00e4rist\u00f6st\u00e4 ja v\u00e4henn\u00e4t muovij\u00e4tett\u00e4. Tarjous sis\u00e4lt\u00e4\u00e4 yl\u00e4- ja alareunan kahden Masterkidz Flex -oppimistaulun kiinnitt\u00e4mist\u00e4 varten.<\/p>\n","protected":false},"excerpt":{"rendered":"<p>Yl\u00e4- ja alareunan kehykset, kumpikin 2 Masterkidz Flex -opetustaulun levy\u00e4 leve\u00e4, ovat loistava ratkaisu, jonka avulla voit helposti ja nopeasti vaihtaa jopa 2 opetustaulua samanaikaisesti. Vanhojen levyjen poistaminen ja uusien asettaminen paikalleen vie alle minuutin eik\u00e4 vaadi ty\u00f6kaluja. Se on niin helppoa! Levyjen vaihtaminen oli aiemmin pitk\u00e4 ja ty\u00f6l\u00e4s prosessi, joka aiheutti sotkua ja vahingoitti [&hellip;]<\/p>\n","protected":false},"featured_media":0,"comment_status":"open","ping_status":"closed","template":"","meta":[],"product_brand":[],"product_cat":[32],"product_tag":[],"class_list":{"0":"post-35957","1":"product","2":"type-product","3":"status-publish","5":"product_cat-uncategorized-fi","7":"first","8":"instock","9":"shipping-taxable","10":"purchasable","11":"product-type-simple"},"_links":{"self":[{"href":"https:\/\/nordicmart.andreevmaster.com\/fi\/wp-json\/wp\/v2\/product\/35957","targetHints":{"allow":["GET"]}}],"collection":[{"href":"https:\/\/nordicmart.andreevmaster.com\/fi\/wp-json\/wp\/v2\/product"}],"about":[{"href":"https:\/\/nordicmart.andreevmaster.com\/fi\/wp-json\/wp\/v2\/types\/product"}],"replies":[{"embeddable":true,"href":"https:\/\/nordicmart.andreevmaster.com\/fi\/wp-json\/wp\/v2\/comments?post=35957"}],"wp:attachment":[{"href":"https:\/\/nordicmart.andreevmaster.com\/fi\/wp-json\/wp\/v2\/media?parent=35957"}],"wp:term":[{"taxonomy":"product_brand","embeddable":true,"href":"https:\/\/nordicmart.andreevmaster.com\/fi\/wp-json\/wp\/v2\/product_brand?post=35957"},{"taxonomy":"product_cat","embeddable":true,"href":"https:\/\/nordicmart.andreevmaster.com\/fi\/wp-json\/wp\/v2\/product_cat?post=35957"},{"taxonomy":"product_tag","embeddable":true,"href":"https:\/\/nordicmart.andreevmaster.com\/fi\/wp-json\/wp\/v2\/product_tag?post=35957"}],"curies":[{"name":"wp","href":"https:\/\/api.w.org\/{rel}","templated":true}]}}