{"id":35956,"date":"2026-02-27T00:32:20","date_gmt":"2026-02-27T00:32:20","guid":{"rendered":"https:\/\/nordicmart.andreevmaster.com\/product\/masterkidz-magneettisen-vetovoiman-oppiminen-flex-montessori-seinaopetuslauta\/"},"modified":"2026-02-27T09:50:34","modified_gmt":"2026-02-27T09:50:34","slug":"masterkidz-magneettisen-vetovoiman-oppiminen-flex-montessori-seinaopetuslauta","status":"publish","type":"product","link":"https:\/\/nordicmart.andreevmaster.com\/fi\/tuote\/masterkidz-magneettisen-vetovoiman-oppiminen-flex-montessori-seinaopetuslauta\/","title":{"rendered":"MASTERKIDZ Magneettisen vetovoiman oppiminen \u2013 Flex Montessori -sein\u00e4opetuslauta"},"content":{"rendered":"<p>Magneetit ovat kiehtovia esineit\u00e4, jotka her\u00e4tt\u00e4v\u00e4t jokaisen pikkulapsen huomion. T\u00e4m\u00e4n upean opetuslelun avulla lapsesi oppii, miten magneetit toimivat, mit\u00e4 ne voivat ja eiv\u00e4t voi vet\u00e4\u00e4 puoleensa ja mit\u00e4 napaisuus ja hylkiminen tarkoittavat. <\/p>\n<p>Masterkidz-opetuslevyn mukana toimitetaan eri materiaaleista valmistettuja astioita ja magneetteja, joiden avulla voidaan testata, mitk\u00e4 materiaalit vet\u00e4v\u00e4t magneettia puoleensa ja mitk\u00e4 eiv\u00e4t. Kokeilemalla lapsi oppii, mit\u00e4 magneetit vet\u00e4v\u00e4t puoleensa.<\/p>\n<p>Toinen upea elementti on napa, jonka yl\u00e4- ja alaosassa on magneetteja, jotka pit\u00e4v\u00e4t keskell\u00e4 olevan magneetin leijailemassa. Se n\u00e4ytt\u00e4\u00e4 silt\u00e4 kuin se leijailisi jonkinlaisen taikuuden ansiosta. Kyseess\u00e4 on kuitenkin puhdasta fysiikkaa.<\/p>\n<p>Taulussa on my\u00f6s putki, joka on t\u00e4ytetty rautafilill\u00e4. Filit seuraavat magneettia kauniisti, mik\u00e4 on eritt\u00e4in miellytt\u00e4v\u00e4\u00e4 silm\u00e4lle. Lapset voivat pit\u00e4\u00e4 hauskaa katsomalla, kuinka filit j\u00e4rjest\u00e4ytyv\u00e4t kauniisti. <\/p>\n<p>Masterkidz-lelut ovat korkealaatuisia, kest\u00e4vi\u00e4 ja turvallisia puisia opetusleluja. Ne on suunniteltu ja mukautettu lapsen kehityksen eri vaiheisiin. Luova, seikkailullinen ja opettavainen leikki ovat t\u00e4m\u00e4n tuotemerkin lelujen t\u00e4rkeimm\u00e4t edut. Korvaamaton tuki Montessori-menetelm\u00e4lle. Paras valinta kotiin, p\u00e4iv\u00e4kotiin, hotelliin tai ravintolaan. Luo t\u00e4ydellinen leikkinurkkaus tai suurikokoinen opettavainen sein\u00e4. Tarjontaan kuuluu sein\u00e4lle kiinnitett\u00e4vi\u00e4 ja siirrett\u00e4vi\u00e4 tauluja, valaistuja p\u00f6yti\u00e4 ja paneeleja maaleilla leikkimiseen. Teemoitettuja opettavaisia moduuleja ja paljon muuta. Uskomaton m\u00e4\u00e4r\u00e4 lis\u00e4varusteita ja loputtomat mahdollisuudet luovaan leikkiin.<\/p>\n","protected":false},"excerpt":{"rendered":"<p>Magneetit ovat kiehtovia esineit\u00e4, jotka her\u00e4tt\u00e4v\u00e4t jokaisen pikkulapsen huomion. T\u00e4m\u00e4n upean opetuslelun avulla lapsesi oppii, miten magneetit toimivat, mit\u00e4 ne voivat ja eiv\u00e4t voi vet\u00e4\u00e4 puoleensa ja mit\u00e4 napaisuus ja hylkiminen tarkoittavat. Masterkidz-opetuslevyn mukana toimitetaan eri materiaaleista valmistettuja astioita ja magneetteja, joiden avulla voidaan testata, mitk\u00e4 materiaalit vet\u00e4v\u00e4t magneettia puoleensa ja mitk\u00e4 eiv\u00e4t. Kokeilemalla lapsi [&hellip;]<\/p>\n","protected":false},"featured_media":0,"comment_status":"open","ping_status":"closed","template":"","meta":[],"product_brand":[],"product_cat":[32],"product_tag":[],"class_list":{"0":"post-35956","1":"product","2":"type-product","3":"status-publish","5":"product_cat-uncategorized-fi","7":"first","8":"instock","9":"shipping-taxable","10":"purchasable","11":"product-type-simple"},"_links":{"self":[{"href":"https:\/\/nordicmart.andreevmaster.com\/fi\/wp-json\/wp\/v2\/product\/35956","targetHints":{"allow":["GET"]}}],"collection":[{"href":"https:\/\/nordicmart.andreevmaster.com\/fi\/wp-json\/wp\/v2\/product"}],"about":[{"href":"https:\/\/nordicmart.andreevmaster.com\/fi\/wp-json\/wp\/v2\/types\/product"}],"replies":[{"embeddable":true,"href":"https:\/\/nordicmart.andreevmaster.com\/fi\/wp-json\/wp\/v2\/comments?post=35956"}],"wp:attachment":[{"href":"https:\/\/nordicmart.andreevmaster.com\/fi\/wp-json\/wp\/v2\/media?parent=35956"}],"wp:term":[{"taxonomy":"product_brand","embeddable":true,"href":"https:\/\/nordicmart.andreevmaster.com\/fi\/wp-json\/wp\/v2\/product_brand?post=35956"},{"taxonomy":"product_cat","embeddable":true,"href":"https:\/\/nordicmart.andreevmaster.com\/fi\/wp-json\/wp\/v2\/product_cat?post=35956"},{"taxonomy":"product_tag","embeddable":true,"href":"https:\/\/nordicmart.andreevmaster.com\/fi\/wp-json\/wp\/v2\/product_tag?post=35956"}],"curies":[{"name":"wp","href":"https:\/\/api.w.org\/{rel}","templated":true}]}}