{"id":35955,"date":"2026-02-27T00:32:20","date_gmt":"2026-02-27T00:32:20","guid":{"rendered":"https:\/\/nordicmart.andreevmaster.com\/product\/masterkidz-ajan-oppiminen-tuntien-lukeminen-koulutuslevy\/"},"modified":"2026-02-27T09:50:34","modified_gmt":"2026-02-27T09:50:34","slug":"masterkidz-ajan-oppiminen-tuntien-lukeminen-koulutuslevy","status":"publish","type":"product","link":"https:\/\/nordicmart.andreevmaster.com\/fi\/tuote\/masterkidz-ajan-oppiminen-tuntien-lukeminen-koulutuslevy\/","title":{"rendered":"MASTERKIDZ Ajan oppiminen Tuntien lukeminen &#8211; Koulutuslevy"},"content":{"rendered":"<p>Fantastinen koulutuslevy Masterkidzilt\u00e4, joka voidaan kiinnitt\u00e4\u00e4 suoraan sein\u00e4lle tai Masterkidz Flex -j\u00e4rjestelm\u00e4\u00e4n &#8211; sek\u00e4 sein\u00e4lle kiinnitett\u00e4v\u00e4n\u00e4 ett\u00e4 vapaasti seisovana.Lelu auttaa oppimaan kellonajan lukemisen perinteisist\u00e4 kelloista. Taulussa on kellotaulu, jonka viisareita lapsi voi k\u00e4\u00e4nt\u00e4\u00e4 vapaasti. Opettaja voi sanella kellonajan, ja lapsen teht\u00e4v\u00e4n\u00e4 on asettaa viisarit niin, ett\u00e4 kello n\u00e4ytt\u00e4\u00e4 sanellun ajan. Lapsi voi my\u00f6s leikki\u00e4 itsen\u00e4isesti, sill\u00e4 sarjaan kuuluu muistikirja, jossa on erilaisia kellonaikoja. Lapsi k\u00e4\u00e4nt\u00e4\u00e4 sivuja ja asettaa niiss\u00e4 olevat kellonajat.<\/p>\n<p>Taulussa kuvataan my\u00f6s ajan yksik\u00f6iden v\u00e4lisi\u00e4 suhteita \u2013 kuinka monta sekuntia on minuutissa, kuinka monta minuuttia on nelj\u00e4nnes tunnissa, kuinka monta minuuttia on tunnissa, kuinka monta tuntia on p\u00e4iv\u00e4ss\u00e4 jne. T\u00e4m\u00e4n tiedon avulla lapsi voi oppia monia hy\u00f6dyllisi\u00e4 asioita.<\/p>\n<p>Toinen lelun osa on kaksi tiimalasia, joiden avulla lapsi voi ymm\u00e4rt\u00e4\u00e4, kuinka kauan minuutti ja 5 minuuttia kest\u00e4v\u00e4t.<\/p>\n","protected":false},"excerpt":{"rendered":"<p>Fantastinen koulutuslevy Masterkidzilt\u00e4, joka voidaan kiinnitt\u00e4\u00e4 suoraan sein\u00e4lle tai Masterkidz Flex -j\u00e4rjestelm\u00e4\u00e4n &#8211; sek\u00e4 sein\u00e4lle kiinnitett\u00e4v\u00e4n\u00e4 ett\u00e4 vapaasti seisovana.Lelu auttaa oppimaan kellonajan lukemisen perinteisist\u00e4 kelloista. Taulussa on kellotaulu, jonka viisareita lapsi voi k\u00e4\u00e4nt\u00e4\u00e4 vapaasti. Opettaja voi sanella kellonajan, ja lapsen teht\u00e4v\u00e4n\u00e4 on asettaa viisarit niin, ett\u00e4 kello n\u00e4ytt\u00e4\u00e4 sanellun ajan. Lapsi voi my\u00f6s leikki\u00e4 itsen\u00e4isesti, [&hellip;]<\/p>\n","protected":false},"featured_media":0,"comment_status":"open","ping_status":"closed","template":"","meta":[],"product_brand":[],"product_cat":[32],"product_tag":[],"class_list":{"0":"post-35955","1":"product","2":"type-product","3":"status-publish","5":"product_cat-uncategorized-fi","7":"first","8":"instock","9":"shipping-taxable","10":"purchasable","11":"product-type-simple"},"_links":{"self":[{"href":"https:\/\/nordicmart.andreevmaster.com\/fi\/wp-json\/wp\/v2\/product\/35955","targetHints":{"allow":["GET"]}}],"collection":[{"href":"https:\/\/nordicmart.andreevmaster.com\/fi\/wp-json\/wp\/v2\/product"}],"about":[{"href":"https:\/\/nordicmart.andreevmaster.com\/fi\/wp-json\/wp\/v2\/types\/product"}],"replies":[{"embeddable":true,"href":"https:\/\/nordicmart.andreevmaster.com\/fi\/wp-json\/wp\/v2\/comments?post=35955"}],"wp:attachment":[{"href":"https:\/\/nordicmart.andreevmaster.com\/fi\/wp-json\/wp\/v2\/media?parent=35955"}],"wp:term":[{"taxonomy":"product_brand","embeddable":true,"href":"https:\/\/nordicmart.andreevmaster.com\/fi\/wp-json\/wp\/v2\/product_brand?post=35955"},{"taxonomy":"product_cat","embeddable":true,"href":"https:\/\/nordicmart.andreevmaster.com\/fi\/wp-json\/wp\/v2\/product_cat?post=35955"},{"taxonomy":"product_tag","embeddable":true,"href":"https:\/\/nordicmart.andreevmaster.com\/fi\/wp-json\/wp\/v2\/product_tag?post=35955"}],"curies":[{"name":"wp","href":"https:\/\/api.w.org\/{rel}","templated":true}]}}