{"id":35954,"date":"2026-02-27T00:32:20","date_gmt":"2026-02-27T00:32:20","guid":{"rendered":"https:\/\/nordicmart.andreevmaster.com\/product\/masterkidz-lampoherkka-opetuslevy\/"},"modified":"2026-02-27T09:50:33","modified_gmt":"2026-02-27T09:50:33","slug":"masterkidz-lampoherkka-opetuslevy","status":"publish","type":"product","link":"https:\/\/nordicmart.andreevmaster.com\/fi\/tuote\/masterkidz-lampoherkka-opetuslevy\/","title":{"rendered":"MASTERKIDZ L\u00e4mp\u00f6herkk\u00e4 opetuslevy"},"content":{"rendered":"<p>T\u00e4m\u00e4 on ep\u00e4tavallinen lelu, joka ilahduttaa lapsia v\u00e4reill\u00e4\u00e4n. Kun lapset asettavat l\u00e4mpim\u00e4t k\u00e4tens\u00e4 tai sormensa sen p\u00e4\u00e4lle, sen pinnalle ilmestyy v\u00e4rikk\u00e4it\u00e4 j\u00e4lki\u00e4, jotka katoavat muutaman sekunnin kuluttua. Se on mielenkiintoinen tapa oppia l\u00e4mp\u00f6tilasta ja ihmiskehosta. Lapset voivat tarkistaa, ovatko heid\u00e4n k\u00e4tens\u00e4 l\u00e4mpim\u00e4mm\u00e4t vai kylmemm\u00e4t kuin muiden, ja piirt\u00e4\u00e4 viivoja ja kuvioita taululle. Taulu muuttaa v\u00e4ri\u00e4, kun se altistuu l\u00e4mm\u00f6lle, mik\u00e4 stimuloi lasten n\u00e4k\u00f6aistia ja uteliaisuutta. <\/p>\n<p>### Ominaisuudet: <\/p>\n<p>* Interaktiivista hauskaa: Lapset voivat tarkkailla ja verrata taululle ilmestyvi\u00e4 j\u00e4lki\u00e4. He voivat my\u00f6s piirt\u00e4\u00e4 siihen viivoja ja kuvioita.<br \/>\n* Koko: Taulu on kooltaan 46 x 46 cm, ja useat lapset voivat leikki\u00e4 sill\u00e4 samanaikaisesti.<br \/>\n* Koulutus: Taulu auttaa lapsia oppimaan l\u00e4mp\u00f6tilasta ja ihmiskehosta interaktiivisen leikin kautta. He voivat tarkistaa, kenell\u00e4 on l\u00e4mpim\u00e4mm\u00e4t k\u00e4det ja kenell\u00e4 kylmemm\u00e4t.<br \/>\n* Monik\u00e4ytt\u00f6inen: Taulu voidaan kiinnitt\u00e4\u00e4 sein\u00e4lle, Masterkidz Flex -j\u00e4rjestelm\u00e4\u00e4n tai Masterkidz-vapaasti seisovaan kolmijalkaan.<br \/>\n* Ymp\u00e4rist\u00f6yst\u00e4v\u00e4llinen: Taulun runko on valmistettu korkealaatuisesta puusta, joka on ymp\u00e4rist\u00f6yst\u00e4v\u00e4llist\u00e4 eik\u00e4 tuota muovij\u00e4tett\u00e4.<\/p>\n<p>Masterkidz-lelut ovat korkealaatuisia, kest\u00e4vi\u00e4 ja turvallisia puisia opettavaisia leluja. Ne on suunniteltu ja mukautettu lapsen kehityksen eri vaiheisiin. Luova, seikkailullinen ja opettavainen leikki ovat t\u00e4m\u00e4n tuotemerkin lelujen t\u00e4rkeimm\u00e4t edut. Korvaamaton tuki Montessori-menetelm\u00e4lle. Paras valinta kotiin, p\u00e4iv\u00e4kotiin, hotelliin tai ravintolaan. Luo t\u00e4ydellinen leikkinurkkaus tai suurikokoinen opettavainen sein\u00e4. Tarjontaan kuuluu sein\u00e4lle kiinnitett\u00e4vi\u00e4 ja siirrett\u00e4vi\u00e4 tauluja, valaistuja p\u00f6yti\u00e4 ja paneeleja maaleilla leikkimiseen. Teemoitettuja opetusmoduuleja ja paljon muuta. Uskomaton m\u00e4\u00e4r\u00e4 lis\u00e4varusteita ja loputtomat mahdollisuudet luovaan leikkiin.<\/p>\n","protected":false},"excerpt":{"rendered":"<p>T\u00e4m\u00e4 on ep\u00e4tavallinen lelu, joka ilahduttaa lapsia v\u00e4reill\u00e4\u00e4n. Kun lapset asettavat l\u00e4mpim\u00e4t k\u00e4tens\u00e4 tai sormensa sen p\u00e4\u00e4lle, sen pinnalle ilmestyy v\u00e4rikk\u00e4it\u00e4 j\u00e4lki\u00e4, jotka katoavat muutaman sekunnin kuluttua. Se on mielenkiintoinen tapa oppia l\u00e4mp\u00f6tilasta ja ihmiskehosta. Lapset voivat tarkistaa, ovatko heid\u00e4n k\u00e4tens\u00e4 l\u00e4mpim\u00e4mm\u00e4t vai kylmemm\u00e4t kuin muiden, ja piirt\u00e4\u00e4 viivoja ja kuvioita taululle. Taulu muuttaa v\u00e4ri\u00e4, [&hellip;]<\/p>\n","protected":false},"featured_media":0,"comment_status":"open","ping_status":"closed","template":"","meta":[],"product_brand":[],"product_cat":[32],"product_tag":[],"class_list":{"0":"post-35954","1":"product","2":"type-product","3":"status-publish","5":"product_cat-uncategorized-fi","7":"first","8":"instock","9":"shipping-taxable","10":"purchasable","11":"product-type-simple"},"_links":{"self":[{"href":"https:\/\/nordicmart.andreevmaster.com\/fi\/wp-json\/wp\/v2\/product\/35954","targetHints":{"allow":["GET"]}}],"collection":[{"href":"https:\/\/nordicmart.andreevmaster.com\/fi\/wp-json\/wp\/v2\/product"}],"about":[{"href":"https:\/\/nordicmart.andreevmaster.com\/fi\/wp-json\/wp\/v2\/types\/product"}],"replies":[{"embeddable":true,"href":"https:\/\/nordicmart.andreevmaster.com\/fi\/wp-json\/wp\/v2\/comments?post=35954"}],"wp:attachment":[{"href":"https:\/\/nordicmart.andreevmaster.com\/fi\/wp-json\/wp\/v2\/media?parent=35954"}],"wp:term":[{"taxonomy":"product_brand","embeddable":true,"href":"https:\/\/nordicmart.andreevmaster.com\/fi\/wp-json\/wp\/v2\/product_brand?post=35954"},{"taxonomy":"product_cat","embeddable":true,"href":"https:\/\/nordicmart.andreevmaster.com\/fi\/wp-json\/wp\/v2\/product_cat?post=35954"},{"taxonomy":"product_tag","embeddable":true,"href":"https:\/\/nordicmart.andreevmaster.com\/fi\/wp-json\/wp\/v2\/product_tag?post=35954"}],"curies":[{"name":"wp","href":"https:\/\/api.w.org\/{rel}","templated":true}]}}