{"id":35952,"date":"2026-02-27T00:32:19","date_gmt":"2026-02-27T00:32:19","guid":{"rendered":"https:\/\/nordicmart.andreevmaster.com\/product\/masterkidz-puinen-vapaasti-seisova-stem-taulu\/"},"modified":"2026-02-27T09:50:33","modified_gmt":"2026-02-27T09:50:33","slug":"masterkidz-puinen-vapaasti-seisova-stem-taulu","status":"publish","type":"product","link":"https:\/\/nordicmart.andreevmaster.com\/fi\/tuote\/masterkidz-puinen-vapaasti-seisova-stem-taulu\/","title":{"rendered":"MASTERKIDZ Puinen vapaasti seisova STEM-taulu"},"content":{"rendered":"<p>STEM-aktiviteettitaulu on monitoiminen, siirrett\u00e4v\u00e4 aktiviteettisein\u00e4, joka on suunniteltu lasten oppimiseen ja leikkiin. Se koostuu tukevasta puurakenteesta, jossa on rei&#8217;itetyt paneelit, joihin on helppo kiinnitt\u00e4\u00e4 erilaisia opetus- ja manipuloivia elementtej\u00e4. <\/p>\n<p>Tuotteen ominaisuudet: <\/p>\n<p>&#8211; Vapaasti seisova rakenne takaa maksimaalisen joustavuuden \u2013 taulua voi siirt\u00e4\u00e4 ja sijoittaa mihin tahansa &#8211; Tilaa vapaalle kuvioiden, palloratojen, hammaspy\u00f6r\u00e4j\u00e4rjestelmien ja muiden rakenteiden luomiseen &#8211; Kaksipuolinen rakenne mahdollistaa ryhm\u00e4pelin &#8211; Siirrett\u00e4v\u00e4 py\u00f6rill\u00e4 varustettu alusta helpottaa taulun siirt\u00e4mist\u00e4 &#8211; Yhteensopiva kaikkien STEM-taulun lis\u00e4varusteiden kanssa: hammaspy\u00f6r\u00e4t, py\u00f6r\u00e4t, hihnapy\u00f6r\u00e4t, ruuvit, tapit ja paljon muuta<\/p>\n<p>Taulu kehitt\u00e4\u00e4:<\/p>\n<p>&#8211; Sosiaalisia taitoja &#8211; Luovuutta &#8211; Mielikuvitusta &#8211; Hienomotoriikkaa<\/p>\n<p>Lautaan yhteensopivat komponentit (myyd\u00e4\u00e4n erikseen):<\/p>\n<p>&#8211; V\u00e4rikk\u00e4\u00e4t tapit ME12746 ME14450 ME21113 ME21137 ME21120 ME21144 &#8211; V\u00e4rikk\u00e4\u00e4t kristallit ME13989 &#8211; V\u00e4rikk\u00e4\u00e4t narut tapien yhdist\u00e4miseen ME14467 &#8211; V\u00e4rilliset ruuvit ME20963 ME29911 &#8211; Rakennuspalikat ME29027 ME29010 ME29089 &#8211; Geometriset muodot ME14696 ME14702 ME14818 ME14825 ME31181 &#8211; Hammaspy\u00f6r\u00e4t ja ketjut ME13460 ME24343 ME31204 &#8211; Pallo- ja vesirata ME14788 ME14870 ME14665 ME15143 ME25043 &#8211; Putkij\u00e4rjestelm\u00e4n rakennuspaketti pumpulla ME13149 &#8211; Kirjain- ja numerosetti ME30412 ME30429 &#8211; S\u00e4ili\u00f6t ja tarvikkeet ME12845 ME16560 ME14672<\/p>\n","protected":false},"excerpt":{"rendered":"<p>STEM-aktiviteettitaulu on monitoiminen, siirrett\u00e4v\u00e4 aktiviteettisein\u00e4, joka on suunniteltu lasten oppimiseen ja leikkiin. Se koostuu tukevasta puurakenteesta, jossa on rei&#8217;itetyt paneelit, joihin on helppo kiinnitt\u00e4\u00e4 erilaisia opetus- ja manipuloivia elementtej\u00e4. Tuotteen ominaisuudet: &#8211; Vapaasti seisova rakenne takaa maksimaalisen joustavuuden \u2013 taulua voi siirt\u00e4\u00e4 ja sijoittaa mihin tahansa &#8211; Tilaa vapaalle kuvioiden, palloratojen, hammaspy\u00f6r\u00e4j\u00e4rjestelmien ja muiden rakenteiden [&hellip;]<\/p>\n","protected":false},"featured_media":0,"comment_status":"open","ping_status":"closed","template":"","meta":[],"product_brand":[],"product_cat":[32],"product_tag":[],"class_list":{"0":"post-35952","1":"product","2":"type-product","3":"status-publish","5":"product_cat-uncategorized-fi","7":"first","8":"instock","9":"shipping-taxable","10":"purchasable","11":"product-type-simple"},"_links":{"self":[{"href":"https:\/\/nordicmart.andreevmaster.com\/fi\/wp-json\/wp\/v2\/product\/35952","targetHints":{"allow":["GET"]}}],"collection":[{"href":"https:\/\/nordicmart.andreevmaster.com\/fi\/wp-json\/wp\/v2\/product"}],"about":[{"href":"https:\/\/nordicmart.andreevmaster.com\/fi\/wp-json\/wp\/v2\/types\/product"}],"replies":[{"embeddable":true,"href":"https:\/\/nordicmart.andreevmaster.com\/fi\/wp-json\/wp\/v2\/comments?post=35952"}],"wp:attachment":[{"href":"https:\/\/nordicmart.andreevmaster.com\/fi\/wp-json\/wp\/v2\/media?parent=35952"}],"wp:term":[{"taxonomy":"product_brand","embeddable":true,"href":"https:\/\/nordicmart.andreevmaster.com\/fi\/wp-json\/wp\/v2\/product_brand?post=35952"},{"taxonomy":"product_cat","embeddable":true,"href":"https:\/\/nordicmart.andreevmaster.com\/fi\/wp-json\/wp\/v2\/product_cat?post=35952"},{"taxonomy":"product_tag","embeddable":true,"href":"https:\/\/nordicmart.andreevmaster.com\/fi\/wp-json\/wp\/v2\/product_tag?post=35952"}],"curies":[{"name":"wp","href":"https:\/\/api.w.org\/{rel}","templated":true}]}}