{"id":35951,"date":"2026-02-27T00:32:19","date_gmt":"2026-02-27T00:32:19","guid":{"rendered":"https:\/\/nordicmart.andreevmaster.com\/product\/masterkidz-learning-to-count-flex-montessori-sensory-wall-board-2\/"},"modified":"2026-02-27T09:50:33","modified_gmt":"2026-02-27T09:50:33","slug":"masterkidz-learning-to-count-flex-montessori-sensory-wall-board-2","status":"publish","type":"product","link":"https:\/\/nordicmart.andreevmaster.com\/fi\/tuote\/masterkidz-learning-to-count-flex-montessori-sensory-wall-board-2\/","title":{"rendered":"MASTERKIDZ Learning to Count Flex Montessori Sensory Wall Board"},"content":{"rendered":"<p>Laskemisen oppiminen ei ole koskaan ollut n\u00e4in helppoa! Masterkidz-manipulatiivinen taulu auttaa lapsia oppimaan laskemaan kymmeneen ja suorittamaan perusmatemaattisia laskutoimituksia. Taulua k\u00e4ytet\u00e4\u00e4n matematiikan oppimiseen, mutta se kehitt\u00e4\u00e4 my\u00f6s loogista ajattelua ja muokkaa lapsen yleist\u00e4 \u00e4lykkyytt\u00e4.### Ominaisuudet:<\/p>\n<p>* &#8211; Monipuolisuutensa ja erilaisilla tavoilla kiinnitett\u00e4v\u00e4n rakenteensa ansiosta se sopii erinomaisesti p\u00e4iv\u00e4koteihin, ala-asteille ja muihin koulutus- ja lastenhoitopaikkoihin sek\u00e4 kotiin.<br \/>\n* &#8211; Laskemisen oppiminen auttaa lapsia oppimaan numerot helposti ja hauskasti, laskemaan kymmeneen ja suorittamaan perusmatemaattisia laskutoimituksia. Toiminnot on esitetty graafisesti, mik\u00e4 helpottaa oppimista. Taulussa on monia selityksi\u00e4 ja kaavioita, jotka osoittavat, kuinka sormia k\u00e4ytet\u00e4\u00e4n perusmatematiikan oppimiseen.<br \/>\n* &#8211; Taulu voidaan kiinnitt\u00e4\u00e4 kolmella tavalla: sein\u00e4lle, erityiseen Masterkidz Flex -j\u00e4rjestelm\u00e4\u00e4n tai Masterkidz-vapaasti seisovaan kolmijalkaan.* &#8211; Lelu on valmistettu kokonaan puusta, joten se on ymp\u00e4rist\u00f6yst\u00e4v\u00e4llinen. Ostamalla Masterkidz-puulevyt huolehdit planeettamme terveydest\u00e4. Masterkidz-lelut ovat korkealaatuisia, kest\u00e4vi\u00e4 ja turvallisia puisia oppimisleluja. Ne on suunniteltu ja mukautettu lapsen kehityksen eri vaiheisiin. Luova, seikkailullinen ja opettavainen leikki ovat t\u00e4m\u00e4n tuotemerkin lelujen t\u00e4rkeimm\u00e4t edut. Korvaamaton tuki Montessori-menetelm\u00e4lle. Paras valinta kotiisi, p\u00e4iv\u00e4kotiin, hotelliin tai ravintolaan. Luo t\u00e4ydellinen leikkinurkkaus tai suurikokoinen opettavainen sein\u00e4. Tarjontaan kuuluu sein\u00e4lle kiinnitett\u00e4vi\u00e4 ja siirrett\u00e4vi\u00e4 tauluja, valaistuja p\u00f6yti\u00e4 ja paneeleja maaleilla leikkimiseen. Teemoitettuja opettavaisia moduuleja ja paljon muuta. Uskomaton m\u00e4\u00e4r\u00e4 lis\u00e4varusteita ja loputtomat mahdollisuudet luovaan leikkiin.<\/p>\n","protected":false},"excerpt":{"rendered":"<p>Laskemisen oppiminen ei ole koskaan ollut n\u00e4in helppoa! Masterkidz-manipulatiivinen taulu auttaa lapsia oppimaan laskemaan kymmeneen ja suorittamaan perusmatemaattisia laskutoimituksia. Taulua k\u00e4ytet\u00e4\u00e4n matematiikan oppimiseen, mutta se kehitt\u00e4\u00e4 my\u00f6s loogista ajattelua ja muokkaa lapsen yleist\u00e4 \u00e4lykkyytt\u00e4.### Ominaisuudet: * &#8211; Monipuolisuutensa ja erilaisilla tavoilla kiinnitett\u00e4v\u00e4n rakenteensa ansiosta se sopii erinomaisesti p\u00e4iv\u00e4koteihin, ala-asteille ja muihin koulutus- ja lastenhoitopaikkoihin sek\u00e4 [&hellip;]<\/p>\n","protected":false},"featured_media":0,"comment_status":"open","ping_status":"closed","template":"","meta":[],"product_brand":[],"product_cat":[32],"product_tag":[],"class_list":{"0":"post-35951","1":"product","2":"type-product","3":"status-publish","5":"product_cat-uncategorized-fi","7":"first","8":"instock","9":"shipping-taxable","10":"purchasable","11":"product-type-simple"},"_links":{"self":[{"href":"https:\/\/nordicmart.andreevmaster.com\/fi\/wp-json\/wp\/v2\/product\/35951","targetHints":{"allow":["GET"]}}],"collection":[{"href":"https:\/\/nordicmart.andreevmaster.com\/fi\/wp-json\/wp\/v2\/product"}],"about":[{"href":"https:\/\/nordicmart.andreevmaster.com\/fi\/wp-json\/wp\/v2\/types\/product"}],"replies":[{"embeddable":true,"href":"https:\/\/nordicmart.andreevmaster.com\/fi\/wp-json\/wp\/v2\/comments?post=35951"}],"wp:attachment":[{"href":"https:\/\/nordicmart.andreevmaster.com\/fi\/wp-json\/wp\/v2\/media?parent=35951"}],"wp:term":[{"taxonomy":"product_brand","embeddable":true,"href":"https:\/\/nordicmart.andreevmaster.com\/fi\/wp-json\/wp\/v2\/product_brand?post=35951"},{"taxonomy":"product_cat","embeddable":true,"href":"https:\/\/nordicmart.andreevmaster.com\/fi\/wp-json\/wp\/v2\/product_cat?post=35951"},{"taxonomy":"product_tag","embeddable":true,"href":"https:\/\/nordicmart.andreevmaster.com\/fi\/wp-json\/wp\/v2\/product_tag?post=35951"}],"curies":[{"name":"wp","href":"https:\/\/api.w.org\/{rel}","templated":true}]}}