{"id":35950,"date":"2026-02-27T00:32:19","date_gmt":"2026-02-27T00:32:19","guid":{"rendered":"https:\/\/nordicmart.andreevmaster.com\/product\/masterkidz-kaksipuolinen-liitutaulu-ja-magneettinen-kirjoitustaulu\/"},"modified":"2026-02-27T09:50:33","modified_gmt":"2026-02-27T09:50:33","slug":"masterkidz-kaksipuolinen-liitutaulu-ja-magneettinen-kirjoitustaulu","status":"publish","type":"product","link":"https:\/\/nordicmart.andreevmaster.com\/fi\/tuote\/masterkidz-kaksipuolinen-liitutaulu-ja-magneettinen-kirjoitustaulu\/","title":{"rendered":"MASTERKIDZ Kaksipuolinen liitutaulu ja magneettinen kirjoitustaulu"},"content":{"rendered":"<p>Masterkidz kaksipuolinen magneettitaulu on erinomainen ratkaisu oppimisymp\u00e4rist\u00f6ihin, sill\u00e4 se tukee lasten luovuutta, oppimista ja hauskanpitoa. Luonnonpuusta valmistettu vankka rakenne, kahden eri pinnan k\u00e4ytt\u00f6mahdollisuus ja helppo siirrett\u00e4vyys tekev\u00e4t taulusta ihanteellisen sek\u00e4 kotiin ett\u00e4 oppilaitoksiin. Sen yksinkertainen ja toimiva muotoilu antaa lapsille mahdollisuuden piirt\u00e4\u00e4, kirjoittaa ja leikki\u00e4 yhdess\u00e4 vapaasti.Ominaisuudet:<\/p>\n<p>* &#8211; 3-vuotiaille ja sit\u00e4 vanhemmille lapsille<br \/>\n* &#8211; Valmistettu korkealaatuisesta koivuvanerista<br \/>\n* &#8211; Kaksipuolinen \u2013 musta magneettinen liitutaulu ja valkoinen kuivapyyhitt\u00e4v\u00e4 taulu<br \/>\n* &#8211; Sis\u00e4\u00e4nrakennetut lukittavat py\u00f6r\u00e4t helpottavat taulun siirt\u00e4mist\u00e4 ja takaavat k\u00e4ytt\u00f6mukavuuden<br \/>\n* &#8211; Taulun alla on tilaa liidun, tussien ja magneettien s\u00e4ilytt\u00e4miseen<br \/>\n* &#8211; Tila s\u00e4ilytysastioille (myyd\u00e4\u00e4n erikseen)<\/p>\n<p>* &#8211; Luovuus<br \/>\n* &#8211; Mielikuvitus<br \/>\n* &#8211; Looginen ajattelu<br \/>\n* &#8211; K\u00e4sien ja silmien koordinaatio<br \/>\n* &#8211; Taiteelliset kyvyt<\/p>\n","protected":false},"excerpt":{"rendered":"<p>Masterkidz kaksipuolinen magneettitaulu on erinomainen ratkaisu oppimisymp\u00e4rist\u00f6ihin, sill\u00e4 se tukee lasten luovuutta, oppimista ja hauskanpitoa. Luonnonpuusta valmistettu vankka rakenne, kahden eri pinnan k\u00e4ytt\u00f6mahdollisuus ja helppo siirrett\u00e4vyys tekev\u00e4t taulusta ihanteellisen sek\u00e4 kotiin ett\u00e4 oppilaitoksiin. Sen yksinkertainen ja toimiva muotoilu antaa lapsille mahdollisuuden piirt\u00e4\u00e4, kirjoittaa ja leikki\u00e4 yhdess\u00e4 vapaasti.Ominaisuudet: * &#8211; 3-vuotiaille ja sit\u00e4 vanhemmille lapsille * [&hellip;]<\/p>\n","protected":false},"featured_media":0,"comment_status":"open","ping_status":"closed","template":"","meta":[],"product_brand":[],"product_cat":[32],"product_tag":[],"class_list":{"0":"post-35950","1":"product","2":"type-product","3":"status-publish","5":"product_cat-uncategorized-fi","7":"first","8":"instock","9":"shipping-taxable","10":"purchasable","11":"product-type-simple"},"_links":{"self":[{"href":"https:\/\/nordicmart.andreevmaster.com\/fi\/wp-json\/wp\/v2\/product\/35950","targetHints":{"allow":["GET"]}}],"collection":[{"href":"https:\/\/nordicmart.andreevmaster.com\/fi\/wp-json\/wp\/v2\/product"}],"about":[{"href":"https:\/\/nordicmart.andreevmaster.com\/fi\/wp-json\/wp\/v2\/types\/product"}],"replies":[{"embeddable":true,"href":"https:\/\/nordicmart.andreevmaster.com\/fi\/wp-json\/wp\/v2\/comments?post=35950"}],"wp:attachment":[{"href":"https:\/\/nordicmart.andreevmaster.com\/fi\/wp-json\/wp\/v2\/media?parent=35950"}],"wp:term":[{"taxonomy":"product_brand","embeddable":true,"href":"https:\/\/nordicmart.andreevmaster.com\/fi\/wp-json\/wp\/v2\/product_brand?post=35950"},{"taxonomy":"product_cat","embeddable":true,"href":"https:\/\/nordicmart.andreevmaster.com\/fi\/wp-json\/wp\/v2\/product_cat?post=35950"},{"taxonomy":"product_tag","embeddable":true,"href":"https:\/\/nordicmart.andreevmaster.com\/fi\/wp-json\/wp\/v2\/product_tag?post=35950"}],"curies":[{"name":"wp","href":"https:\/\/api.w.org\/{rel}","templated":true}]}}