{"id":35949,"date":"2026-02-27T00:32:18","date_gmt":"2026-02-27T00:32:18","guid":{"rendered":"https:\/\/nordicmart.andreevmaster.com\/product\/masterkidz-lapikuultavat-geometriset-muodot\/"},"modified":"2026-02-27T09:50:32","modified_gmt":"2026-02-27T09:50:32","slug":"masterkidz-lapikuultavat-geometriset-muodot","status":"publish","type":"product","link":"https:\/\/nordicmart.andreevmaster.com\/fi\/tuote\/masterkidz-lapikuultavat-geometriset-muodot\/","title":{"rendered":"MASTERKIDZ L\u00e4pikuultavat geometriset muodot"},"content":{"rendered":"<p>Yksinkertainen ja nerokas idea muotojen ja v\u00e4rien oppimiseen. Sarja suorakulmaisia l\u00e4pikuultavia muotoja helpottaa kuvioiden ja v\u00e4riyhdistelm\u00e4s\u00e4\u00e4nt\u00f6jen oppimista. Tuote antaa lapsille mahdollisuuden tutkia maailmaa eri v\u00e4reiss\u00e4 ja on upea kokeilukentt\u00e4 luoville pienille. Sarja l\u00e4pikuultavia v\u00e4rillisi\u00e4 paloja eri muodoissa, jotka tekev\u00e4t geometristen muotojen opettamisesta helppoa ja yksinkertaista. Palat on valmistettu kest\u00e4v\u00e4st\u00e4 akryylist\u00e4 tarkkoina v\u00e4rein\u00e4, joten lapset voivat oppia my\u00f6s v\u00e4rien sekoittamista, esim. punainen + keltainen = oranssi. T\u00e4ydellinen yhdistelm\u00e4 Masterkidz Education LED-valopaneelisarjan kanssa. Sarja toimitetaan tukevassa puulaatikossa, joka helpottaa s\u00e4ilytt\u00e4mist\u00e4.<\/p>\n<p>Ominaisuudet<\/p>\n<p>&#8211; 3-vuotiaille ja sit\u00e4 vanhemmille lapsille &#8211; opettaa geometrisia muotoja &#8211; opettaa v\u00e4rien sekoittamista &#8211; valmistettu korkealaatuisista materiaaleista<\/p>\n","protected":false},"excerpt":{"rendered":"<p>Yksinkertainen ja nerokas idea muotojen ja v\u00e4rien oppimiseen. Sarja suorakulmaisia l\u00e4pikuultavia muotoja helpottaa kuvioiden ja v\u00e4riyhdistelm\u00e4s\u00e4\u00e4nt\u00f6jen oppimista. Tuote antaa lapsille mahdollisuuden tutkia maailmaa eri v\u00e4reiss\u00e4 ja on upea kokeilukentt\u00e4 luoville pienille. Sarja l\u00e4pikuultavia v\u00e4rillisi\u00e4 paloja eri muodoissa, jotka tekev\u00e4t geometristen muotojen opettamisesta helppoa ja yksinkertaista. Palat on valmistettu kest\u00e4v\u00e4st\u00e4 akryylist\u00e4 tarkkoina v\u00e4rein\u00e4, joten lapset voivat [&hellip;]<\/p>\n","protected":false},"featured_media":0,"comment_status":"open","ping_status":"closed","template":"","meta":[],"product_brand":[],"product_cat":[32],"product_tag":[],"class_list":{"0":"post-35949","1":"product","2":"type-product","3":"status-publish","5":"product_cat-uncategorized-fi","7":"first","8":"instock","9":"shipping-taxable","10":"purchasable","11":"product-type-simple"},"_links":{"self":[{"href":"https:\/\/nordicmart.andreevmaster.com\/fi\/wp-json\/wp\/v2\/product\/35949","targetHints":{"allow":["GET"]}}],"collection":[{"href":"https:\/\/nordicmart.andreevmaster.com\/fi\/wp-json\/wp\/v2\/product"}],"about":[{"href":"https:\/\/nordicmart.andreevmaster.com\/fi\/wp-json\/wp\/v2\/types\/product"}],"replies":[{"embeddable":true,"href":"https:\/\/nordicmart.andreevmaster.com\/fi\/wp-json\/wp\/v2\/comments?post=35949"}],"wp:attachment":[{"href":"https:\/\/nordicmart.andreevmaster.com\/fi\/wp-json\/wp\/v2\/media?parent=35949"}],"wp:term":[{"taxonomy":"product_brand","embeddable":true,"href":"https:\/\/nordicmart.andreevmaster.com\/fi\/wp-json\/wp\/v2\/product_brand?post=35949"},{"taxonomy":"product_cat","embeddable":true,"href":"https:\/\/nordicmart.andreevmaster.com\/fi\/wp-json\/wp\/v2\/product_cat?post=35949"},{"taxonomy":"product_tag","embeddable":true,"href":"https:\/\/nordicmart.andreevmaster.com\/fi\/wp-json\/wp\/v2\/product_tag?post=35949"}],"curies":[{"name":"wp","href":"https:\/\/api.w.org\/{rel}","templated":true}]}}