{"id":35948,"date":"2026-02-27T00:32:18","date_gmt":"2026-02-27T00:32:18","guid":{"rendered":"https:\/\/nordicmart.andreevmaster.com\/product\/masterkidz-lampotilan-oppiminen-seinalle-kiinnitettava-opettavainen-taulu-flex\/"},"modified":"2026-02-27T09:50:32","modified_gmt":"2026-02-27T09:50:32","slug":"masterkidz-lampotilan-oppiminen-seinalle-kiinnitettava-opettavainen-taulu-flex","status":"publish","type":"product","link":"https:\/\/nordicmart.andreevmaster.com\/fi\/tuote\/masterkidz-lampotilan-oppiminen-seinalle-kiinnitettava-opettavainen-taulu-flex\/","title":{"rendered":"MASTERKIDZ L\u00e4mp\u00f6tilan oppiminen Sein\u00e4lle kiinnitett\u00e4v\u00e4 opettavainen taulu Flex"},"content":{"rendered":"<p>L\u00e4mp\u00f6tilan ja kuuman ja kylm\u00e4n eron ymm\u00e4rt\u00e4minen on eritt\u00e4in t\u00e4rke\u00e4\u00e4 lapsille. Pienet lapset eiv\u00e4t usein ymm\u00e4rr\u00e4, ett\u00e4 jokin voi olla niin kylm\u00e4 tai kuuma, ett\u00e4 se voi polttaa heit\u00e4. Siksi sinun on pidett\u00e4v\u00e4 lasta jatkuvasti silm\u00e4ll\u00e4 ja valvottava h\u00e4nt\u00e4, jos h\u00e4n ei viel\u00e4 ymm\u00e4rr\u00e4 n\u00e4it\u00e4 k\u00e4sitteit\u00e4.L\u00e4mp\u00f6tilan oppimiseen tarkoitettu opetuslevy on loistava opetusv\u00e4line, joka auttaa lapsia ymm\u00e4rt\u00e4m\u00e4\u00e4n helposti ja hauskasti, ett\u00e4 jotkut asiat voivat olla kuumia eik\u00e4 niihin pid\u00e4 koskea. Lelussa on kolme eri l\u00e4mp\u00f6tilaa: l\u00e4mmin, neutraali ja kylm\u00e4. Koskettamalla niit\u00e4 lapset kokevat eron itse. Lelu on hauska l\u00e4mp\u00f6herk\u00e4n levyn ansiosta, mutta sill\u00e4 on my\u00f6s paljon opetuksellista arvoa. Musta l\u00e4mp\u00f6herkk\u00e4 taulu on suunniteltu kosketettavaksi kylm\u00e4ll\u00e4 tai l\u00e4mpim\u00e4ll\u00e4 k\u00e4dell\u00e4. Mit\u00e4 l\u00e4mpim\u00e4mpi k\u00e4si on, sit\u00e4 punaisempi ja selke\u00e4mpi j\u00e4lki j\u00e4\u00e4 mustaan pintaan. L\u00e4mp\u00f6tilan oppiminen on eritt\u00e4in t\u00e4rke\u00e4\u00e4 lapsen kehityksess\u00e4, erityisesti lapsille, joilla on SI-h\u00e4iri\u00f6it\u00e4, Aspergerin oireyhtym\u00e4 tai autismi. Ymm\u00e4rt\u00e4minen, ett\u00e4 jokin on kuuma eik\u00e4 sit\u00e4 saa koskettaa, auttaa heit\u00e4 toimimaan itsen\u00e4isesti ihmisten keskuudessa.<\/p>\n<p>Taulu voidaan kiinnitt\u00e4\u00e4 kolmella tavalla:<\/p>\n<p>&#8211; sein\u00e4lle,<\/p>\n<p>&#8211; erityiseen Masterkidz Flex -j\u00e4rjestelm\u00e4\u00e4n,<\/p>\n<p>&#8211; Masterkidz-vapaasti seisovaan kolmijalkaan. <\/p>\n<p>Taulun runko on valmistettu korkealaatuisesta puusta, mik\u00e4 tekee siit\u00e4 kest\u00e4v\u00e4n ja ymp\u00e4rist\u00f6yst\u00e4v\u00e4llisen \u2013 et tuota muovij\u00e4tett\u00e4.<\/p>\n<p>Tarjous sis\u00e4lt\u00e4\u00e4 yhden opetuslevyn: L\u00e4mp\u00f6tilan oppiminen: kuuman ja kylm\u00e4n erottaminen. <\/p>\n<p>Masterkidz-lelut ovat korkealaatuisia, kest\u00e4vi\u00e4 ja turvallisia puisia opetusleluja. Ne on suunniteltu ja mukautettu lapsen kehityksen eri vaiheisiin. Luova, seikkailullinen ja opettavainen leikki \u2013 n\u00e4m\u00e4 ovat t\u00e4m\u00e4n tuotemerkin lelujen t\u00e4rkeimm\u00e4t edut. Korvaamaton tuki Montessori-menetelm\u00e4lle. Paras valinta kotiin, p\u00e4iv\u00e4kotiin, hotelliin tai ravintolaan. Luo t\u00e4ydellinen leikkinurkkaus tai suurikokoinen opetussein\u00e4. Tarjous sis\u00e4lt\u00e4\u00e4 sein\u00e4lle kiinnitett\u00e4v\u00e4t ja siirrett\u00e4v\u00e4t taulut, valaistut p\u00f6yd\u00e4t ja paneelit maaleilla leikkimist\u00e4 varten. Teemalliset opetusmoduulit ja paljon muuta. Uskomaton m\u00e4\u00e4r\u00e4 lis\u00e4varusteita ja loputtomat mahdollisuudet luovaan leikkiin.<\/p>\n","protected":false},"excerpt":{"rendered":"<p>L\u00e4mp\u00f6tilan ja kuuman ja kylm\u00e4n eron ymm\u00e4rt\u00e4minen on eritt\u00e4in t\u00e4rke\u00e4\u00e4 lapsille. Pienet lapset eiv\u00e4t usein ymm\u00e4rr\u00e4, ett\u00e4 jokin voi olla niin kylm\u00e4 tai kuuma, ett\u00e4 se voi polttaa heit\u00e4. Siksi sinun on pidett\u00e4v\u00e4 lasta jatkuvasti silm\u00e4ll\u00e4 ja valvottava h\u00e4nt\u00e4, jos h\u00e4n ei viel\u00e4 ymm\u00e4rr\u00e4 n\u00e4it\u00e4 k\u00e4sitteit\u00e4.L\u00e4mp\u00f6tilan oppimiseen tarkoitettu opetuslevy on loistava opetusv\u00e4line, joka auttaa lapsia [&hellip;]<\/p>\n","protected":false},"featured_media":0,"comment_status":"open","ping_status":"closed","template":"","meta":[],"product_brand":[],"product_cat":[32],"product_tag":[],"class_list":{"0":"post-35948","1":"product","2":"type-product","3":"status-publish","5":"product_cat-uncategorized-fi","7":"first","8":"instock","9":"shipping-taxable","10":"purchasable","11":"product-type-simple"},"_links":{"self":[{"href":"https:\/\/nordicmart.andreevmaster.com\/fi\/wp-json\/wp\/v2\/product\/35948","targetHints":{"allow":["GET"]}}],"collection":[{"href":"https:\/\/nordicmart.andreevmaster.com\/fi\/wp-json\/wp\/v2\/product"}],"about":[{"href":"https:\/\/nordicmart.andreevmaster.com\/fi\/wp-json\/wp\/v2\/types\/product"}],"replies":[{"embeddable":true,"href":"https:\/\/nordicmart.andreevmaster.com\/fi\/wp-json\/wp\/v2\/comments?post=35948"}],"wp:attachment":[{"href":"https:\/\/nordicmart.andreevmaster.com\/fi\/wp-json\/wp\/v2\/media?parent=35948"}],"wp:term":[{"taxonomy":"product_brand","embeddable":true,"href":"https:\/\/nordicmart.andreevmaster.com\/fi\/wp-json\/wp\/v2\/product_brand?post=35948"},{"taxonomy":"product_cat","embeddable":true,"href":"https:\/\/nordicmart.andreevmaster.com\/fi\/wp-json\/wp\/v2\/product_cat?post=35948"},{"taxonomy":"product_tag","embeddable":true,"href":"https:\/\/nordicmart.andreevmaster.com\/fi\/wp-json\/wp\/v2\/product_tag?post=35948"}],"curies":[{"name":"wp","href":"https:\/\/api.w.org\/{rel}","templated":true}]}}