{"id":35947,"date":"2026-02-27T00:32:18","date_gmt":"2026-02-27T00:32:18","guid":{"rendered":"https:\/\/nordicmart.andreevmaster.com\/product\/masterkidz-kehyksen-kiinnityspalkit-sivureunat-2-kpl\/"},"modified":"2026-02-27T09:50:32","modified_gmt":"2026-02-27T09:50:32","slug":"masterkidz-kehyksen-kiinnityspalkit-sivureunat-2-kpl","status":"publish","type":"product","link":"https:\/\/nordicmart.andreevmaster.com\/fi\/tuote\/masterkidz-kehyksen-kiinnityspalkit-sivureunat-2-kpl\/","title":{"rendered":"MASTERKIDZ Kehyksen kiinnityspalkit Sivureunat 2 kpl"},"content":{"rendered":"<p>Sivureunat Masterkidz Flex -sein\u00e4taulujen kehyksen kiinnitt\u00e4miseen ovat loistava ratkaisu, jonka avulla Masterkidz-opetustaulut voidaan vaihtaa helposti ja nopeasti. Vanhan lelun poistaminen ja uuden asettaminen paikalleen vie alle minuutin eik\u00e4 vaadi ty\u00f6kaluja. Kierr\u00e4 vain kehyksen yl\u00e4osassa oleva ruuvi auki, poista lelu ja kierr\u00e4 ruuvi takaisin paikalleen uuden lelun asettamisen j\u00e4lkeen. Ja valmista!<\/p>\n<p>### Ominaisuudet:<\/p>\n<p>* &#8211; Aiemmin uuden levyn asentaminen vaati sein\u00e4n poraamista. Vaihto kesti kauan, aiheutti sotkua ja vahingoitti seini\u00e4, mutta nyt se on ohi! Nyt voit hy\u00f6dynt\u00e4\u00e4 upeaa Masterkidz Flex -sivureunojen kiinnitysj\u00e4rjestelm\u00e4\u00e4, joka on suunniteltu erityisesti opetuslevyille.* &#8211; Masterkidz Flex on sein\u00e4lle asennettava lelujen kiinnitysj\u00e4rjestelm\u00e4, joka mahdollistaa nopean ja helpon vaihdon. Paneelin pituutta voidaan s\u00e4\u00e4t\u00e4\u00e4 tarpeiden mukaan: voit rakentaa kehyksen 1 tai 2 taululle tai jopa mihin tahansa m\u00e4\u00e4r\u00e4\u00e4n tauluja. Valinta on sinun!* &#8211; Kun rakennat kehyst\u00e4, osta haluamasi m\u00e4\u00e4r\u00e4 yksitt\u00e4isi\u00e4 ja kaksinkertaisia kiinnitysyksik\u00f6it\u00e4 sek\u00e4 sarja sivureunoja.* &#8211; Masterkidz Flex -kehykset on valmistettu puusta. Valitsemalla Masterkidz-puutuotteet huolehdit ymp\u00e4rist\u00f6st\u00e4 ja v\u00e4henn\u00e4t muovij\u00e4tett\u00e4. * &#8211; Tarjous sis\u00e4lt\u00e4\u00e4 2 sivupalkkia Masterkidz Flex -opetustaulujen kiinnitt\u00e4miseen. Masterkidz-lelut ovat korkealaatuisia, kest\u00e4vi\u00e4 ja turvallisia puisia opetustuotteita. Ne on suunniteltu ja mukautettu lapsen kehityksen eri vaiheisiin. Luova, seikkailullinen ja opettavainen leikki ovat t\u00e4m\u00e4n tuotemerkin lelujen t\u00e4rkeimm\u00e4t edut. Korvaamaton tuki Montessori-menetelm\u00e4lle. Paras valinta kotiisi, p\u00e4iv\u00e4kotiin, hotelliin tai ravintolaan. Luo t\u00e4ydellinen leikkinurkkaus tai suurikokoinen opettavainen sein\u00e4. Tarjous sis\u00e4lt\u00e4\u00e4 sein\u00e4lle kiinnitett\u00e4v\u00e4t ja siirrett\u00e4v\u00e4t taulut, valaistut p\u00f6yd\u00e4t ja paneelit maaleilla leikkimist\u00e4 varten. Teemalliset opettavaiset moduulit ja paljon muuta. Uskomaton m\u00e4\u00e4r\u00e4 lis\u00e4varusteita ja loputtomat mahdollisuudet luovaan leikkiin.<\/p>\n","protected":false},"excerpt":{"rendered":"<p>Sivureunat Masterkidz Flex -sein\u00e4taulujen kehyksen kiinnitt\u00e4miseen ovat loistava ratkaisu, jonka avulla Masterkidz-opetustaulut voidaan vaihtaa helposti ja nopeasti. Vanhan lelun poistaminen ja uuden asettaminen paikalleen vie alle minuutin eik\u00e4 vaadi ty\u00f6kaluja. Kierr\u00e4 vain kehyksen yl\u00e4osassa oleva ruuvi auki, poista lelu ja kierr\u00e4 ruuvi takaisin paikalleen uuden lelun asettamisen j\u00e4lkeen. Ja valmista! ### Ominaisuudet: * &#8211; Aiemmin [&hellip;]<\/p>\n","protected":false},"featured_media":0,"comment_status":"open","ping_status":"closed","template":"","meta":[],"product_brand":[],"product_cat":[32],"product_tag":[],"class_list":{"0":"post-35947","1":"product","2":"type-product","3":"status-publish","5":"product_cat-uncategorized-fi","7":"first","8":"instock","9":"shipping-taxable","10":"purchasable","11":"product-type-simple"},"_links":{"self":[{"href":"https:\/\/nordicmart.andreevmaster.com\/fi\/wp-json\/wp\/v2\/product\/35947","targetHints":{"allow":["GET"]}}],"collection":[{"href":"https:\/\/nordicmart.andreevmaster.com\/fi\/wp-json\/wp\/v2\/product"}],"about":[{"href":"https:\/\/nordicmart.andreevmaster.com\/fi\/wp-json\/wp\/v2\/types\/product"}],"replies":[{"embeddable":true,"href":"https:\/\/nordicmart.andreevmaster.com\/fi\/wp-json\/wp\/v2\/comments?post=35947"}],"wp:attachment":[{"href":"https:\/\/nordicmart.andreevmaster.com\/fi\/wp-json\/wp\/v2\/media?parent=35947"}],"wp:term":[{"taxonomy":"product_brand","embeddable":true,"href":"https:\/\/nordicmart.andreevmaster.com\/fi\/wp-json\/wp\/v2\/product_brand?post=35947"},{"taxonomy":"product_cat","embeddable":true,"href":"https:\/\/nordicmart.andreevmaster.com\/fi\/wp-json\/wp\/v2\/product_cat?post=35947"},{"taxonomy":"product_tag","embeddable":true,"href":"https:\/\/nordicmart.andreevmaster.com\/fi\/wp-json\/wp\/v2\/product_tag?post=35947"}],"curies":[{"name":"wp","href":"https:\/\/api.w.org\/{rel}","templated":true}]}}