{"id":35946,"date":"2026-02-27T00:32:18","date_gmt":"2026-02-27T00:32:18","guid":{"rendered":"https:\/\/nordicmart.andreevmaster.com\/product\/masterkidz-lapinakyvat-numerot-ja-kirjaimet-38-kpl-montessori\/"},"modified":"2026-02-27T09:50:32","modified_gmt":"2026-02-27T09:50:32","slug":"masterkidz-lapinakyvat-numerot-ja-kirjaimet-38-kpl-montessori","status":"publish","type":"product","link":"https:\/\/nordicmart.andreevmaster.com\/fi\/tuote\/masterkidz-lapinakyvat-numerot-ja-kirjaimet-38-kpl-montessori\/","title":{"rendered":"MASTERKIDZ L\u00e4pin\u00e4kyv\u00e4t numerot ja kirjaimet 38 kpl. Montessori"},"content":{"rendered":"<p>Pirist\u00e4 oppimista t\u00e4ll\u00e4 v\u00e4rikk\u00e4\u00e4ll\u00e4, l\u00e4pin\u00e4kyv\u00e4ll\u00e4 kirjain- ja numerosetill\u00e4! V\u00e4rikk\u00e4\u00e4t palat auttavat lasta tutustumaan aakkosiin, muodostamaan sanoja ja oppimaan matematiikan perusteita luovalla tavalla. Se on erinomainen apuv\u00e4line sek\u00e4 kotileikkeihin ett\u00e4 esikoulun tai koulun opetustoimintaan.  K\u00e4yt\u00e4nn\u00f6llinen puinen laatikko helpottaa kaikkien palojen s\u00e4ilytt\u00e4mist\u00e4, ja kest\u00e4v\u00e4 rakenne takaa turvallisuuden ja pitk\u00e4aikaisen k\u00e4yt\u00f6n.Ominaisuudet:<\/p>\n<p>* &#8211; Sarja sis\u00e4lt\u00e4\u00e4 38 l\u00e4pin\u00e4kyv\u00e4\u00e4, v\u00e4rik\u00e4st\u00e4 kirjainta ja numeroa<br \/>\n* &#8211; Valmistettu kest\u00e4v\u00e4st\u00e4, v\u00e4rikk\u00e4\u00e4st\u00e4 akryylist\u00e4<br \/>\n* &#8211; Mahdollistaa aakkosten oppimisen, laskemisen sek\u00e4 v\u00e4rien tunnistamisen ja sekoittamisen<br \/>\n* &#8211; Ihanteellinen k\u00e4ytett\u00e4v\u00e4ksi Masterkidz LED-valopaneelin (ME13866) kanssa<br \/>\n* &#8211; K\u00e4yt\u00e4nn\u00f6llinen puinen laatikko palojen s\u00e4ilytt\u00e4miseen<br \/>\n* &#8211; Laadukas valmistus takaa kest\u00e4vyyden ja turvallisuuden<\/p>\n<p>Lelu kehitt\u00e4\u00e4:<\/p>\n<p>* &#8211; Kyky\u00e4 tunnistaa kirjaimia ja numeroita<br \/>\n* &#8211; Luovuutta<br \/>\n* &#8211; Mielikuvitusta<br \/>\n* &#8211; K\u00e4sien motorisia taitoja<\/p>\n","protected":false},"excerpt":{"rendered":"<p>Pirist\u00e4 oppimista t\u00e4ll\u00e4 v\u00e4rikk\u00e4\u00e4ll\u00e4, l\u00e4pin\u00e4kyv\u00e4ll\u00e4 kirjain- ja numerosetill\u00e4! V\u00e4rikk\u00e4\u00e4t palat auttavat lasta tutustumaan aakkosiin, muodostamaan sanoja ja oppimaan matematiikan perusteita luovalla tavalla. Se on erinomainen apuv\u00e4line sek\u00e4 kotileikkeihin ett\u00e4 esikoulun tai koulun opetustoimintaan. K\u00e4yt\u00e4nn\u00f6llinen puinen laatikko helpottaa kaikkien palojen s\u00e4ilytt\u00e4mist\u00e4, ja kest\u00e4v\u00e4 rakenne takaa turvallisuuden ja pitk\u00e4aikaisen k\u00e4yt\u00f6n.Ominaisuudet: * &#8211; Sarja sis\u00e4lt\u00e4\u00e4 38 l\u00e4pin\u00e4kyv\u00e4\u00e4, v\u00e4rik\u00e4st\u00e4 [&hellip;]<\/p>\n","protected":false},"featured_media":0,"comment_status":"open","ping_status":"closed","template":"","meta":[],"product_brand":[],"product_cat":[32],"product_tag":[],"class_list":{"0":"post-35946","1":"product","2":"type-product","3":"status-publish","5":"product_cat-uncategorized-fi","7":"first","8":"instock","9":"shipping-taxable","10":"purchasable","11":"product-type-simple"},"_links":{"self":[{"href":"https:\/\/nordicmart.andreevmaster.com\/fi\/wp-json\/wp\/v2\/product\/35946","targetHints":{"allow":["GET"]}}],"collection":[{"href":"https:\/\/nordicmart.andreevmaster.com\/fi\/wp-json\/wp\/v2\/product"}],"about":[{"href":"https:\/\/nordicmart.andreevmaster.com\/fi\/wp-json\/wp\/v2\/types\/product"}],"replies":[{"embeddable":true,"href":"https:\/\/nordicmart.andreevmaster.com\/fi\/wp-json\/wp\/v2\/comments?post=35946"}],"wp:attachment":[{"href":"https:\/\/nordicmart.andreevmaster.com\/fi\/wp-json\/wp\/v2\/media?parent=35946"}],"wp:term":[{"taxonomy":"product_brand","embeddable":true,"href":"https:\/\/nordicmart.andreevmaster.com\/fi\/wp-json\/wp\/v2\/product_brand?post=35946"},{"taxonomy":"product_cat","embeddable":true,"href":"https:\/\/nordicmart.andreevmaster.com\/fi\/wp-json\/wp\/v2\/product_cat?post=35946"},{"taxonomy":"product_tag","embeddable":true,"href":"https:\/\/nordicmart.andreevmaster.com\/fi\/wp-json\/wp\/v2\/product_tag?post=35946"}],"curies":[{"name":"wp","href":"https:\/\/api.w.org\/{rel}","templated":true}]}}