{"id":35945,"date":"2026-02-27T00:32:17","date_gmt":"2026-02-27T00:32:17","guid":{"rendered":"https:\/\/nordicmart.andreevmaster.com\/product\/masterkidz-hiekkakehys-lisavarusteet\/"},"modified":"2026-02-27T09:50:32","modified_gmt":"2026-02-27T09:50:32","slug":"masterkidz-hiekkakehys-lisavarusteet","status":"publish","type":"product","link":"https:\/\/nordicmart.andreevmaster.com\/fi\/tuote\/masterkidz-hiekkakehys-lisavarusteet\/","title":{"rendered":"MASTERKIDZ Hiekkakehys + lis\u00e4varusteet"},"content":{"rendered":"<p>Masterkidz-tuotemerkki t\u00e4ytt\u00e4\u00e4 odotukset lasten kehityksen suhteen. Jokainen oppimista tukeva elementti on hyvin suunniteltu ja kehitt\u00e4\u00e4 nuorten tiettyj\u00e4 taitoja.<\/p>\n<p>Harjoittelemme:<\/p>\n<p>&#8211; hienomotoriikkaa<\/p>\n<p>&#8211; keskittymiskyky\u00e4<\/p>\n<p>&#8211; luovuutta<\/p>\n<p>&#8211; avaruudellista ajattelua<\/p>\n<p>&#8211; taiteellisia kykyj\u00e4<\/p>\n<p>&#8211; muotoja<\/p>\n<p>&#8211; v\u00e4rej\u00e4<\/p>\n<p>Kehyst\u00e4 voi t\u00e4ydent\u00e4\u00e4 kevyell\u00e4 ja k\u00e4tev\u00e4ll\u00e4 LED-valopaneelilla, joka on suunniteltu sopimaan t\u00e4ydellisesti monitoimiseen Masterkidz-py\u00f6r\u00e4lliseen p\u00f6yt\u00e4\u00e4n. Py\u00f6rien ansiosta p\u00f6yt\u00e4 on helppo sijoittaa mihin tahansa. <\/p>\n<p>Lis\u00e4mukavuutta tuo paneelin Micro USB -virtal\u00e4hde. Useimmat tavalliset puhelimen laturit toimivat oikein valopaneelin kanssa, joten virtal\u00e4hteest\u00e4 ei ole koskaan ongelmaa.<\/p>\n<p>Paneelin valoa voidaan ohjata kaukos\u00e4\u00e4timell\u00e4. Jokainen v\u00e4ri, joka muodostaa v\u00e4rin, on s\u00e4\u00e4dett\u00e4viss\u00e4: punainen, vihre\u00e4 ja sininen, tai valita v\u00e4ri ennalta ohjelmoiduista v\u00e4reist\u00e4. Voit valita kolmesta n\u00e4ytt\u00f6tilasta: sateenkaaren v\u00e4rit, ukkostila ja rauhoittavat v\u00e4rit. <\/p>\n<p>Valopaneeli yhdistettyn\u00e4 hiekkamaalauskehykseen on t\u00e4ydellinen tapa pit\u00e4\u00e4 hauskaa. Kehyksen ansiosta hiekka ei levi\u00e4 p\u00f6yd\u00e4n ulkopuolelle. <\/p>\n<p>Masterkidz-lelut ovat korkealaatuisia, kest\u00e4vi\u00e4 ja turvallisia puisia oppimisleluja. Ne on suunniteltu ja mukautettu lapsen kehityksen eri vaiheisiin. Luova, seikkailullinen ja opettavainen leikki ovat t\u00e4m\u00e4n tuotemerkin lelujen t\u00e4rkeimm\u00e4t edut. Korvaamaton tuki Montessori-menetelm\u00e4lle. Paras valinta kotiin, p\u00e4iv\u00e4kotiin, hotelliin tai ravintolaan. Luo t\u00e4ydellinen leikkinurkkaus tai suurikokoinen opettavainen sein\u00e4. Tarjontaan kuuluu sein\u00e4lle kiinnitett\u00e4vi\u00e4 ja siirrett\u00e4vi\u00e4 tauluja, valaistuja p\u00f6yti\u00e4 ja paneeleja maaleilla leikkimiseen. Teemoitettuja opettavaisia moduuleja ja paljon muuta. Uskomaton m\u00e4\u00e4r\u00e4 lis\u00e4varusteita ja loputtomat mahdollisuudet luovaan leikkiin.<\/p>\n","protected":false},"excerpt":{"rendered":"<p>Masterkidz-tuotemerkki t\u00e4ytt\u00e4\u00e4 odotukset lasten kehityksen suhteen. Jokainen oppimista tukeva elementti on hyvin suunniteltu ja kehitt\u00e4\u00e4 nuorten tiettyj\u00e4 taitoja. Harjoittelemme: &#8211; hienomotoriikkaa &#8211; keskittymiskyky\u00e4 &#8211; luovuutta &#8211; avaruudellista ajattelua &#8211; taiteellisia kykyj\u00e4 &#8211; muotoja &#8211; v\u00e4rej\u00e4 Kehyst\u00e4 voi t\u00e4ydent\u00e4\u00e4 kevyell\u00e4 ja k\u00e4tev\u00e4ll\u00e4 LED-valopaneelilla, joka on suunniteltu sopimaan t\u00e4ydellisesti monitoimiseen Masterkidz-py\u00f6r\u00e4lliseen p\u00f6yt\u00e4\u00e4n. Py\u00f6rien ansiosta p\u00f6yt\u00e4 on helppo [&hellip;]<\/p>\n","protected":false},"featured_media":0,"comment_status":"open","ping_status":"closed","template":"","meta":[],"product_brand":[],"product_cat":[32],"product_tag":[],"class_list":{"0":"post-35945","1":"product","2":"type-product","3":"status-publish","5":"product_cat-uncategorized-fi","7":"first","8":"instock","9":"shipping-taxable","10":"purchasable","11":"product-type-simple"},"_links":{"self":[{"href":"https:\/\/nordicmart.andreevmaster.com\/fi\/wp-json\/wp\/v2\/product\/35945","targetHints":{"allow":["GET"]}}],"collection":[{"href":"https:\/\/nordicmart.andreevmaster.com\/fi\/wp-json\/wp\/v2\/product"}],"about":[{"href":"https:\/\/nordicmart.andreevmaster.com\/fi\/wp-json\/wp\/v2\/types\/product"}],"replies":[{"embeddable":true,"href":"https:\/\/nordicmart.andreevmaster.com\/fi\/wp-json\/wp\/v2\/comments?post=35945"}],"wp:attachment":[{"href":"https:\/\/nordicmart.andreevmaster.com\/fi\/wp-json\/wp\/v2\/media?parent=35945"}],"wp:term":[{"taxonomy":"product_brand","embeddable":true,"href":"https:\/\/nordicmart.andreevmaster.com\/fi\/wp-json\/wp\/v2\/product_brand?post=35945"},{"taxonomy":"product_cat","embeddable":true,"href":"https:\/\/nordicmart.andreevmaster.com\/fi\/wp-json\/wp\/v2\/product_cat?post=35945"},{"taxonomy":"product_tag","embeddable":true,"href":"https:\/\/nordicmart.andreevmaster.com\/fi\/wp-json\/wp\/v2\/product_tag?post=35945"}],"curies":[{"name":"wp","href":"https:\/\/api.w.org\/{rel}","templated":true}]}}