{"id":35944,"date":"2026-02-27T00:32:17","date_gmt":"2026-02-27T00:32:17","guid":{"rendered":"https:\/\/nordicmart.andreevmaster.com\/product\/masterkidz-aistien-seinataulu-pinnan-tekstuurin-tunnistaminen\/"},"modified":"2026-02-27T09:50:31","modified_gmt":"2026-02-27T09:50:31","slug":"masterkidz-aistien-seinataulu-pinnan-tekstuurin-tunnistaminen","status":"publish","type":"product","link":"https:\/\/nordicmart.andreevmaster.com\/fi\/tuote\/masterkidz-aistien-seinataulu-pinnan-tekstuurin-tunnistaminen\/","title":{"rendered":"MASTERKIDZ Aistien sein\u00e4taulu Pinnan tekstuurin tunnistaminen"},"content":{"rendered":"<p>Aistitaulut ovat upeita leluja, jotka stimuloivat lasten aisteja. Tekstuurin tunnistamistaulu kehitt\u00e4\u00e4 tuntoaistia, jota voidaan my\u00f6hemmin k\u00e4ytt\u00e4\u00e4 tehokkaammin ymp\u00e4rist\u00f6n tutkimisessa. Peliss\u00e4 etsit\u00e4\u00e4n silm\u00e4t kiinni olevat parit, joiden tekstuurit ovat samanlaiset. Teht\u00e4v\u00e4 ei ole niin helppo kuin milt\u00e4 se saattaa vaikuttaa, ja lapsen on keskitytt\u00e4v\u00e4 kovasti ja k\u00e4ytett\u00e4v\u00e4 aistejaan. <\/p>\n<p>Lelu koostuu 9 parista. Yl\u00e4osassa on pieni\u00e4 laattoja, joita kosketellaan ensin, jotta oppii tuntemaan laatan tekstuurin ja kuvion, ja sitten lapsen on l\u00f6ydett\u00e4v\u00e4 sama laatta 9 ison laatan joukosta.<\/p>\n<p>Lautaa voi koota kolmella tavalla:<\/p>\n<p>* Sein\u00e4lle kiinnitettyn\u00e4<br \/>\n* Kiinnitettyn\u00e4 erityiseen Masterkidz Flex -j\u00e4rjestelm\u00e4\u00e4n<br \/>\n* Kiinnitettyn\u00e4 Masterkidz-vapaasti seisovaan kolmijalkaan<\/p>\n<p>Lelu on valmistettu kokonaan puusta. Valitsemalla Masterkidz-puulaudat huolehdit ymp\u00e4rist\u00f6st\u00e4 v\u00e4hent\u00e4m\u00e4ll\u00e4 muovij\u00e4tett\u00e4.<\/p>\n","protected":false},"excerpt":{"rendered":"<p>Aistitaulut ovat upeita leluja, jotka stimuloivat lasten aisteja. Tekstuurin tunnistamistaulu kehitt\u00e4\u00e4 tuntoaistia, jota voidaan my\u00f6hemmin k\u00e4ytt\u00e4\u00e4 tehokkaammin ymp\u00e4rist\u00f6n tutkimisessa. Peliss\u00e4 etsit\u00e4\u00e4n silm\u00e4t kiinni olevat parit, joiden tekstuurit ovat samanlaiset. Teht\u00e4v\u00e4 ei ole niin helppo kuin milt\u00e4 se saattaa vaikuttaa, ja lapsen on keskitytt\u00e4v\u00e4 kovasti ja k\u00e4ytett\u00e4v\u00e4 aistejaan. Lelu koostuu 9 parista. Yl\u00e4osassa on pieni\u00e4 laattoja, [&hellip;]<\/p>\n","protected":false},"featured_media":0,"comment_status":"open","ping_status":"closed","template":"","meta":[],"product_brand":[],"product_cat":[32],"product_tag":[],"class_list":{"0":"post-35944","1":"product","2":"type-product","3":"status-publish","5":"product_cat-uncategorized-fi","7":"first","8":"instock","9":"shipping-taxable","10":"purchasable","11":"product-type-simple"},"_links":{"self":[{"href":"https:\/\/nordicmart.andreevmaster.com\/fi\/wp-json\/wp\/v2\/product\/35944","targetHints":{"allow":["GET"]}}],"collection":[{"href":"https:\/\/nordicmart.andreevmaster.com\/fi\/wp-json\/wp\/v2\/product"}],"about":[{"href":"https:\/\/nordicmart.andreevmaster.com\/fi\/wp-json\/wp\/v2\/types\/product"}],"replies":[{"embeddable":true,"href":"https:\/\/nordicmart.andreevmaster.com\/fi\/wp-json\/wp\/v2\/comments?post=35944"}],"wp:attachment":[{"href":"https:\/\/nordicmart.andreevmaster.com\/fi\/wp-json\/wp\/v2\/media?parent=35944"}],"wp:term":[{"taxonomy":"product_brand","embeddable":true,"href":"https:\/\/nordicmart.andreevmaster.com\/fi\/wp-json\/wp\/v2\/product_brand?post=35944"},{"taxonomy":"product_cat","embeddable":true,"href":"https:\/\/nordicmart.andreevmaster.com\/fi\/wp-json\/wp\/v2\/product_cat?post=35944"},{"taxonomy":"product_tag","embeddable":true,"href":"https:\/\/nordicmart.andreevmaster.com\/fi\/wp-json\/wp\/v2\/product_tag?post=35944"}],"curies":[{"name":"wp","href":"https:\/\/api.w.org\/{rel}","templated":true}]}}