{"id":35943,"date":"2026-02-27T00:32:17","date_gmt":"2026-02-27T00:32:17","guid":{"rendered":"https:\/\/nordicmart.andreevmaster.com\/product\/masterkidz-tasapainoharjoittelun-puulevyt\/"},"modified":"2026-02-27T09:50:31","modified_gmt":"2026-02-27T09:50:31","slug":"masterkidz-tasapainoharjoittelun-puulevyt","status":"publish","type":"product","link":"https:\/\/nordicmart.andreevmaster.com\/fi\/tuote\/masterkidz-tasapainoharjoittelun-puulevyt\/","title":{"rendered":"MASTERKIDZ Tasapainoharjoittelun puulevyt"},"content":{"rendered":"<p>Upea lelu lapsille, joka auttaa kehitt\u00e4m\u00e4\u00e4n monia taitoja! Tasapainoa harjoittelevien puulevyjen sarja koostuu 10 palkista, joilla lapset voivat k\u00e4vell\u00e4. Ne voidaan j\u00e4rjest\u00e4\u00e4 mihin tahansa polkuun tai yhdistelm\u00e4\u00e4n, joten leikki on aina mielenkiintoista ja ainutlaatuista. Korkeusero on pieni ja levyjen reunat ovat py\u00f6ristetyt, joten leikki on t\u00e4ysin turvallista.Koska sarjaa voi j\u00e4rjest\u00e4\u00e4 monin eri tavoin, lapset voivat kehitt\u00e4\u00e4 luovuuttaan keksim\u00e4ll\u00e4 mielenkiintoisimpia reittej\u00e4, joita k\u00e4vell\u00e4. Yritt\u00e4m\u00e4ll\u00e4 k\u00e4vell\u00e4 m\u00e4\u00e4r\u00e4tty\u00e4 reitti\u00e4 lapset harjoittavat tasapainoaan, mik\u00e4 vaikuttaa suuresti tasapainoelimen kehitykseen. T\u00e4m\u00e4 on eritt\u00e4in t\u00e4rke\u00e4\u00e4 varhaisessa kehitysvaiheessa.<\/p>\n<p>Lapset voivat kehitt\u00e4\u00e4 my\u00f6s tuntoaistiaan, sill\u00e4 laudoissa on erilaisia kuvioita ja muotoja. Paljain jaloin k\u00e4velless\u00e4\u00e4n lapset voivat tuntea ne jaloillaan. He voivat arvata, mink\u00e4 kuvion p\u00e4\u00e4ll\u00e4 he kulloinkin seisovat, mik\u00e4 tekee pelist\u00e4 viel\u00e4kin hauskemman. <\/p>\n<p>Sarja koostuu 10 erilaisesta laudasta ja elementist\u00e4, jotka kiinnitet\u00e4\u00e4n alustalle.<\/p>\n<p>Lelu on valmistettu puusta. Valitsemalla Masterkidz-puulelut huolehdit ymp\u00e4rist\u00f6st\u00e4 ja v\u00e4henn\u00e4t muovij\u00e4tett\u00e4. <\/p>\n<p>Masterkidz-lelut ovat korkealaatuisia, kest\u00e4vi\u00e4 ja turvallisia puuleluja. Ne on suunniteltu ja mukautettu lapsen kehityksen eri vaiheisiin. Luova, seikkailullinen ja opettavainen leikki \u2013 n\u00e4m\u00e4 ovat t\u00e4m\u00e4n tuotemerkin lelujen t\u00e4rkeimm\u00e4t edut. Korvaamaton tuki Montessori-menetelm\u00e4lle. Paras valinta kotiisi, p\u00e4iv\u00e4kotiin, hotelliin tai ravintolaan. Luo t\u00e4ydellinen leikkinurkkaus tai suurikokoinen opettavainen sein\u00e4. Tarjous sis\u00e4lt\u00e4\u00e4 sein\u00e4lle kiinnitett\u00e4v\u00e4t ja siirrett\u00e4v\u00e4t levyt, valaistut p\u00f6yd\u00e4t ja paneelit maaleilla leikkimist\u00e4 varten. Teemalliset opettavaiset moduulit ja paljon muuta. Uskomaton m\u00e4\u00e4r\u00e4 lis\u00e4varusteita ja loputtomat mahdollisuudet luovaan leikkiin.<\/p>\n","protected":false},"excerpt":{"rendered":"<p>Upea lelu lapsille, joka auttaa kehitt\u00e4m\u00e4\u00e4n monia taitoja! Tasapainoa harjoittelevien puulevyjen sarja koostuu 10 palkista, joilla lapset voivat k\u00e4vell\u00e4. Ne voidaan j\u00e4rjest\u00e4\u00e4 mihin tahansa polkuun tai yhdistelm\u00e4\u00e4n, joten leikki on aina mielenkiintoista ja ainutlaatuista. Korkeusero on pieni ja levyjen reunat ovat py\u00f6ristetyt, joten leikki on t\u00e4ysin turvallista.Koska sarjaa voi j\u00e4rjest\u00e4\u00e4 monin eri tavoin, lapset voivat [&hellip;]<\/p>\n","protected":false},"featured_media":0,"comment_status":"open","ping_status":"closed","template":"","meta":[],"product_brand":[],"product_cat":[32],"product_tag":[],"class_list":{"0":"post-35943","1":"product","2":"type-product","3":"status-publish","5":"product_cat-uncategorized-fi","7":"first","8":"instock","9":"shipping-taxable","10":"purchasable","11":"product-type-simple"},"_links":{"self":[{"href":"https:\/\/nordicmart.andreevmaster.com\/fi\/wp-json\/wp\/v2\/product\/35943","targetHints":{"allow":["GET"]}}],"collection":[{"href":"https:\/\/nordicmart.andreevmaster.com\/fi\/wp-json\/wp\/v2\/product"}],"about":[{"href":"https:\/\/nordicmart.andreevmaster.com\/fi\/wp-json\/wp\/v2\/types\/product"}],"replies":[{"embeddable":true,"href":"https:\/\/nordicmart.andreevmaster.com\/fi\/wp-json\/wp\/v2\/comments?post=35943"}],"wp:attachment":[{"href":"https:\/\/nordicmart.andreevmaster.com\/fi\/wp-json\/wp\/v2\/media?parent=35943"}],"wp:term":[{"taxonomy":"product_brand","embeddable":true,"href":"https:\/\/nordicmart.andreevmaster.com\/fi\/wp-json\/wp\/v2\/product_brand?post=35943"},{"taxonomy":"product_cat","embeddable":true,"href":"https:\/\/nordicmart.andreevmaster.com\/fi\/wp-json\/wp\/v2\/product_cat?post=35943"},{"taxonomy":"product_tag","embeddable":true,"href":"https:\/\/nordicmart.andreevmaster.com\/fi\/wp-json\/wp\/v2\/product_tag?post=35943"}],"curies":[{"name":"wp","href":"https:\/\/api.w.org\/{rel}","templated":true}]}}